{"id":17036,"date":"2026-03-29T14:15:29","date_gmt":"2026-03-29T13:15:29","guid":{"rendered":"https:\/\/bigbuy.tupique.com\/produto\/washer-dryer-siemens-ag-wn34a1v0es-1400-rpm-5-kg-9-kg\/"},"modified":"2026-04-15T00:48:44","modified_gmt":"2026-04-14T23:48:44","slug":"washer-dryer-siemens-ag-wn34a1v0es-1400-rpm-5-kg-9-kg","status":"publish","type":"product","link":"https:\/\/bigbuy.tupique.com\/en\/produto\/washer-dryer-siemens-ag-wn34a1v0es-1400-rpm-5-kg-9-kg\/","title":{"rendered":"Laveuse &#8211; S\u00e9cheuse Siemens AG WN34A1V0ES 1400 rpm 5 kg 9 kg"},"content":{"rendered":"<p>Si vous pensez r\u00e9nover votre cuisine, achetez <b>Laveuse &#8211; S\u00e9cheuse Siemens AG WN34A1V0ES 1400 rpm 5 kg 9 kg<\/b> et d\u00b4autres <b>produits Siemens AG<\/b> !<\/p>\n<p>La <b>lave-linge s\u00e9chant Siemens WN34A1V0ES<\/b> est un appareil con\u00e7u pour offrir une solution compl\u00e8te de lavage et s\u00e9chage du linge, id\u00e9al aussi bien pour des espaces ind\u00e9pendants que pour une installation sous plan de travail, gr\u00e2ce \u00e0 son design compact de <b>60 cm<\/b> de largeur et sa finition en <b>blanc<\/b>. Ce mod\u00e8le dispose d\u2019une <b>capacit\u00e9 de lavage de 9 kg<\/b> et d\u2019une <b>capacit\u00e9 de s\u00e9chage de 5 kg<\/b>, permettant de traiter des charges importantes avec efficacit\u00e9, adapt\u00e9 aux besoins familiaux. Il est \u00e9quip\u00e9 d\u2019une <b>vitesse d\u2019essorage maximale de 1400 tr\/min<\/b>, favorisant un s\u00e9chage plus rapide et une r\u00e9duction notable de l\u2019humidit\u00e9 r\u00e9siduelle dans le linge, facilitant le repassage et la manipulation. En termes d\u2019efficacit\u00e9 \u00e9nerg\u00e9tique, il pr\u00e9sente deux classes : <b>classe B pour le lavage<\/b> et <b>classe E pour la combinaison lavage-s\u00e9chage<\/b>, refl\u00e9tant un bon compromis entre performance et consommation responsable. Cet appareil int\u00e8gre un \u00e9cran int\u00e9gr\u00e9 et des fonctions de s\u00e9curit\u00e9 comme le <b>verrouillage enfant<\/b>, garantissant une utilisation simple et s\u00fbre pour tous. La Siemens WN34A1V0ES offre une large gamme de programmes de lavage sp\u00e9cialis\u00e9s, incluant des options pour textiles d\u00e9licats tels que la soie et la laine, des cycles \u00e0 froid, du linge de sport, ainsi que des traitements hygi\u00e9niques anti-allergies, en plus de programmes rapides et sp\u00e9cifiques pour diff\u00e9rents tissus et besoins, incluant rin\u00e7age, essorage et vidange. Pour la fonction s\u00e9chage, un programme de <b>soin d\u00e9licat<\/b> prot\u00e8ge les fibres sensibles, limitant l\u2019usure et prolongeant la dur\u00e9e de vie des v\u00eatements. Dans l\u2019ensemble, ce mod\u00e8le constitue une option pratique et flexible pour ceux qui recherchent un appareil combin\u00e9 lavage-s\u00e9chage avec des performances adapt\u00e9es au quotidien, s\u2019int\u00e9grant facilement dans divers environnements domestiques.<\/p>\n<ul>\n<li>Capacit\u00e9:\n<ul>\n<li>9kg \/ 5kg<\/li>\n<li>5 kg<\/li>\n<li>9 kg<\/li>\n<\/ul>\n<\/li>\n<li>Type d&#8217;installation:\n<ul>\n<li>Sous le plan de travail<\/li>\n<li>Ind\u00e9pendant<\/li>\n<\/ul>\n<\/li>\n<li>Produit \u00e0 brancher: Oui<\/li>\n<li>Langue: Espagnol<\/li>\n<li>Bloc d\u2019Alimentation: r\u00e9seau \u00e9lectrique<\/li>\n<li>Type de prise: Prise EU<\/li>\n<li>Couleur: Blanc<\/li>\n<li>Largeur: 60 cm<\/li>\n<li>Classification \u00e9nerg\u00e9tique:\n<ul>\n<li>B<\/li>\n<li>E<\/li>\n<\/ul>\n<\/li>\n<li>vitesse: 1400 rpm<\/li>\n<\/ul>","protected":false},"excerpt":{"rendered":"<p>Si vous pensez r\u00e9nover votre cuisine, achetez Laveuse &#8211; S\u00e9cheuse Siemens AG WN34A1V0ES 1400 rpm 5 kg 9 kg et d\u00b4autres produits Siemens AG ! La lave-linge s\u00e9chant Siemens WN34A1V0ES est un appareil con\u00e7u pour offrir une solution compl\u00e8te de lavage et s\u00e9chage du linge, id\u00e9al aussi bien pour des espaces ind\u00e9pendants que pour une [&hellip;]<\/p>\n","protected":false},"featured_media":17034,"comment_status":"open","ping_status":"closed","template":"","meta":[],"product_brand":[851],"product_cat":[239,240,751],"product_tag":[104],"class_list":{"0":"post-17036","1":"product","2":"type-product","3":"status-publish","4":"has-post-thumbnail","6":"product_brand-brandp_930","7":"product_cat-maison-jardin","8":"product_cat-nettoyage-aspirateur-et-repassage","9":"product_cat-seche-linge-fers-a-repasser-sechoirs","10":"product_tag-tag_1279","12":"first","13":"instock","14":"taxable","15":"shipping-taxable","16":"purchasable","17":"product-type-simple"},"_links":{"self":[{"href":"https:\/\/bigbuy.tupique.com\/en\/wp-json\/wp\/v2\/product\/17036","targetHints":{"allow":["GET"]}}],"collection":[{"href":"https:\/\/bigbuy.tupique.com\/en\/wp-json\/wp\/v2\/product"}],"about":[{"href":"https:\/\/bigbuy.tupique.com\/en\/wp-json\/wp\/v2\/types\/product"}],"replies":[{"embeddable":true,"href":"https:\/\/bigbuy.tupique.com\/en\/wp-json\/wp\/v2\/comments?post=17036"}],"wp:featuredmedia":[{"embeddable":true,"href":"https:\/\/bigbuy.tupique.com\/en\/wp-json\/wp\/v2\/media\/17034"}],"wp:attachment":[{"href":"https:\/\/bigbuy.tupique.com\/en\/wp-json\/wp\/v2\/media?parent=17036"}],"wp:term":[{"taxonomy":"product_brand","embeddable":true,"href":"https:\/\/bigbuy.tupique.com\/en\/wp-json\/wp\/v2\/product_brand?post=17036"},{"taxonomy":"product_cat","embeddable":true,"href":"https:\/\/bigbuy.tupique.com\/en\/wp-json\/wp\/v2\/product_cat?post=17036"},{"taxonomy":"product_tag","embeddable":true,"href":"https:\/\/bigbuy.tupique.com\/en\/wp-json\/wp\/v2\/product_tag?post=17036"}],"curies":[{"name":"wp","href":"https:\/\/api.w.org\/{rel}","templated":true}]}}