{"id":170323,"date":"2026-04-11T03:00:22","date_gmt":"2026-04-11T02:00:22","guid":{"rendered":"https:\/\/bigbuy.tupique.com\/produto\/freezer-tensai-tcheu500vd-white-485-l\/"},"modified":"2026-04-15T09:10:42","modified_gmt":"2026-04-15T08:10:42","slug":"freezer-tensai-tcheu500vd-white-485-l","status":"publish","type":"product","link":"https:\/\/bigbuy.tupique.com\/en\/produto\/freezer-tensai-tcheu500vd-white-485-l\/","title":{"rendered":"Cong\u00e9lateur Tensai TCHEU500VD Blanc 485 L"},"content":{"rendered":"<p>Si vous pensez r\u00e9nover votre cuisine, achetez <b>Cong\u00e9lateur Tensai TCHEU500VD Blanc 485 L<\/b> et d\u00b4autres <b>produits Tensai<\/b> !<\/p>\n<ul>\n<li>Couleur: Blanc<\/li>\n<li>Classification \u00e9nerg\u00e9tique: F<\/li>\n<li>Capacit\u00e9: 485 L<\/li>\n<li>Produit \u00e0 brancher: Oui<\/li>\n<li>Type: Cong\u00e9lateur<\/li>\n<li>Type de prise: Prise EU<\/li>\n<li>Dimensions approx.: 170 x 86 cm<\/li>\n<\/ul>","protected":false},"excerpt":{"rendered":"<p><span class=\"unit-info\">1.6020 &euro; \/ 1 l<\/span><\/p>","protected":false},"featured_media":170321,"comment_status":"open","ping_status":"closed","template":"","meta":[],"product_brand":[1546],"product_cat":[60,77,226],"product_tag":[],"class_list":{"0":"post-170323","1":"product","2":"type-product","3":"status-publish","4":"has-post-thumbnail","6":"product_brand-brandp_1202","7":"product_cat-cuisine-gourmet","8":"product_cat-petit-electromenager","9":"product_cat-refrigerateurs-et-congelateurs","11":"first","12":"instock","13":"taxable","14":"shipping-taxable","15":"purchasable","16":"product-type-simple"},"_links":{"self":[{"href":"https:\/\/bigbuy.tupique.com\/en\/wp-json\/wp\/v2\/product\/170323","targetHints":{"allow":["GET"]}}],"collection":[{"href":"https:\/\/bigbuy.tupique.com\/en\/wp-json\/wp\/v2\/product"}],"about":[{"href":"https:\/\/bigbuy.tupique.com\/en\/wp-json\/wp\/v2\/types\/product"}],"replies":[{"embeddable":true,"href":"https:\/\/bigbuy.tupique.com\/en\/wp-json\/wp\/v2\/comments?post=170323"}],"wp:featuredmedia":[{"embeddable":true,"href":"https:\/\/bigbuy.tupique.com\/en\/wp-json\/wp\/v2\/media\/170321"}],"wp:attachment":[{"href":"https:\/\/bigbuy.tupique.com\/en\/wp-json\/wp\/v2\/media?parent=170323"}],"wp:term":[{"taxonomy":"product_brand","embeddable":true,"href":"https:\/\/bigbuy.tupique.com\/en\/wp-json\/wp\/v2\/product_brand?post=170323"},{"taxonomy":"product_cat","embeddable":true,"href":"https:\/\/bigbuy.tupique.com\/en\/wp-json\/wp\/v2\/product_cat?post=170323"},{"taxonomy":"product_tag","embeddable":true,"href":"https:\/\/bigbuy.tupique.com\/en\/wp-json\/wp\/v2\/product_tag?post=170323"}],"curies":[{"name":"wp","href":"https:\/\/api.w.org\/{rel}","templated":true}]}}