{"id":16940,"date":"2026-03-29T14:13:06","date_gmt":"2026-03-29T13:13:06","guid":{"rendered":"https:\/\/bigbuy.tupique.com\/produto\/sink-with-one-basin-grohe-k200\/"},"modified":"2026-05-11T20:02:41","modified_gmt":"2026-05-11T18:02:41","slug":"sink-with-one-basin-grohe-k200","status":"publish","type":"product","link":"https:\/\/bigbuy.tupique.com\/en\/produto\/sink-with-one-basin-grohe-k200\/","title":{"rendered":"\u00c9vier simple Grohe K200"},"content":{"rendered":"<p>Si vous pensez r\u00e9nover votre cuisine, achetez <b>\u00c9vier simple Grohe K200<\/b> et d\u00b4autres <b>produits Grohe<\/b> !<\/p>\n<ul>\n<li>Caract\u00e9ristiques: Durable<\/li>\n<li>Couleur: Noir<\/li>\n<li>Forme: Rond<\/li>\n<\/ul>","protected":false},"excerpt":{"rendered":"<p>Si vous pensez r\u00e9nover votre cuisine, achetez \u00c9vier simple Grohe K200 et d\u00b4autres produits Grohe ! Caract\u00e9ristiques: Durable Couleur: Noir Forme: Rond<\/p>","protected":false},"featured_media":16937,"comment_status":"open","ping_status":"closed","template":"","meta":[],"product_brand":[848],"product_cat":[60,61,779],"product_tag":[59,210],"class_list":{"0":"post-16940","1":"product","2":"type-product","3":"status-publish","4":"has-post-thumbnail","6":"product_brand-brandp_3107","7":"product_cat-cuisine-gourmet","8":"product_cat-equipement-de-cuisine","9":"product_cat-eviers","10":"product_tag-tag_1304","11":"product_tag-tag_25","13":"first","14":"instock","15":"taxable","16":"shipping-taxable","17":"purchasable","18":"product-type-simple"},"_links":{"self":[{"href":"https:\/\/bigbuy.tupique.com\/en\/wp-json\/wp\/v2\/product\/16940","targetHints":{"allow":["GET"]}}],"collection":[{"href":"https:\/\/bigbuy.tupique.com\/en\/wp-json\/wp\/v2\/product"}],"about":[{"href":"https:\/\/bigbuy.tupique.com\/en\/wp-json\/wp\/v2\/types\/product"}],"replies":[{"embeddable":true,"href":"https:\/\/bigbuy.tupique.com\/en\/wp-json\/wp\/v2\/comments?post=16940"}],"wp:featuredmedia":[{"embeddable":true,"href":"https:\/\/bigbuy.tupique.com\/en\/wp-json\/wp\/v2\/media\/16937"}],"wp:attachment":[{"href":"https:\/\/bigbuy.tupique.com\/en\/wp-json\/wp\/v2\/media?parent=16940"}],"wp:term":[{"taxonomy":"product_brand","embeddable":true,"href":"https:\/\/bigbuy.tupique.com\/en\/wp-json\/wp\/v2\/product_brand?post=16940"},{"taxonomy":"product_cat","embeddable":true,"href":"https:\/\/bigbuy.tupique.com\/en\/wp-json\/wp\/v2\/product_cat?post=16940"},{"taxonomy":"product_tag","embeddable":true,"href":"https:\/\/bigbuy.tupique.com\/en\/wp-json\/wp\/v2\/product_tag?post=16940"}],"curies":[{"name":"wp","href":"https:\/\/api.w.org\/{rel}","templated":true}]}}