{"id":16908,"date":"2026-03-29T14:12:25","date_gmt":"2026-03-29T13:12:25","guid":{"rendered":"https:\/\/bigbuy.tupique.com\/produto\/ladies-watch-tous-200350520\/"},"modified":"2026-05-11T20:03:35","modified_gmt":"2026-05-11T18:03:35","slug":"ladies-watch-tous-200350520","status":"publish","type":"product","link":"https:\/\/bigbuy.tupique.com\/en\/produto\/ladies-watch-tous-200350520\/","title":{"rendered":"Montre Femme Tous 200350520"},"content":{"rendered":"<p>Si vous aimez suivre les derni\u00e8res tendances en mati\u00e8re de mode et accessoires, achetez <b>Montre Femme Tous 200350520<\/b> au meilleur prix.<\/p>\n<ul>\n<li>Genre: Femme<\/li>\n<li>Liens suppl\u00e9mentaires: Non<\/li>\n<li>Type de montre: Montre-bracelet<\/li>\n<\/ul>","protected":false},"excerpt":{"rendered":"<p>Si vous aimez suivre les derni\u00e8res tendances en mati\u00e8re de mode et accessoires, achetez Montre Femme Tous 200350520 au meilleur prix. Genre: Femme Liens suppl\u00e9mentaires: Non Type de montre: Montre-bracelet<\/p>","protected":false},"featured_media":16906,"comment_status":"open","ping_status":"closed","template":"","meta":[],"product_brand":[834],"product_cat":[544,546,545],"product_tag":[103,542,543],"class_list":{"0":"post-16908","1":"product","2":"type-product","3":"status-publish","4":"has-post-thumbnail","6":"product_brand-brandp_496","7":"product_cat-mode-accessoires","8":"product_cat-montres-femme","9":"product_cat-montres-bracelets","10":"product_tag-tag_1261","11":"product_tag-tag_1274","12":"product_tag-tag_61","14":"first","15":"instock","16":"taxable","17":"shipping-taxable","18":"purchasable","19":"product-type-simple"},"_links":{"self":[{"href":"https:\/\/bigbuy.tupique.com\/en\/wp-json\/wp\/v2\/product\/16908","targetHints":{"allow":["GET"]}}],"collection":[{"href":"https:\/\/bigbuy.tupique.com\/en\/wp-json\/wp\/v2\/product"}],"about":[{"href":"https:\/\/bigbuy.tupique.com\/en\/wp-json\/wp\/v2\/types\/product"}],"replies":[{"embeddable":true,"href":"https:\/\/bigbuy.tupique.com\/en\/wp-json\/wp\/v2\/comments?post=16908"}],"wp:featuredmedia":[{"embeddable":true,"href":"https:\/\/bigbuy.tupique.com\/en\/wp-json\/wp\/v2\/media\/16906"}],"wp:attachment":[{"href":"https:\/\/bigbuy.tupique.com\/en\/wp-json\/wp\/v2\/media?parent=16908"}],"wp:term":[{"taxonomy":"product_brand","embeddable":true,"href":"https:\/\/bigbuy.tupique.com\/en\/wp-json\/wp\/v2\/product_brand?post=16908"},{"taxonomy":"product_cat","embeddable":true,"href":"https:\/\/bigbuy.tupique.com\/en\/wp-json\/wp\/v2\/product_cat?post=16908"},{"taxonomy":"product_tag","embeddable":true,"href":"https:\/\/bigbuy.tupique.com\/en\/wp-json\/wp\/v2\/product_tag?post=16908"}],"curies":[{"name":"wp","href":"https:\/\/api.w.org\/{rel}","templated":true}]}}