{"id":16850,"date":"2026-03-29T14:00:20","date_gmt":"2026-03-29T13:00:20","guid":{"rendered":"https:\/\/bigbuy.tupique.com\/produto\/mens-watch-tissot-couturier-o-39-mm\/"},"modified":"2026-05-11T20:03:35","modified_gmt":"2026-05-11T18:03:35","slug":"mens-watch-tissot-couturier-o-39-mm","status":"publish","type":"product","link":"https:\/\/bigbuy.tupique.com\/en\/produto\/mens-watch-tissot-couturier-o-39-mm\/","title":{"rendered":"Montre Homme Tissot COUTURIER (\u00d8 39 mm)"},"content":{"rendered":"<p>Si vous aimez suivre les derni\u00e8res tendances en mati\u00e8re de mode et accessoires, achetez <b>Montre Homme Tissot COUTURIER (\u00d8 39 mm)<\/b> au meilleur prix.<\/p>\n<p>Le <b>Tissot COUTURIER<\/b> est une <b>montre homme<\/b> qui allie \u00e9l\u00e9gance classique et performances techniques de haute qualit\u00e9, adapt\u00e9es \u00e0 un usage quotidien et aux occasions formelles. Elle se distingue par son <b>mouvement \u00e0 quartz suisse<\/b>, reconnu pour sa pr\u00e9cision et sa fiabilit\u00e9, garantissant un entretien minimal et une lecture exacte de l\u2019heure. Son <b>bracelet en cuir<\/b> offre une touche sophistiqu\u00e9e et confortable, s\u2019adaptant parfaitement au poignet et sublimant tout style. Ce mod\u00e8le int\u00e8gre une fonction <b>date<\/b> facilitant le suivi quotidien, tandis que son <b>verre saphir<\/b> assure une r\u00e9sistance sup\u00e9rieure aux rayures, pr\u00e9servant la clart\u00e9 et la finition du cadran. De plus, elle b\u00e9n\u00e9ficie d\u2019une <b>\u00e9tanch\u00e9it\u00e9 de 10 atmosph\u00e8res<\/b>, permettant son usage lors d\u2019activit\u00e9s comme la natation ou une exposition accidentelle \u00e0 l\u2019eau sans compromettre sa fonctionnalit\u00e9. Son design refl\u00e8te la tradition horlog\u00e8re suisse avec une esth\u00e9tique moderne et intemporelle, pens\u00e9e pour les hommes recherchant un accessoire fiable et \u00e9l\u00e9gant. En r\u00e9sum\u00e9, le Tissot COUTURIER offre un \u00e9quilibre entre qualit\u00e9 technique, confort et style, s\u2019imposant comme un choix solide parmi les montres masculines haut de gamme.<\/p>\n<ul>\n<li>Genre: Homme<\/li>\n<li>Liens suppl\u00e9mentaires: Non<\/li>\n<li>Type de montre: Montre-bracelet<\/li>\n<li>Fonctions: Date<\/li>\n<li>Mat\u00e9riau du bracelet: Cuir<\/li>\n<li>Inclut: Inclut un \u00e9tui ou une housse de la marque<\/li>\n<li>Imperm\u00e9abilit\u00e9: 10 atm<\/li>\n<li>Verre: Saphir<\/li>\n<li>Type de mouvement: Quartz<\/li>\n<li>Diam\u00e8tre du bo\u00eetier de la montre: \u00d8 39 mm<\/li>\n<\/ul>","protected":false},"excerpt":{"rendered":"<p>Si vous aimez suivre les derni\u00e8res tendances en mati\u00e8re de mode et accessoires, achetez Montre Homme Tissot COUTURIER (\u00d8 39 mm) au meilleur prix. Le Tissot COUTURIER est une montre homme qui allie \u00e9l\u00e9gance classique et performances techniques de haute qualit\u00e9, adapt\u00e9es \u00e0 un usage quotidien et aux occasions formelles. Elle se distingue par son [&hellip;]<\/p>\n","protected":false},"featured_media":16848,"comment_status":"open","ping_status":"closed","template":"","meta":[],"product_brand":[794],"product_cat":[544,574,545],"product_tag":[103,543],"class_list":{"0":"post-16850","1":"product","2":"type-product","3":"status-publish","4":"has-post-thumbnail","6":"product_brand-brandp_1719","7":"product_cat-mode-accessoires","8":"product_cat-montres-homme","9":"product_cat-montres-bracelets","10":"product_tag-tag_1261","11":"product_tag-tag_61","13":"first","14":"instock","15":"taxable","16":"shipping-taxable","17":"purchasable","18":"product-type-simple"},"_links":{"self":[{"href":"https:\/\/bigbuy.tupique.com\/en\/wp-json\/wp\/v2\/product\/16850","targetHints":{"allow":["GET"]}}],"collection":[{"href":"https:\/\/bigbuy.tupique.com\/en\/wp-json\/wp\/v2\/product"}],"about":[{"href":"https:\/\/bigbuy.tupique.com\/en\/wp-json\/wp\/v2\/types\/product"}],"replies":[{"embeddable":true,"href":"https:\/\/bigbuy.tupique.com\/en\/wp-json\/wp\/v2\/comments?post=16850"}],"wp:featuredmedia":[{"embeddable":true,"href":"https:\/\/bigbuy.tupique.com\/en\/wp-json\/wp\/v2\/media\/16848"}],"wp:attachment":[{"href":"https:\/\/bigbuy.tupique.com\/en\/wp-json\/wp\/v2\/media?parent=16850"}],"wp:term":[{"taxonomy":"product_brand","embeddable":true,"href":"https:\/\/bigbuy.tupique.com\/en\/wp-json\/wp\/v2\/product_brand?post=16850"},{"taxonomy":"product_cat","embeddable":true,"href":"https:\/\/bigbuy.tupique.com\/en\/wp-json\/wp\/v2\/product_cat?post=16850"},{"taxonomy":"product_tag","embeddable":true,"href":"https:\/\/bigbuy.tupique.com\/en\/wp-json\/wp\/v2\/product_tag?post=16850"}],"curies":[{"name":"wp","href":"https:\/\/api.w.org\/{rel}","templated":true}]}}