{"id":16822,"date":"2026-03-29T13:59:38","date_gmt":"2026-03-29T12:59:38","guid":{"rendered":"https:\/\/bigbuy.tupique.com\/produto\/ladies-spectacle-frame-marni-curve-me2102\/"},"modified":"2026-04-15T00:48:03","modified_gmt":"2026-04-14T23:48:03","slug":"ladies-spectacle-frame-marni-curve-me2102","status":"publish","type":"product","link":"https:\/\/bigbuy.tupique.com\/en\/produto\/ladies-spectacle-frame-marni-curve-me2102\/","title":{"rendered":"Monture de Lunettes Femme Marni CURVE ME2102"},"content":{"rendered":"<p>Si vous envisagez de renouveler votre garde-robe, achetez <b>Monture de Lunettes Femme Marni CURVE ME2102<\/b> et d\u2019autres<b>produits Marni<\/b>! La meilleure qualit\u00e9 au meilleur prix est \u00e0 votre port\u00e9e!<\/p>\n<ul>\n<li>Caract\u00e9ristiques: Verres sans graduation<\/li>\n<li>Genre: Femme<\/li>\n<li>Type: Monture de Lunettes<\/li>\n<li>Type de verre: Lentilles sans ordonnance<\/li>\n<\/ul>","protected":false},"excerpt":{"rendered":"<p>Si vous envisagez de renouveler votre garde-robe, achetez Monture de Lunettes Femme Marni CURVE ME2102 et d\u2019autresproduits Marni! La meilleure qualit\u00e9 au meilleur prix est \u00e0 votre port\u00e9e! Caract\u00e9ristiques: Verres sans graduation Genre: Femme Type: Monture de Lunettes Type de verre: Lentilles sans ordonnance<\/p>","protected":false},"featured_media":16821,"comment_status":"open","ping_status":"closed","template":"","meta":[],"product_brand":[844],"product_cat":[776,777,752],"product_tag":[542],"class_list":{"0":"post-16822","1":"product","2":"type-product","3":"status-publish","4":"has-post-thumbnail","6":"product_brand-brandp_8032","7":"product_cat-detente-et-bien-etre","8":"product_cat-lunettes-de-lecture-et-lunettes-loupes","9":"product_cat-sante-beaute","10":"product_tag-tag_1274","12":"first","13":"instock","14":"taxable","15":"shipping-taxable","16":"purchasable","17":"product-type-simple"},"_links":{"self":[{"href":"https:\/\/bigbuy.tupique.com\/en\/wp-json\/wp\/v2\/product\/16822","targetHints":{"allow":["GET"]}}],"collection":[{"href":"https:\/\/bigbuy.tupique.com\/en\/wp-json\/wp\/v2\/product"}],"about":[{"href":"https:\/\/bigbuy.tupique.com\/en\/wp-json\/wp\/v2\/types\/product"}],"replies":[{"embeddable":true,"href":"https:\/\/bigbuy.tupique.com\/en\/wp-json\/wp\/v2\/comments?post=16822"}],"wp:featuredmedia":[{"embeddable":true,"href":"https:\/\/bigbuy.tupique.com\/en\/wp-json\/wp\/v2\/media\/16821"}],"wp:attachment":[{"href":"https:\/\/bigbuy.tupique.com\/en\/wp-json\/wp\/v2\/media?parent=16822"}],"wp:term":[{"taxonomy":"product_brand","embeddable":true,"href":"https:\/\/bigbuy.tupique.com\/en\/wp-json\/wp\/v2\/product_brand?post=16822"},{"taxonomy":"product_cat","embeddable":true,"href":"https:\/\/bigbuy.tupique.com\/en\/wp-json\/wp\/v2\/product_cat?post=16822"},{"taxonomy":"product_tag","embeddable":true,"href":"https:\/\/bigbuy.tupique.com\/en\/wp-json\/wp\/v2\/product_tag?post=16822"}],"curies":[{"name":"wp","href":"https:\/\/api.w.org\/{rel}","templated":true}]}}