{"id":168117,"date":"2026-04-10T20:34:54","date_gmt":"2026-04-10T19:34:54","guid":{"rendered":"https:\/\/bigbuy.tupique.com\/produto\/smart-tv-samsung-tq55qn73fatxxc-amd-freesync\/"},"modified":"2026-05-11T19:57:25","modified_gmt":"2026-05-11T17:57:25","slug":"smart-tv-samsung-tq55qn73fatxxc-amd-freesync","status":"publish","type":"product","link":"https:\/\/bigbuy.tupique.com\/en\/produto\/smart-tv-samsung-tq55qn73fatxxc-amd-freesync\/","title":{"rendered":"TV intelligente Samsung TQ55QN73FATXXC AMD FreeSync"},"content":{"rendered":"<p>Si vous \u00eates passionn\u00e9 d&#8217;<b>informatique et d&#8217;\u00e9lectronique<\/b>, si vous \u00eates \u00e0 la pointe de la technologie et qu&#8217;aucun d\u00e9tail ne vous \u00e9chappe, achetez <b>TV intelligente Samsung TQ55QN73FATXXC AMD FreeSync<\/b> au meilleur prix.<\/p>\n<ul>\n<li>Ecran: 55&#8243;<\/li>\n<li>R\u00e9solution: 4K Ultra HD<\/li>\n<li>Fr\u00e9quence: 120 Hz<\/li>\n<li>Technologie:\n<ul>\n<li>Neo QLED<\/li>\n<li>AMD FreeSync<\/li>\n<\/ul>\n<\/li>\n<li>Classification \u00e9nerg\u00e9tique: E<\/li>\n<li>R\u00e9solution (px): 3840 x 2160 px<\/li>\n<li>Couleur: Noir<\/li>\n<li>Caract\u00e9ristiques:\n<ul>\n<li>TV intelligente<\/li>\n<li>\u00c9cran plat<\/li>\n<\/ul>\n<\/li>\n<li>Connexions:\n<ul>\n<li>HDMI<\/li>\n<li>USB<\/li>\n<li>Ethernet LAN<\/li>\n<li>RF x 1<\/li>\n<li>CI+<\/li>\n<\/ul>\n<\/li>\n<li>Rapport d&#8217;aspect: 16:9<\/li>\n<li>Connectivit\u00e9:\n<ul>\n<li>Wi-Fi<\/li>\n<li>Interface commune<\/li>\n<\/ul>\n<\/li>\n<li>Format: 16:9<\/li>\n<li>VESA:\n<ul>\n<li>200 x 200 mm<\/li>\n<li>10 x 10 cm<\/li>\n<li>20 x 20 cm<\/li>\n<li>30 x 30 cm<\/li>\n<li>40 x 40 cm<\/li>\n<\/ul>\n<\/li>\n<li>TV intelligente: Oui<\/li>\n<li>Compatible:\n<ul>\n<li>Netflix<\/li>\n<li>VESA<\/li>\n<li>Amazon Alexa<\/li>\n<li>HDCP 2.2<\/li>\n<li>HDR10<\/li>\n<li>DVB-T2<\/li>\n<li>YouTube<\/li>\n<li>VESA 400 x 400 mm<\/li>\n<li>Google Assistant<\/li>\n<li>Amazon Prime Video, Disney+, Netflix, YouTube<\/li>\n<\/ul>\n<\/li>\n<li>R\u00e9cepteur: DVB-C, DVB-S2, DVB-T2<\/li>\n<li>Formats: AVC, AVI, H.264, H.265, HEVC, MKV, MPEG1, MPEG2, MPEG4, VC-1, VP9, WMV9<\/li>\n<li>Montage: VESA<\/li>\n<li>Diagonale de l&#8217;\u00e9cran (cm): 139,7 cm<\/li>\n<li>Indice de r\u00e9parabilit\u00e9: 8.1<\/li>\n<\/ul>","protected":false},"excerpt":{"rendered":"<p>Si vous \u00eates passionn\u00e9 d&#8217;informatique et d&#8217;\u00e9lectronique, si vous \u00eates \u00e0 la pointe de la technologie et qu&#8217;aucun d\u00e9tail ne vous \u00e9chappe, achetez TV intelligente Samsung TQ55QN73FATXXC AMD FreeSync au meilleur prix. Ecran: 55&#8243; R\u00e9solution: 4K Ultra HD Fr\u00e9quence: 120 Hz Technologie: Neo QLED AMD FreeSync Classification \u00e9nerg\u00e9tique: E R\u00e9solution (px): 3840 x 2160 px [&hellip;]<\/p>\n","protected":false},"featured_media":168115,"comment_status":"open","ping_status":"closed","template":"","meta":[],"product_brand":[183],"product_cat":[589,65,957],"product_tag":[],"class_list":{"0":"post-168117","1":"product","2":"type-product","3":"status-publish","4":"has-post-thumbnail","6":"product_brand-brandp_576","7":"product_cat-electronique-television","8":"product_cat-informatique-electronique","9":"product_cat-televisions-et-smart-tv","11":"first","12":"instock","13":"taxable","14":"shipping-taxable","15":"purchasable","16":"product-type-simple"},"_links":{"self":[{"href":"https:\/\/bigbuy.tupique.com\/en\/wp-json\/wp\/v2\/product\/168117","targetHints":{"allow":["GET"]}}],"collection":[{"href":"https:\/\/bigbuy.tupique.com\/en\/wp-json\/wp\/v2\/product"}],"about":[{"href":"https:\/\/bigbuy.tupique.com\/en\/wp-json\/wp\/v2\/types\/product"}],"replies":[{"embeddable":true,"href":"https:\/\/bigbuy.tupique.com\/en\/wp-json\/wp\/v2\/comments?post=168117"}],"wp:featuredmedia":[{"embeddable":true,"href":"https:\/\/bigbuy.tupique.com\/en\/wp-json\/wp\/v2\/media\/168115"}],"wp:attachment":[{"href":"https:\/\/bigbuy.tupique.com\/en\/wp-json\/wp\/v2\/media?parent=168117"}],"wp:term":[{"taxonomy":"product_brand","embeddable":true,"href":"https:\/\/bigbuy.tupique.com\/en\/wp-json\/wp\/v2\/product_brand?post=168117"},{"taxonomy":"product_cat","embeddable":true,"href":"https:\/\/bigbuy.tupique.com\/en\/wp-json\/wp\/v2\/product_cat?post=168117"},{"taxonomy":"product_tag","embeddable":true,"href":"https:\/\/bigbuy.tupique.com\/en\/wp-json\/wp\/v2\/product_tag?post=168117"}],"curies":[{"name":"wp","href":"https:\/\/api.w.org\/{rel}","templated":true}]}}