{"id":16801,"date":"2026-03-29T13:59:13","date_gmt":"2026-03-29T12:59:13","guid":{"rendered":"https:\/\/bigbuy.tupique.com\/produto\/men-spectacle-frame-jimmy-choo-jc239\/"},"modified":"2026-04-16T17:21:21","modified_gmt":"2026-04-16T16:21:21","slug":"men-spectacle-frame-jimmy-choo-jc239","status":"publish","type":"product","link":"https:\/\/bigbuy.tupique.com\/en\/produto\/men-spectacle-frame-jimmy-choo-jc239\/","title":{"rendered":"Monture de Lunettes Homme Jimmy Choo JC239"},"content":{"rendered":"<p>Si vous envisagez de renouveler votre garde-robe, achetez <b>Monture de Lunettes Homme Jimmy Choo JC239<\/b> et d\u2019autres<b>produits Jimmy Choo<\/b>! La meilleure qualit\u00e9 au meilleur prix est \u00e0 votre port\u00e9e!<\/p>\n<ul>\n<li>Caract\u00e9ristiques: Verres sans graduation<\/li>\n<li>Genre:\n<ul>\n<li>Homme<\/li>\n<li>Femme<\/li>\n<\/ul>\n<\/li>\n<li>Type: Monture de Lunettes<\/li>\n<li>Type de verre: Lentilles sans ordonnance<\/li>\n<li>Mati\u00e8re: Ac\u00e9tate<\/li>\n<\/ul>","protected":false},"excerpt":{"rendered":"<p>Si vous envisagez de renouveler votre garde-robe, achetez Monture de Lunettes Homme Jimmy Choo JC239 et d\u2019autresproduits Jimmy Choo! La meilleure qualit\u00e9 au meilleur prix est \u00e0 votre port\u00e9e! Caract\u00e9ristiques: Verres sans graduation Genre: Homme Femme Type: Monture de Lunettes Type de verre: Lentilles sans ordonnance Mati\u00e8re: Ac\u00e9tate<\/p>","protected":false},"featured_media":16798,"comment_status":"open","ping_status":"closed","template":"","meta":[],"product_brand":[840],"product_cat":[776,777,752],"product_tag":[723],"class_list":{"0":"post-16801","1":"product","2":"type-product","3":"status-publish","4":"has-post-thumbnail","6":"product_brand-brandp_402","7":"product_cat-detente-et-bien-etre","8":"product_cat-lunettes-de-lecture-et-lunettes-loupes","9":"product_cat-sante-beaute","10":"product_tag-tag_1273","12":"first","13":"instock","14":"taxable","15":"shipping-taxable","16":"purchasable","17":"product-type-simple"},"_links":{"self":[{"href":"https:\/\/bigbuy.tupique.com\/en\/wp-json\/wp\/v2\/product\/16801","targetHints":{"allow":["GET"]}}],"collection":[{"href":"https:\/\/bigbuy.tupique.com\/en\/wp-json\/wp\/v2\/product"}],"about":[{"href":"https:\/\/bigbuy.tupique.com\/en\/wp-json\/wp\/v2\/types\/product"}],"replies":[{"embeddable":true,"href":"https:\/\/bigbuy.tupique.com\/en\/wp-json\/wp\/v2\/comments?post=16801"}],"wp:featuredmedia":[{"embeddable":true,"href":"https:\/\/bigbuy.tupique.com\/en\/wp-json\/wp\/v2\/media\/16798"}],"wp:attachment":[{"href":"https:\/\/bigbuy.tupique.com\/en\/wp-json\/wp\/v2\/media?parent=16801"}],"wp:term":[{"taxonomy":"product_brand","embeddable":true,"href":"https:\/\/bigbuy.tupique.com\/en\/wp-json\/wp\/v2\/product_brand?post=16801"},{"taxonomy":"product_cat","embeddable":true,"href":"https:\/\/bigbuy.tupique.com\/en\/wp-json\/wp\/v2\/product_cat?post=16801"},{"taxonomy":"product_tag","embeddable":true,"href":"https:\/\/bigbuy.tupique.com\/en\/wp-json\/wp\/v2\/product_tag?post=16801"}],"curies":[{"name":"wp","href":"https:\/\/api.w.org\/{rel}","templated":true}]}}