{"id":168007,"date":"2026-04-10T20:25:34","date_gmt":"2026-04-10T19:25:34","guid":{"rendered":"https:\/\/bigbuy.tupique.com\/produto\/freezer-tensai-tcheu500duovd\/"},"modified":"2026-04-15T05:48:35","modified_gmt":"2026-04-15T04:48:35","slug":"freezer-tensai-tcheu500duovd","status":"publish","type":"product","link":"https:\/\/bigbuy.tupique.com\/en\/produto\/freezer-tensai-tcheu500duovd\/","title":{"rendered":"Cong\u00e9lateur Tensai TCHEU500DUOVD"},"content":{"rendered":"<p>Si vous pensez r\u00e9nover votre cuisine, achetez <b>Cong\u00e9lateur Tensai TCHEU500DUOVD<\/b> et d\u00b4autres <b>produits Tensai<\/b> !<\/p>\n<p>Le <b>cong\u00e9lateur<\/b> <b>TCHEU500DUOVD<\/b> de la marque Tensai se pr\u00e9sente comme une solution pratique et spacieuse pour le stockage et la conservation des aliments, avec une capacit\u00e9 totale de <b>485 litres<\/b> permettant d\u2019organiser de grandes quantit\u00e9s de produits frais et surgel\u00e9s. Sa structure de couleur <b>blanche<\/b> et ses dimensions approximatives de <b>170 cm de large sur 86 cm de haut<\/b> et 69 cm de profondeur optimisent son installation aussi bien dans les foyers \u00e0 espace limit\u00e9 que dans les cuisines professionnelles n\u00e9cessitant un cong\u00e9lateur robuste et volumineux. Ce mod\u00e8le se distingue par son niveau sonore contenu de <b>44 dB<\/b>, adapt\u00e9 pour \u00e9viter les nuisances dans les environnements domestiques ou commerciaux o\u00f9 le silence est important. Concernant la consommation \u00e9nerg\u00e9tique, il b\u00e9n\u00e9ficie d\u2019une <b>classe F<\/b>, pla\u00e7ant l\u2019appareil dans une cat\u00e9gorie standard d\u2019efficacit\u00e9, id\u00e9ale pour les utilisateurs recherchant un bon \u00e9quilibre entre performance et co\u00fbt \u00e9nerg\u00e9tique. Il int\u00e8gre un <b>\u00e9clairage int\u00e9rieur<\/b> facilitant la visibilit\u00e9 et l\u2019acc\u00e8s rapide aux produits stock\u00e9s, am\u00e9liorant l\u2019exp\u00e9rience d\u2019utilisation quotidienne. Il fonctionne \u00e0 une fr\u00e9quence de <b>50 Hz<\/b>, standard pour les \u00e9quipements \u00e9lectriques en Europe, garantissant une performance stable et conforme aux normes en vigueur. Le cong\u00e9lateur TCHEU500DUOVD de Tensai est une alternative solide pour ceux qui ont besoin d\u2019un appareil fiable, avec une grande capacit\u00e9 et des caract\u00e9ristiques techniques adapt\u00e9es \u00e0 un usage continu, alliant fonctionnalit\u00e9 et accessibilit\u00e9 dans un design simple et efficace.<\/p>\n<p>Ce mod\u00e8le repr\u00e9sente une option \u00e9quilibr\u00e9e pour les particuliers et les commerces qui exigent un cong\u00e9lateur de grand volume sans renoncer \u00e0 une utilisation silencieuse et un entretien pratique.<\/p>\n<ul>\n<li>Produit \u00e0 brancher: Oui<\/li>\n<li>Type de prise: Prise EU<\/li>\n<li>Type: Cong\u00e9lateur<\/li>\n<li>Bloc d\u2019Alimentation: r\u00e9seau \u00e9lectrique<\/li>\n<li>Couleur: Blanc<\/li>\n<li>Largeur: 170 cm<\/li>\n<li>Caract\u00e9ristiques: Lumi\u00e8re int\u00e9rieure<\/li>\n<li>Classification \u00e9nerg\u00e9tique: F<\/li>\n<li>Niveau sonore: 44 dB<\/li>\n<li>Capacit\u00e9: 485 L<\/li>\n<li>Dimensions approx.: 170 x 86 cm<\/li>\n<li>\u00c9lev\u00e9: 86 cm<\/li>\n<li>Type d&#8217;installation: Ind\u00e9pendant<\/li>\n<li>Portes: 1 porte<\/li>\n<\/ul>","protected":false},"excerpt":{"rendered":"<p><span class=\"unit-info\">1.4577 &euro; \/ 1 l<\/span><\/p>","protected":false},"featured_media":168005,"comment_status":"open","ping_status":"closed","template":"","meta":[],"product_brand":[1546],"product_cat":[60,77,226],"product_tag":[],"class_list":{"0":"post-168007","1":"product","2":"type-product","3":"status-publish","4":"has-post-thumbnail","6":"product_brand-brandp_1202","7":"product_cat-cuisine-gourmet","8":"product_cat-petit-electromenager","9":"product_cat-refrigerateurs-et-congelateurs","11":"first","12":"instock","13":"taxable","14":"shipping-taxable","15":"purchasable","16":"product-type-simple"},"_links":{"self":[{"href":"https:\/\/bigbuy.tupique.com\/en\/wp-json\/wp\/v2\/product\/168007","targetHints":{"allow":["GET"]}}],"collection":[{"href":"https:\/\/bigbuy.tupique.com\/en\/wp-json\/wp\/v2\/product"}],"about":[{"href":"https:\/\/bigbuy.tupique.com\/en\/wp-json\/wp\/v2\/types\/product"}],"replies":[{"embeddable":true,"href":"https:\/\/bigbuy.tupique.com\/en\/wp-json\/wp\/v2\/comments?post=168007"}],"wp:featuredmedia":[{"embeddable":true,"href":"https:\/\/bigbuy.tupique.com\/en\/wp-json\/wp\/v2\/media\/168005"}],"wp:attachment":[{"href":"https:\/\/bigbuy.tupique.com\/en\/wp-json\/wp\/v2\/media?parent=168007"}],"wp:term":[{"taxonomy":"product_brand","embeddable":true,"href":"https:\/\/bigbuy.tupique.com\/en\/wp-json\/wp\/v2\/product_brand?post=168007"},{"taxonomy":"product_cat","embeddable":true,"href":"https:\/\/bigbuy.tupique.com\/en\/wp-json\/wp\/v2\/product_cat?post=168007"},{"taxonomy":"product_tag","embeddable":true,"href":"https:\/\/bigbuy.tupique.com\/en\/wp-json\/wp\/v2\/product_tag?post=168007"}],"curies":[{"name":"wp","href":"https:\/\/api.w.org\/{rel}","templated":true}]}}