{"id":16791,"date":"2026-03-29T13:58:58","date_gmt":"2026-03-29T12:58:58","guid":{"rendered":"https:\/\/bigbuy.tupique.com\/produto\/headphones-with-microphone-turtle-beach-stealth-pro-black\/"},"modified":"2026-04-16T21:50:26","modified_gmt":"2026-04-16T20:50:26","slug":"headphones-with-microphone-turtle-beach-stealth-pro-black","status":"publish","type":"product","link":"https:\/\/bigbuy.tupique.com\/en\/produto\/headphones-with-microphone-turtle-beach-stealth-pro-black\/","title":{"rendered":"Casques avec Microphone Turtle Beach Stealth Pro Noir"},"content":{"rendered":"<p>Si vous \u00eates passionn\u00e9 d&#8217;<b>informatique et d&#8217;\u00e9lectronique<\/b>, si vous \u00eates \u00e0 la pointe de la technologie et qu&#8217;aucun d\u00e9tail ne vous \u00e9chappe, achetez <b>Casques avec Microphone Turtle Beach Stealth Pro Noir<\/b> au meilleur prix.<\/p>\n<p>Le <b>Stealth Pro<\/b> de <b>Turtle Beach<\/b> est un <b>casque avec microphone<\/b> avanc\u00e9 con\u00e7u pour offrir une exp\u00e9rience audio sans fil de haute qualit\u00e9 et un confort lors de longues sessions, sp\u00e9cialement destin\u00e9 aux jeux vid\u00e9o et \u00e0 une communication claire. Ce mod\u00e8le se distingue par son <b>coloris noir<\/b> \u00e9l\u00e9gant et sobre, int\u00e9grant une combinaison de technologies de connectivit\u00e9 incluant le <b>Bluetooth 5.1<\/b> pour une connexion stable et efficace, ainsi que la <b>radiofr\u00e9quence<\/b> pour un large rayon d\u2019action et une latence minimale dans la transmission du son. Il dispose \u00e9galement d\u2019une connexion <b>USB<\/b>, garantissant une flexibilit\u00e9 d\u2019utilisation sur plusieurs appareils, des consoles aux ordinateurs. Les <b>casques sans fil<\/b> Stealth Pro int\u00e8grent un syst\u00e8me de <b>r\u00e9duction de bruit<\/b> qui am\u00e9liore l\u2019immersion audio, r\u00e9duisant les interf\u00e9rences sonores ambiantes et assurant une communication claire gr\u00e2ce \u00e0 son microphone int\u00e9gr\u00e9. Une <b>guide d\u2019installation<\/b> est aussi fournie pour faciliter la configuration et l\u2019utilisation imm\u00e9diate, s\u2019adaptant facilement \u00e0 diff\u00e9rentes plateformes. Son design ergonomique et ses mat\u00e9riaux de qualit\u00e9 sont pens\u00e9s pour offrir du confort lors de longues sessions, tout en maintenant la qualit\u00e9 sonore et la libert\u00e9 de mouvement sans fil. En r\u00e9sum\u00e9, le Turtle Beach Stealth Pro est une solution compl\u00e8te et polyvalente pour les utilisateurs recherchant un \u00e9quipement audio sans fil professionnel, avec plusieurs options de connectivit\u00e9 et des fonctions optimisant l\u2019exp\u00e9rience auditive dans des environnements dynamiques et exigeants.<\/p>\n<ul>\n<li>Autonomie approx.: 12 heures<\/li>\n<li>Couleur: Noir<\/li>\n<li>Type:\n<ul>\n<li>Casques avec Microphone<\/li>\n<li>N\u00e9odyme<\/li>\n<\/ul>\n<\/li>\n<li>Caract\u00e9ristiques:\n<ul>\n<li>R\u00e9duction du bruit<\/li>\n<li>Sans fil<\/li>\n<li>Guide d&#8217;installation inclus<\/li>\n<li>Chargeur sans fil<\/li>\n<li>Batterie int\u00e9gr\u00e9e<\/li>\n<\/ul>\n<\/li>\n<li>Connexions: USB-C<\/li>\n<li>Connectivit\u00e9:\n<ul>\n<li>Bluetooth<\/li>\n<li>Fr\u00e9quence radio<\/li>\n<li>Bluetooth 5.1<\/li>\n<\/ul>\n<\/li>\n<li>Type de casque: Circonf\u00e9rence externe<\/li>\n<li>Langue: Anglais<\/li>\n<li>Port\u00e9e: 15 m<\/li>\n<li>Utilisation recommand\u00e9e: Jeux<\/li>\n<li>Batterie: Oui<\/li>\n<li>Inclut:\n<ul>\n<li>\u00c9tui<\/li>\n<li>Piles x 2<\/li>\n<li>Chargeur<\/li>\n<\/ul>\n<\/li>\n<li>Casque: Binaural<\/li>\n<li>Fr\u00e9quence:\n<ul>\n<li>2,4 GHz<\/li>\n<li>10 &#8211; 22000 Hz<\/li>\n<\/ul>\n<\/li>\n<\/ul>","protected":false},"excerpt":{"rendered":"<p>Si vous \u00eates passionn\u00e9 d&#8217;informatique et d&#8217;\u00e9lectronique, si vous \u00eates \u00e0 la pointe de la technologie et qu&#8217;aucun d\u00e9tail ne vous \u00e9chappe, achetez Casques avec Microphone Turtle Beach Stealth Pro Noir au meilleur prix. Le Stealth Pro de Turtle Beach est un casque avec microphone avanc\u00e9 con\u00e7u pour offrir une exp\u00e9rience audio sans fil de [&hellip;]<\/p>\n","protected":false},"featured_media":16790,"comment_status":"open","ping_status":"closed","template":"","meta":[],"product_brand":[842],"product_cat":[758,575,65],"product_tag":[59,566,106],"class_list":{"0":"post-16791","1":"product","2":"type-product","3":"status-publish","4":"has-post-thumbnail","6":"product_brand-brandp_5689","7":"product_cat-casque-avec-microphone","8":"product_cat-electronique-telephonie-et-tablettes","9":"product_cat-informatique-electronique","10":"product_tag-tag_1304","11":"product_tag-tag_547","12":"product_tag-tag_1295","14":"first","15":"instock","16":"taxable","17":"shipping-taxable","18":"purchasable","19":"product-type-simple"},"_links":{"self":[{"href":"https:\/\/bigbuy.tupique.com\/en\/wp-json\/wp\/v2\/product\/16791","targetHints":{"allow":["GET"]}}],"collection":[{"href":"https:\/\/bigbuy.tupique.com\/en\/wp-json\/wp\/v2\/product"}],"about":[{"href":"https:\/\/bigbuy.tupique.com\/en\/wp-json\/wp\/v2\/types\/product"}],"replies":[{"embeddable":true,"href":"https:\/\/bigbuy.tupique.com\/en\/wp-json\/wp\/v2\/comments?post=16791"}],"wp:featuredmedia":[{"embeddable":true,"href":"https:\/\/bigbuy.tupique.com\/en\/wp-json\/wp\/v2\/media\/16790"}],"wp:attachment":[{"href":"https:\/\/bigbuy.tupique.com\/en\/wp-json\/wp\/v2\/media?parent=16791"}],"wp:term":[{"taxonomy":"product_brand","embeddable":true,"href":"https:\/\/bigbuy.tupique.com\/en\/wp-json\/wp\/v2\/product_brand?post=16791"},{"taxonomy":"product_cat","embeddable":true,"href":"https:\/\/bigbuy.tupique.com\/en\/wp-json\/wp\/v2\/product_cat?post=16791"},{"taxonomy":"product_tag","embeddable":true,"href":"https:\/\/bigbuy.tupique.com\/en\/wp-json\/wp\/v2\/product_tag?post=16791"}],"curies":[{"name":"wp","href":"https:\/\/api.w.org\/{rel}","templated":true}]}}