{"id":167876,"date":"2026-04-10T20:05:24","date_gmt":"2026-04-10T19:05:24","guid":{"rendered":"https:\/\/bigbuy.tupique.com\/produto\/dishwasher-candy-cns4a4s3psb\/"},"modified":"2026-04-15T04:08:05","modified_gmt":"2026-04-15T03:08:05","slug":"dishwasher-candy-cns4a4s3psb","status":"publish","type":"product","link":"https:\/\/bigbuy.tupique.com\/en\/produto\/dishwasher-candy-cns4a4s3psb\/","title":{"rendered":"Lave-vaisselle Candy CNS4A4S3PSB"},"content":{"rendered":"<p>Si vous \u00eates \u00e0 la recherche de nouvelles tendances sur le march\u00e9, nous vous pr\u00e9sentons <b>Lave-vaisselle Candy CNS4A4S3PSB<\/b> !<\/p>\n<p>Le <b>CNS4A4S3PSB<\/b> de <b>Candy<\/b> est un <b>lave-vaisselle<\/b> encastrable qui allie efficacit\u00e9, capacit\u00e9 et technologie avanc\u00e9e pour le lavage quotidien. Il b\u00e9n\u00e9ficie d\u2019une <b>classe \u00e9nerg\u00e9tique A<\/b>, garantissant une utilisation responsable et efficace de l\u2019\u00e9nergie, avec une consommation optimale d\u2019eau de <b>9,5 litres par cycle<\/b>, favorisant les \u00e9conomies sans compromettre la performance. Ce mod\u00e8le int\u00e8gre un <b>\u00e9cran int\u00e9gr\u00e9<\/b> facilitant le contr\u00f4le et la s\u00e9lection des programmes, ainsi qu\u2019une connectivit\u00e9 <b>Wi-Fi<\/b>, permettant de g\u00e9rer et de surveiller le lave-vaisselle \u00e0 distance via des applications mobiles, simplifiant son usage au quotidien. Il offre une <b>capacit\u00e9 de 14 couverts<\/b>, id\u00e9ale pour les familles moyennes et nombreuses, et fonctionne avec un faible niveau sonore de <b>44 dB<\/b>, assurant un cycle silencieux. Il dispose de plusieurs programmes adapt\u00e9s \u00e0 divers besoins, dont Auto, Eco, Verre\/D\u00e9licat, Intensif, Nuit, Pr\u00e9lavage et Universel, optimisant le soin des ustensiles et l\u2019efficacit\u00e9 du lavage. De plus, il propose des fonctions avanc\u00e9es comme le <b>d\u00e9marrage diff\u00e9r\u00e9 jusqu\u2019\u00e0 23 heures<\/b> et la possibilit\u00e9 de <b>demi-charge<\/b>, id\u00e9ale pour ajuster la consommation lorsque la vaisselle n\u2019est pas pleine. Son design encastrable aux dimensions standards de <b>597 mm de largeur<\/b> facilite l\u2019installation en cuisine int\u00e9gr\u00e9e, offrant une solution pratique et esth\u00e9tique. La technologie invers\u00e9e appliqu\u00e9e dans ce mod\u00e8le am\u00e9liore le nettoyage et le soin de la vaisselle en optimisant le syst\u00e8me de lavage. En r\u00e9sum\u00e9, le <b>Candy CNS4A4S3PSB<\/b> est un lave-vaisselle fonctionnel et moderne, con\u00e7u pour les utilisateurs recherchant efficacit\u00e9 \u00e9nerg\u00e9tique, capacit\u00e9 adapt\u00e9e et confort de la connectivit\u00e9 intelligente, sans renoncer \u00e0 un faible niveau sonore ni \u00e0 la simplicit\u00e9 d\u2019utilisation.<\/p>\n<ul>\n<li>Produit \u00e0 brancher: Oui<\/li>\n<li>Type: Lave-vaisselle<\/li>\n<li>Type de prise: Prise EU<\/li>\n<li>Type d&#8217;installation: Int\u00e9grable<\/li>\n<li>Caract\u00e9ristiques:\n<ul>\n<li>Tiroir \u00e0 couverts<\/li>\n<li>\u00c9cran integr\u00e9<\/li>\n<\/ul>\n<\/li>\n<li>Bloc d\u2019Alimentation: r\u00e9seau \u00e9lectrique<\/li>\n<li>Capacit\u00e9 (Nb de couverts): 14<\/li>\n<li>Classification \u00e9nerg\u00e9tique: A<\/li>\n<li>Connectivit\u00e9: Wi-Fi<\/li>\n<li>Niveau sonore: 44 dB<\/li>\n<li>Tension: 220-240 V<\/li>\n<li>Consommation d&#8217;eau: 9,5 L<\/li>\n<li>Amp\u00e9rage: 10 A<\/li>\n<\/ul>","protected":false},"excerpt":{"rendered":"<p>Si vous \u00eates \u00e0 la recherche de nouvelles tendances sur le march\u00e9, nous vous pr\u00e9sentons Lave-vaisselle Candy CNS4A4S3PSB ! Le CNS4A4S3PSB de Candy est un lave-vaisselle encastrable qui allie efficacit\u00e9, capacit\u00e9 et technologie avanc\u00e9e pour le lavage quotidien. Il b\u00e9n\u00e9ficie d\u2019une classe \u00e9nerg\u00e9tique A, garantissant une utilisation responsable et efficace de l\u2019\u00e9nergie, avec une consommation [&hellip;]<\/p>\n","protected":false},"featured_media":167873,"comment_status":"open","ping_status":"closed","template":"","meta":[],"product_brand":[995],"product_cat":[393,60,77],"product_tag":[],"class_list":{"0":"post-167876","1":"product","2":"type-product","3":"status-publish","4":"has-post-thumbnail","6":"product_brand-brandp_1688","7":"product_cat-autres-appareils-de-cuisines","8":"product_cat-cuisine-gourmet","9":"product_cat-petit-electromenager","11":"first","12":"instock","13":"taxable","14":"shipping-taxable","15":"purchasable","16":"product-type-simple"},"_links":{"self":[{"href":"https:\/\/bigbuy.tupique.com\/en\/wp-json\/wp\/v2\/product\/167876","targetHints":{"allow":["GET"]}}],"collection":[{"href":"https:\/\/bigbuy.tupique.com\/en\/wp-json\/wp\/v2\/product"}],"about":[{"href":"https:\/\/bigbuy.tupique.com\/en\/wp-json\/wp\/v2\/types\/product"}],"replies":[{"embeddable":true,"href":"https:\/\/bigbuy.tupique.com\/en\/wp-json\/wp\/v2\/comments?post=167876"}],"wp:featuredmedia":[{"embeddable":true,"href":"https:\/\/bigbuy.tupique.com\/en\/wp-json\/wp\/v2\/media\/167873"}],"wp:attachment":[{"href":"https:\/\/bigbuy.tupique.com\/en\/wp-json\/wp\/v2\/media?parent=167876"}],"wp:term":[{"taxonomy":"product_brand","embeddable":true,"href":"https:\/\/bigbuy.tupique.com\/en\/wp-json\/wp\/v2\/product_brand?post=167876"},{"taxonomy":"product_cat","embeddable":true,"href":"https:\/\/bigbuy.tupique.com\/en\/wp-json\/wp\/v2\/product_cat?post=167876"},{"taxonomy":"product_tag","embeddable":true,"href":"https:\/\/bigbuy.tupique.com\/en\/wp-json\/wp\/v2\/product_tag?post=167876"}],"curies":[{"name":"wp","href":"https:\/\/api.w.org\/{rel}","templated":true}]}}