{"id":167807,"date":"2026-04-10T19:57:56","date_gmt":"2026-04-10T18:57:56","guid":{"rendered":"https:\/\/bigbuy.tupique.com\/produto\/dishwasher-candy-ci1c7sb1fa-integrable\/"},"modified":"2026-04-15T02:19:05","modified_gmt":"2026-04-15T01:19:05","slug":"dishwasher-candy-ci1c7sb1fa-integrable","status":"publish","type":"product","link":"https:\/\/bigbuy.tupique.com\/en\/produto\/dishwasher-candy-ci1c7sb1fa-integrable\/","title":{"rendered":"Lave-vaisselle Candy CI1C7SB1FA Int\u00e9grable"},"content":{"rendered":"<p>Si vous \u00eates passionn\u00e9 d&#8217;<b>informatique et d&#8217;\u00e9lectronique<\/b>, si vous \u00eates \u00e0 la pointe de la technologie et qu&#8217;aucun d\u00e9tail ne vous \u00e9chappe, achetez <b>Lave-vaisselle Candy CI1C7SB1FA Int\u00e9grable<\/b> au meilleur prix.<\/p>\n<ul>\n<li>Largeur: 45 cm<\/li>\n<li>Type de prise: Prise EU<\/li>\n<li>Type d&#8217;installation: Int\u00e9grable<\/li>\n<li>Produit \u00e0 brancher: Oui<\/li>\n<li>Type: Lave-vaisselle<\/li>\n<li>Bloc d\u2019Alimentation: r\u00e9seau \u00e9lectrique<\/li>\n<li>Couleur:\n<ul>\n<li>Blanc<\/li>\n<li>Personnalisable<\/li>\n<\/ul>\n<\/li>\n<li>Caract\u00e9ristiques: \u00c9cran integr\u00e9<\/li>\n<li>Classification \u00e9nerg\u00e9tique: C<\/li>\n<li>Connectivit\u00e9: Wi-Fi<\/li>\n<li>Tension: 220-240 V<\/li>\n<li>Pieds: Ajustables<\/li>\n<li>Temp\u00e9rature max.: 75\u00baC<\/li>\n<li>Amp\u00e9rage: 10 A<\/li>\n<\/ul>","protected":false},"excerpt":{"rendered":"<p>Si vous \u00eates passionn\u00e9 d&#8217;informatique et d&#8217;\u00e9lectronique, si vous \u00eates \u00e0 la pointe de la technologie et qu&#8217;aucun d\u00e9tail ne vous \u00e9chappe, achetez Lave-vaisselle Candy CI1C7SB1FA Int\u00e9grable au meilleur prix. Largeur: 45 cm Type de prise: Prise EU Type d&#8217;installation: Int\u00e9grable Produit \u00e0 brancher: Oui Type: Lave-vaisselle Bloc d\u2019Alimentation: r\u00e9seau \u00e9lectrique Couleur: Blanc Personnalisable Caract\u00e9ristiques: [&hellip;]<\/p>\n","protected":false},"featured_media":167804,"comment_status":"open","ping_status":"closed","template":"","meta":[],"product_brand":[995],"product_cat":[393,60,77],"product_tag":[],"class_list":{"0":"post-167807","1":"product","2":"type-product","3":"status-publish","4":"has-post-thumbnail","6":"product_brand-brandp_1688","7":"product_cat-autres-appareils-de-cuisines","8":"product_cat-cuisine-gourmet","9":"product_cat-petit-electromenager","11":"first","12":"instock","13":"taxable","14":"shipping-taxable","15":"purchasable","16":"product-type-simple"},"_links":{"self":[{"href":"https:\/\/bigbuy.tupique.com\/en\/wp-json\/wp\/v2\/product\/167807","targetHints":{"allow":["GET"]}}],"collection":[{"href":"https:\/\/bigbuy.tupique.com\/en\/wp-json\/wp\/v2\/product"}],"about":[{"href":"https:\/\/bigbuy.tupique.com\/en\/wp-json\/wp\/v2\/types\/product"}],"replies":[{"embeddable":true,"href":"https:\/\/bigbuy.tupique.com\/en\/wp-json\/wp\/v2\/comments?post=167807"}],"wp:featuredmedia":[{"embeddable":true,"href":"https:\/\/bigbuy.tupique.com\/en\/wp-json\/wp\/v2\/media\/167804"}],"wp:attachment":[{"href":"https:\/\/bigbuy.tupique.com\/en\/wp-json\/wp\/v2\/media?parent=167807"}],"wp:term":[{"taxonomy":"product_brand","embeddable":true,"href":"https:\/\/bigbuy.tupique.com\/en\/wp-json\/wp\/v2\/product_brand?post=167807"},{"taxonomy":"product_cat","embeddable":true,"href":"https:\/\/bigbuy.tupique.com\/en\/wp-json\/wp\/v2\/product_cat?post=167807"},{"taxonomy":"product_tag","embeddable":true,"href":"https:\/\/bigbuy.tupique.com\/en\/wp-json\/wp\/v2\/product_tag?post=167807"}],"curies":[{"name":"wp","href":"https:\/\/api.w.org\/{rel}","templated":true}]}}