{"id":16768,"date":"2026-03-29T13:58:31","date_gmt":"2026-03-29T12:58:31","guid":{"rendered":"https:\/\/bigbuy.tupique.com\/produto\/superautomatic-coffee-maker-delonghi-etam29-510-1450-w-15-bar\/"},"modified":"2026-04-16T17:21:21","modified_gmt":"2026-04-16T16:21:21","slug":"superautomatic-coffee-maker-delonghi-etam29-510-1450-w-15-bar","status":"publish","type":"product","link":"https:\/\/bigbuy.tupique.com\/en\/produto\/superautomatic-coffee-maker-delonghi-etam29-510-1450-w-15-bar\/","title":{"rendered":"Cafeti\u00e8re superautomatique DeLonghi ETAM29.510 1450 W 15 bar"},"content":{"rendered":"<p>Si vous recherchez des \u00e9lectrom\u00e9nagers pour votre maison aux meilleurs prix, ne manquez pas <b>Cafeti\u00e8re superautomatique DeLonghi ETAM29.510 1450 W 15 bar<\/b> et une large s\u00e9lection de petits \u00e9lectrom\u00e9nagers de qualit\u00e9 !<\/p>\n<p>La <b>DeLonghi ETAM29.510<\/b> est une <b>cafeti\u00e8re super-automatique<\/b> con\u00e7ue pour offrir une exp\u00e9rience caf\u00e9 professionnelle \u00e0 domicile, int\u00e9grant une technologie avanc\u00e9e et une facilit\u00e9 d\u2019utilisation pour les amateurs de caf\u00e9 recherchant personnalisation et commodit\u00e9. Avec une <b>pression de 15 bars<\/b>, cette cafeti\u00e8re garantit une extraction optimale des ar\u00f4mes et huiles du caf\u00e9, obtenant des espressos intenses et cr\u00e9meux de qualit\u00e9 barista \u00e0 chaque pr\u00e9paration. Sa <b>puissance de 1450 W<\/b> permet un chauffage rapide et constant, tandis que le <b>moulin int\u00e9gr\u00e9<\/b> accepte \u00e0 la fois les grains de caf\u00e9 et le caf\u00e9 moulu, assurant polyvalence selon les pr\u00e9f\u00e9rences de l\u2019utilisateur et fra\u00eecheur \u00e0 chaque tasse. La <b>capacit\u00e9 de 150 g<\/b> de son compartiment \u00e0 caf\u00e9 permet plusieurs pr\u00e9parations sans recharge fr\u00e9quente, et son r\u00e9servoir d\u2019eau de 1,4 litre est id\u00e9al pour un usage quotidien et continu. Le panneau de contr\u00f4le intuitif inclut des fonctions telles que la pr\u00e9paration de caf\u00e9 long et le bouton <b>Doppio+<\/b>, qui ajuste la dose pour une intensit\u00e9 sup\u00e9rieure, ainsi qu\u2019une buse vapeur et eau chaude pour r\u00e9aliser cappuccinos, lattes ou infusions selon le go\u00fbt du consommateur. Ses dimensions compactes (34 cm de hauteur et design \u00e9troit en ton <b>gris<\/b>) facilitent son int\u00e9gration dans toute cuisine, et sa structure en <b>acier inoxydable<\/b> allie durabilit\u00e9 et esth\u00e9tique moderne. Parmi ses caract\u00e9ristiques suppl\u00e9mentaires figurent un syst\u00e8me de <b>mouture r\u00e9glable<\/b>, des programmes automatiques de rin\u00e7age et d\u00e9tartrage pour un entretien facile, ainsi qu\u2019une garantie de 2 ans qui assure la fiabilit\u00e9 du produit. La DeLonghi ETAM29.510 s\u2019adresse \u00e0 ceux qui appr\u00e9cient la praticit\u00e9 sans renoncer au go\u00fbt authentique et \u00e0 la personnalisation de leur caf\u00e9 quotidien.<\/p>\n<ul>\n<li>Type: Cafeti\u00e8re superautomatique<\/li>\n<li>Couleur: Gris<\/li>\n<li>Produit \u00e0 brancher: Oui<\/li>\n<li>Bloc d\u2019Alimentation: r\u00e9seau \u00e9lectrique<\/li>\n<li>puissance: 1450 W<\/li>\n<li>Long: 34 cm<\/li>\n<li>Pression: 15 bar<\/li>\n<li>Capacit\u00e9: 150 g<\/li>\n<\/ul>","protected":false},"excerpt":{"rendered":"<p><span class=\"unit-info\">357.9933 &euro; \/ 100 gr<\/span><\/p>","protected":false},"featured_media":16765,"comment_status":"open","ping_status":"closed","template":"","meta":[],"product_brand":[299],"product_cat":[725,60,77],"product_tag":[59,56],"class_list":{"0":"post-16768","1":"product","2":"type-product","3":"status-publish","4":"has-post-thumbnail","6":"product_brand-brandp_5487","7":"product_cat-cafetieres","8":"product_cat-cuisine-gourmet","9":"product_cat-petit-electromenager","10":"product_tag-tag_1304","11":"product_tag-tag_930","13":"first","14":"instock","15":"taxable","16":"shipping-taxable","17":"purchasable","18":"product-type-simple"},"_links":{"self":[{"href":"https:\/\/bigbuy.tupique.com\/en\/wp-json\/wp\/v2\/product\/16768","targetHints":{"allow":["GET"]}}],"collection":[{"href":"https:\/\/bigbuy.tupique.com\/en\/wp-json\/wp\/v2\/product"}],"about":[{"href":"https:\/\/bigbuy.tupique.com\/en\/wp-json\/wp\/v2\/types\/product"}],"replies":[{"embeddable":true,"href":"https:\/\/bigbuy.tupique.com\/en\/wp-json\/wp\/v2\/comments?post=16768"}],"wp:featuredmedia":[{"embeddable":true,"href":"https:\/\/bigbuy.tupique.com\/en\/wp-json\/wp\/v2\/media\/16765"}],"wp:attachment":[{"href":"https:\/\/bigbuy.tupique.com\/en\/wp-json\/wp\/v2\/media?parent=16768"}],"wp:term":[{"taxonomy":"product_brand","embeddable":true,"href":"https:\/\/bigbuy.tupique.com\/en\/wp-json\/wp\/v2\/product_brand?post=16768"},{"taxonomy":"product_cat","embeddable":true,"href":"https:\/\/bigbuy.tupique.com\/en\/wp-json\/wp\/v2\/product_cat?post=16768"},{"taxonomy":"product_tag","embeddable":true,"href":"https:\/\/bigbuy.tupique.com\/en\/wp-json\/wp\/v2\/product_tag?post=16768"}],"curies":[{"name":"wp","href":"https:\/\/api.w.org\/{rel}","templated":true}]}}