{"id":167487,"date":"2026-04-10T19:14:42","date_gmt":"2026-04-10T18:14:42","guid":{"rendered":"https:\/\/bigbuy.tupique.com\/produto\/ladies-watch-mido-m76009691-o-29-mm\/"},"modified":"2026-04-15T09:10:39","modified_gmt":"2026-04-15T08:10:39","slug":"ladies-watch-mido-m76009691-o-29-mm","status":"publish","type":"product","link":"https:\/\/bigbuy.tupique.com\/en\/produto\/ladies-watch-mido-m76009691-o-29-mm\/","title":{"rendered":"Montre Femme Mido M76009691 (\u00d8 29 mm)"},"content":{"rendered":"<p>Si vous aimez suivre les derni\u00e8res tendances en mati\u00e8re de mode et accessoires, achetez <b>Montre Femme Mido M76009691 (\u00d8 29 mm)<\/b> au meilleur prix.<\/p>\n<p>La <b>montre femme<\/b> <b>Mido M76009691<\/b> incarne la fusion entre \u00e9l\u00e9gance et durabilit\u00e9, con\u00e7ue pour celles qui recherchent un accessoire fiable et sophistiqu\u00e9 au quotidien. Dot\u00e9e d\u2019un design contemporain, ce mod\u00e8le est \u00e9quip\u00e9 d\u2019un <b>bracelet en acier inoxydable<\/b> qui assure robustesse et r\u00e9sistance \u00e0 l\u2019usure, id\u00e9al pour un usage prolong\u00e9 sans perdre son aspect poli et brillant. Le <b>bo\u00eetier en acier inoxydable<\/b> apporte une coh\u00e9rence esth\u00e9tique et prot\u00e8ge efficacement les m\u00e9canismes internes, garantissant long\u00e9vit\u00e9 et solidit\u00e9 face aux activit\u00e9s journali\u00e8res. Son <b>cadran blanc<\/b> s\u2019harmonise avec l\u2019ensemble, offrant une lecture claire et simple de l\u2019heure, tandis que les d\u00e9tails en <b>tons gris et blanc<\/b> renforcent un design intemporel adapt\u00e9 \u00e0 diff\u00e9rents styles, aussi bien formels qu\u2019informels. Pens\u00e9e pour un public f\u00e9minin, la montre Mido M76009691 associe des mat\u00e9riaux de haute qualit\u00e9 \u00e0 des lignes raffin\u00e9es, se positionnant comme un choix polyvalent et r\u00e9sistant pour celles qui appr\u00e9cient la combinaison de fonctionnalit\u00e9 et d\u2019esth\u00e9tique \u00e0 leur poignet.<\/p>\n<ul>\n<li>Genre: Femme<\/li>\n<li>Liens suppl\u00e9mentaires: Non<\/li>\n<li>Type de montre: Montre-bracelet<\/li>\n<li>Inclut: Inclut un \u00e9tui ou une housse de la marque<\/li>\n<li>Mat\u00e9riau du bo\u00eetier de la montre: Acier inoxydable<\/li>\n<li>Type de mouvement: Automatique<\/li>\n<li>Couleur du cadran: Blanc<\/li>\n<li>Couleur:\n<ul>\n<li>Gris<\/li>\n<li>Blanc<\/li>\n<li>Argent\u00e9<\/li>\n<\/ul>\n<\/li>\n<li>Verre: Saphir<\/li>\n<li>Type de fermeture: Pression<\/li>\n<li>Style: Bracelet<\/li>\n<li>Mat\u00e9riau du bracelet: Acier inoxydable<\/li>\n<li>Materiau du bo\u00eetier: Acier inoxydable<\/li>\n<li>Forme: Rond<\/li>\n<li>Design: Femme<\/li>\n<li>Diam\u00e8tre du bo\u00eetier: \u00d8 29 mm<\/li>\n<\/ul>","protected":false},"excerpt":{"rendered":"<p>Si vous aimez suivre les derni\u00e8res tendances en mati\u00e8re de mode et accessoires, achetez Montre Femme Mido M76009691 (\u00d8 29 mm) au meilleur prix. La montre femme Mido M76009691 incarne la fusion entre \u00e9l\u00e9gance et durabilit\u00e9, con\u00e7ue pour celles qui recherchent un accessoire fiable et sophistiqu\u00e9 au quotidien. Dot\u00e9e d\u2019un design contemporain, ce mod\u00e8le est [&hellip;]<\/p>\n","protected":false},"featured_media":168755,"comment_status":"open","ping_status":"closed","template":"","meta":[],"product_brand":[796],"product_cat":[544,546,545],"product_tag":[103,542,543],"class_list":{"0":"post-167487","1":"product","2":"type-product","3":"status-publish","4":"has-post-thumbnail","6":"product_brand-brandp_6824","7":"product_cat-mode-accessoires","8":"product_cat-montres-femme","9":"product_cat-montres-bracelets","10":"product_tag-tag_1261","11":"product_tag-tag_1274","12":"product_tag-tag_61","14":"first","15":"instock","16":"taxable","17":"shipping-taxable","18":"purchasable","19":"product-type-simple"},"_links":{"self":[{"href":"https:\/\/bigbuy.tupique.com\/en\/wp-json\/wp\/v2\/product\/167487","targetHints":{"allow":["GET"]}}],"collection":[{"href":"https:\/\/bigbuy.tupique.com\/en\/wp-json\/wp\/v2\/product"}],"about":[{"href":"https:\/\/bigbuy.tupique.com\/en\/wp-json\/wp\/v2\/types\/product"}],"replies":[{"embeddable":true,"href":"https:\/\/bigbuy.tupique.com\/en\/wp-json\/wp\/v2\/comments?post=167487"}],"wp:featuredmedia":[{"embeddable":true,"href":"https:\/\/bigbuy.tupique.com\/en\/wp-json\/wp\/v2\/media\/168755"}],"wp:attachment":[{"href":"https:\/\/bigbuy.tupique.com\/en\/wp-json\/wp\/v2\/media?parent=167487"}],"wp:term":[{"taxonomy":"product_brand","embeddable":true,"href":"https:\/\/bigbuy.tupique.com\/en\/wp-json\/wp\/v2\/product_brand?post=167487"},{"taxonomy":"product_cat","embeddable":true,"href":"https:\/\/bigbuy.tupique.com\/en\/wp-json\/wp\/v2\/product_cat?post=167487"},{"taxonomy":"product_tag","embeddable":true,"href":"https:\/\/bigbuy.tupique.com\/en\/wp-json\/wp\/v2\/product_tag?post=167487"}],"curies":[{"name":"wp","href":"https:\/\/api.w.org\/{rel}","templated":true}]}}