{"id":167478,"date":"2026-04-10T19:14:25","date_gmt":"2026-04-10T18:14:25","guid":{"rendered":"https:\/\/bigbuy.tupique.com\/produto\/digital-camera-insta360-incamx42\/"},"modified":"2026-04-15T09:10:38","modified_gmt":"2026-04-15T08:10:38","slug":"digital-camera-insta360-incamx42","status":"publish","type":"product","link":"https:\/\/bigbuy.tupique.com\/en\/produto\/digital-camera-insta360-incamx42\/","title":{"rendered":"Appareil Photo Num\u00e9rique Insta360 INCAMX42"},"content":{"rendered":"<p>Si vous \u00eates passionn\u00e9 d&#8217;<b>informatique et d&#8217;\u00e9lectronique<\/b>, si vous \u00eates \u00e0 la pointe de la technologie et qu&#8217;aucun d\u00e9tail ne vous \u00e9chappe, achetez <b>Appareil Photo Num\u00e9rique Insta360 INCAMX42<\/b> au meilleur prix.<\/p>\n<ul>\n<li>Produit \u00e0 brancher: Oui<\/li>\n<li>Type de prise: Prise EU<\/li>\n<li>Bloc d\u2019Alimentation:\n<ul>\n<li>r\u00e9seau \u00e9lectrique<\/li>\n<li>Batterie<\/li>\n<\/ul>\n<\/li>\n<li>Couleur:\n<ul>\n<li>Noir<\/li>\n<li>noir<\/li>\n<\/ul>\n<\/li>\n<li>Connexions: USB<\/li>\n<li>Type de batterie: Batterie au lithium rechargeable<\/li>\n<\/ul>","protected":false},"excerpt":{"rendered":"<p>Si vous \u00eates passionn\u00e9 d&#8217;informatique et d&#8217;\u00e9lectronique, si vous \u00eates \u00e0 la pointe de la technologie et qu&#8217;aucun d\u00e9tail ne vous \u00e9chappe, achetez Appareil Photo Num\u00e9rique Insta360 INCAMX42 au meilleur prix. Produit \u00e0 brancher: Oui Type de prise: Prise EU Bloc d\u2019Alimentation: r\u00e9seau \u00e9lectrique Batterie Couleur: Noir noir Connexions: USB Type de batterie: Batterie au [&hellip;]<\/p>\n","protected":false},"featured_media":168760,"comment_status":"open","ping_status":"closed","template":"","meta":[],"product_brand":[1307],"product_cat":[1281,600,65],"product_tag":[571,163],"class_list":{"0":"post-167478","1":"product","2":"type-product","3":"status-publish","4":"has-post-thumbnail","6":"product_brand-brandp_2530","7":"product_cat-appareils-photo-sport","8":"product_cat-electronique-photo-et-video","9":"product_cat-informatique-electronique","10":"product_tag-tag_27","11":"product_tag-tag_17","13":"first","14":"instock","15":"taxable","16":"shipping-taxable","17":"purchasable","18":"product-type-simple"},"_links":{"self":[{"href":"https:\/\/bigbuy.tupique.com\/en\/wp-json\/wp\/v2\/product\/167478","targetHints":{"allow":["GET"]}}],"collection":[{"href":"https:\/\/bigbuy.tupique.com\/en\/wp-json\/wp\/v2\/product"}],"about":[{"href":"https:\/\/bigbuy.tupique.com\/en\/wp-json\/wp\/v2\/types\/product"}],"replies":[{"embeddable":true,"href":"https:\/\/bigbuy.tupique.com\/en\/wp-json\/wp\/v2\/comments?post=167478"}],"wp:featuredmedia":[{"embeddable":true,"href":"https:\/\/bigbuy.tupique.com\/en\/wp-json\/wp\/v2\/media\/168760"}],"wp:attachment":[{"href":"https:\/\/bigbuy.tupique.com\/en\/wp-json\/wp\/v2\/media?parent=167478"}],"wp:term":[{"taxonomy":"product_brand","embeddable":true,"href":"https:\/\/bigbuy.tupique.com\/en\/wp-json\/wp\/v2\/product_brand?post=167478"},{"taxonomy":"product_cat","embeddable":true,"href":"https:\/\/bigbuy.tupique.com\/en\/wp-json\/wp\/v2\/product_cat?post=167478"},{"taxonomy":"product_tag","embeddable":true,"href":"https:\/\/bigbuy.tupique.com\/en\/wp-json\/wp\/v2\/product_tag?post=167478"}],"curies":[{"name":"wp","href":"https:\/\/api.w.org\/{rel}","templated":true}]}}