{"id":16745,"date":"2026-03-29T13:57:59","date_gmt":"2026-03-29T12:57:59","guid":{"rendered":"https:\/\/bigbuy.tupique.com\/produto\/headphones-with-microphone-jabra-evolve2-65-flex\/"},"modified":"2026-04-16T08:30:12","modified_gmt":"2026-04-16T07:30:12","slug":"headphones-with-microphone-jabra-evolve2-65-flex","status":"publish","type":"product","link":"https:\/\/bigbuy.tupique.com\/en\/produto\/headphones-with-microphone-jabra-evolve2-65-flex\/","title":{"rendered":"Casques avec Microphone Jabra Evolve2 65 Flex"},"content":{"rendered":"<p>Si vous \u00eates passionn\u00e9 d&#8217;<b>informatique et d&#8217;\u00e9lectronique<\/b>, si vous \u00eates \u00e0 la pointe de la technologie et qu&#8217;aucun d\u00e9tail ne vous \u00e9chappe, achetez <b>Casques avec Microphone Jabra Evolve2 65 Flex<\/b> au meilleur prix.<\/p>\n<ul>\n<li>Connexions:\n<ul>\n<li>USB<\/li>\n<li>USB-C<\/li>\n<\/ul>\n<\/li>\n<li>Temps de charge approx.: 2 heures<\/li>\n<li>Type:\n<ul>\n<li>\u00c9couteur<\/li>\n<li>Sans fil<\/li>\n<li>Casque audio<\/li>\n<li>C\u00e2ble<\/li>\n<li>Casques avec Microphone<\/li>\n<\/ul>\n<\/li>\n<li>Port\u00e9e: 30 m<\/li>\n<li>Inclut: C\u00e2ble USB-C<\/li>\n<li>Fr\u00e9quence: 20 &#8211; 20000 Hz<\/li>\n<li>Type de casque: Externe supra-aural<\/li>\n<li>Connectivit\u00e9:\n<ul>\n<li>Bluetooth<\/li>\n<li>Sans fil<\/li>\n<li>Bluetooth 5.2<\/li>\n<\/ul>\n<\/li>\n<li>Caract\u00e9ristiques:\n<ul>\n<li>Batterie int\u00e9gr\u00e9e<\/li>\n<li>Pliable<\/li>\n<li>Sans fil<\/li>\n<li>T\u00e9moin LED<\/li>\n<li>Chargeur sans fil<\/li>\n<\/ul>\n<\/li>\n<li>Couleur: Noir<\/li>\n<li>Utilisation recommand\u00e9e: Oficina\/Centro de llamadas<\/li>\n<li>Mati\u00e8re: Plastique<\/li>\n<li>Largeur: 20 cm<\/li>\n<li>puissance: 30 W<\/li>\n<li>Contr\u00f4le: Boutons<\/li>\n<li>Batterie: Oui<\/li>\n<li>\u00c2ge recommand\u00e9: Adultes<\/li>\n<li>Casque: Binaural<\/li>\n<li>Type de batterie:\n<ul>\n<li>Litio Ion<\/li>\n<li>Batterie au lithium rechargeable<\/li>\n<\/ul>\n<\/li>\n<\/ul>","protected":false},"excerpt":{"rendered":"<p>Si vous \u00eates passionn\u00e9 d&#8217;informatique et d&#8217;\u00e9lectronique, si vous \u00eates \u00e0 la pointe de la technologie et qu&#8217;aucun d\u00e9tail ne vous \u00e9chappe, achetez Casques avec Microphone Jabra Evolve2 65 Flex au meilleur prix. Connexions: USB USB-C Temps de charge approx.: 2 heures Type: \u00c9couteur Sans fil Casque audio C\u00e2ble Casques avec Microphone Port\u00e9e: 30 m [&hellip;]<\/p>\n","protected":false},"featured_media":16742,"comment_status":"open","ping_status":"closed","template":"","meta":[],"product_brand":[642],"product_cat":[758,575,65],"product_tag":[566,106],"class_list":{"0":"post-16745","1":"product","2":"type-product","3":"status-publish","4":"has-post-thumbnail","6":"product_brand-brandp_3341","7":"product_cat-casque-avec-microphone","8":"product_cat-electronique-telephonie-et-tablettes","9":"product_cat-informatique-electronique","10":"product_tag-tag_547","11":"product_tag-tag_1295","13":"first","14":"instock","15":"taxable","16":"shipping-taxable","17":"purchasable","18":"product-type-simple"},"_links":{"self":[{"href":"https:\/\/bigbuy.tupique.com\/en\/wp-json\/wp\/v2\/product\/16745","targetHints":{"allow":["GET"]}}],"collection":[{"href":"https:\/\/bigbuy.tupique.com\/en\/wp-json\/wp\/v2\/product"}],"about":[{"href":"https:\/\/bigbuy.tupique.com\/en\/wp-json\/wp\/v2\/types\/product"}],"replies":[{"embeddable":true,"href":"https:\/\/bigbuy.tupique.com\/en\/wp-json\/wp\/v2\/comments?post=16745"}],"wp:featuredmedia":[{"embeddable":true,"href":"https:\/\/bigbuy.tupique.com\/en\/wp-json\/wp\/v2\/media\/16742"}],"wp:attachment":[{"href":"https:\/\/bigbuy.tupique.com\/en\/wp-json\/wp\/v2\/media?parent=16745"}],"wp:term":[{"taxonomy":"product_brand","embeddable":true,"href":"https:\/\/bigbuy.tupique.com\/en\/wp-json\/wp\/v2\/product_brand?post=16745"},{"taxonomy":"product_cat","embeddable":true,"href":"https:\/\/bigbuy.tupique.com\/en\/wp-json\/wp\/v2\/product_cat?post=16745"},{"taxonomy":"product_tag","embeddable":true,"href":"https:\/\/bigbuy.tupique.com\/en\/wp-json\/wp\/v2\/product_tag?post=16745"}],"curies":[{"name":"wp","href":"https:\/\/api.w.org\/{rel}","templated":true}]}}