{"id":16735,"date":"2026-03-29T13:57:47","date_gmt":"2026-03-29T12:57:47","guid":{"rendered":"https:\/\/bigbuy.tupique.com\/produto\/ladies-sunglasses-jimmy-choo-ali_s\/"},"modified":"2026-04-15T00:47:56","modified_gmt":"2026-04-14T23:47:56","slug":"ladies-sunglasses-jimmy-choo-ali_s","status":"publish","type":"product","link":"https:\/\/bigbuy.tupique.com\/en\/produto\/ladies-sunglasses-jimmy-choo-ali_s\/","title":{"rendered":"Lunettes de soleil Femme Jimmy Choo ALI_S"},"content":{"rendered":"<p>Si vous aimez avoir les derni\u00e8res nouveaut\u00e9s en <a href=\"##TAXONOMY_27344##\"><b>mode et accessoires<\/b><\/a> et si les accessoires sont indispensables pour l&#8217;ensemble de votre image, ne passez pas \u00e0 c\u00f4t\u00e9 de <b>Lunettes de soleil Femme Jimmy Choo ALI_S<\/b> ! B\u00e9n\u00e9ficiez des meilleures marques de <a href=\"##TAXONOMY_27344##\"><b>lunettes de soleil<\/b><\/a>.<\/p>\n<ul>\n<li>Inclut: Le coffret de la marque est inclus<\/li>\n<li>Branches: 140 mm<\/li>\n<li>Pont: 17 mm<\/li>\n<li>Mat\u00e9riel: Ac\u00e9tate<\/li>\n<li>Couleur: Noir<\/li>\n<li>Type: Lunettes de soleil Femme<\/li>\n<li>Genre: Femme<\/li>\n<li>Protection: Prot\u00e8gent contre 100 % des rayons UV (UV400)<\/li>\n<li>Mat\u00e9riau de l&#8217;objectif: Polycarbonate<\/li>\n<\/ul>","protected":false},"excerpt":{"rendered":"<p>Si vous aimez avoir les derni\u00e8res nouveaut\u00e9s en mode et accessoires et si les accessoires sont indispensables pour l&#8217;ensemble de votre image, ne passez pas \u00e0 c\u00f4t\u00e9 de Lunettes de soleil Femme Jimmy Choo ALI_S ! B\u00e9n\u00e9ficiez des meilleures marques de lunettes de soleil. Inclut: Le coffret de la marque est inclus Branches: 140 mm [&hellip;]<\/p>\n","protected":false},"featured_media":16732,"comment_status":"open","ping_status":"closed","template":"","meta":[],"product_brand":[840],"product_cat":[773,774,544],"product_tag":[103,542,721],"class_list":{"0":"post-16735","1":"product","2":"type-product","3":"status-publish","4":"has-post-thumbnail","6":"product_brand-brandp_402","7":"product_cat-lunettes-de-soleil","8":"product_cat-lunettes-de-soleil-femme","9":"product_cat-mode-accessoires","10":"product_tag-tag_1261","11":"product_tag-tag_1274","12":"product_tag-tag_124","14":"first","15":"instock","16":"taxable","17":"shipping-taxable","18":"purchasable","19":"product-type-simple"},"_links":{"self":[{"href":"https:\/\/bigbuy.tupique.com\/en\/wp-json\/wp\/v2\/product\/16735","targetHints":{"allow":["GET"]}}],"collection":[{"href":"https:\/\/bigbuy.tupique.com\/en\/wp-json\/wp\/v2\/product"}],"about":[{"href":"https:\/\/bigbuy.tupique.com\/en\/wp-json\/wp\/v2\/types\/product"}],"replies":[{"embeddable":true,"href":"https:\/\/bigbuy.tupique.com\/en\/wp-json\/wp\/v2\/comments?post=16735"}],"wp:featuredmedia":[{"embeddable":true,"href":"https:\/\/bigbuy.tupique.com\/en\/wp-json\/wp\/v2\/media\/16732"}],"wp:attachment":[{"href":"https:\/\/bigbuy.tupique.com\/en\/wp-json\/wp\/v2\/media?parent=16735"}],"wp:term":[{"taxonomy":"product_brand","embeddable":true,"href":"https:\/\/bigbuy.tupique.com\/en\/wp-json\/wp\/v2\/product_brand?post=16735"},{"taxonomy":"product_cat","embeddable":true,"href":"https:\/\/bigbuy.tupique.com\/en\/wp-json\/wp\/v2\/product_cat?post=16735"},{"taxonomy":"product_tag","embeddable":true,"href":"https:\/\/bigbuy.tupique.com\/en\/wp-json\/wp\/v2\/product_tag?post=16735"}],"curies":[{"name":"wp","href":"https:\/\/api.w.org\/{rel}","templated":true}]}}