{"id":16673,"date":"2026-03-29T13:56:23","date_gmt":"2026-03-29T12:56:23","guid":{"rendered":"https:\/\/bigbuy.tupique.com\/produto\/tv-mount-startech-stndmtv100-100\/"},"modified":"2026-05-11T19:58:37","modified_gmt":"2026-05-11T17:58:37","slug":"tv-mount-startech-stndmtv100-100","status":"publish","type":"product","link":"https:\/\/bigbuy.tupique.com\/en\/produto\/tv-mount-startech-stndmtv100-100\/","title":{"rendered":"Support de TV Startech STNDMTV100 100&#8243;"},"content":{"rendered":"<p>Si vous \u00eates passionn\u00e9 d&#8217;<b>informatique et d&#8217;\u00e9lectronique<\/b>, si vous \u00eates \u00e0 la pointe de la technologie et qu&#8217;aucun d\u00e9tail ne vous \u00e9chappe, achetez <b>Support de TV Startech STNDMTV100 100&#8243;<\/b> au meilleur prix.<\/p>\n<p>Le <b>support TV Startech STNDMTV100<\/b> est un <b>chariot mobile sur roulettes<\/b> robuste con\u00e7u pour les \u00e9crans grand format, compatible avec les t\u00e9l\u00e9viseurs de <b>60\u201d \u00e0 100\u201d<\/b> (de 152,4 cm \u00e0 254 cm), et pouvant supporter un poids maximal de <b>100 kg<\/b>. Ce support universel offre une base large de <b>1,22 m par 71 cm<\/b> garantissant la stabilit\u00e9 n\u00e9cessaire pour d\u00e9placer en toute s\u00e9curit\u00e9 de grands \u00e9crans dans des environnements tels que salles de classe, bureaux ou espaces \u00e9ducatifs. Sa hauteur est enti\u00e8rement r\u00e9glable entre <b>1,2 m et 1,68 m<\/b> du sol au centre du t\u00e9l\u00e9viseur, permettant de positionner l\u2019\u00e9cran \u00e0 la hauteur optimale pour toute visualisation, avec des indicateurs facilitant des r\u00e9glages pr\u00e9cis et utiles pour reproduire les configurations dans diff\u00e9rents lieux. De plus, l\u2019angle d\u2019inclinaison du t\u00e9l\u00e9viseur peut varier entre <b>+5\u00b0 et -10\u00b0<\/b> pour optimiser la visibilit\u00e9 et r\u00e9duire les reflets g\u00eanants selon l\u2019\u00e9clairage ambiant. Pour compl\u00e9ter sa fonctionnalit\u00e9, le support comprend deux plateaux ind\u00e9pendants r\u00e9glables, id\u00e9aux pour des dispositifs audiovisuels comme webcams et autres \u00e9quipements multim\u00e9dias, avec une capacit\u00e9 de charge allant jusqu\u2019\u00e0 <b>5 kg chacun<\/b>. Le plateau sup\u00e9rieur peut s\u2019\u00e9lever jusqu\u2019\u00e0 <b>2,37 m<\/b> et le plateau inf\u00e9rieur jusqu\u2019\u00e0 <b>90 cm<\/b>, facilitant une organisation pratique et accessible du mat\u00e9riel suppl\u00e9mentaire. Construit en mat\u00e9riaux robustes, ce support se distingue par sa durabilit\u00e9 et sa r\u00e9sistance, parfait pour un usage fr\u00e9quent et des d\u00e9placements r\u00e9guliers en milieu professionnel ou \u00e9ducatif. Son design int\u00e8gre un gestionnaire de c\u00e2bles qui maintient l\u2019espace ordonn\u00e9 et sans enchev\u00eatrement, offrant une finition propre et fonctionnelle. Le support est disponible en couleurs <b>noir et argent\u00e9<\/b>, s\u2019adaptant esth\u00e9tiquement \u00e0 diff\u00e9rents espaces et styles. Sa compatibilit\u00e9 avec des interfaces de montage de <b>200 x 200 mm \u00e0 1000 x 600 mm<\/b> assure une grande polyvalence pour divers mod\u00e8les de t\u00e9l\u00e9viseurs. En r\u00e9sum\u00e9, le <b>Startech STNDMTV100<\/b> est une solution mobile, solide et ajustable qui facilite la manipulation et l\u2019installation de grands \u00e9crans, con\u00e7ue pour des environnements professionnels o\u00f9 mobilit\u00e9 et stabilit\u00e9 du mat\u00e9riel audiovisuel sont essentielles.<\/p>\n<ul>\n<li>Couleur:\n<ul>\n<li>Argent\u00e9<\/li>\n<li>Noir<\/li>\n<\/ul>\n<\/li>\n<li>Type:\n<ul>\n<li>Support de TV<\/li>\n<li>Support pour le sol<\/li>\n<\/ul>\n<\/li>\n<li>Inclut:\n<ul>\n<li>Vis<\/li>\n<li>Supports de montage<\/li>\n<\/ul>\n<\/li>\n<li>Caract\u00e9ristiques:\n<ul>\n<li>Hauteur r\u00e9glable<\/li>\n<li>4 roues pour facilit\u00e9 son d\u00e9placement<\/li>\n<li>R\u00e9glable<\/li>\n<li>Inclinable<\/li>\n<li>2 Etag\u00e8res<\/li>\n<\/ul>\n<\/li>\n<li>Ecran:\n<ul>\n<li>100&#8243;<\/li>\n<li>60&#8243;<\/li>\n<\/ul>\n<\/li>\n<li>VESA:\n<ul>\n<li>20 x 20 cm<\/li>\n<li>100 x 60 cm<\/li>\n<\/ul>\n<\/li>\n<li>Pouces: 100&#8243;<\/li>\n<li>Mati\u00e8re:\n<ul>\n<li>Acier<\/li>\n<li>Aluminium<\/li>\n<\/ul>\n<\/li>\n<li>Compatible: VESA 1000 x 600 mm<\/li>\n<li>Poids Max. support\u00e9: 100 kg<\/li>\n<li>Certificat: RoHS<\/li>\n<li>Type de mouvement: Inclinable<\/li>\n<li>Avec des roues: x4<\/li>\n<\/ul>","protected":false},"excerpt":{"rendered":"<p>Si vous \u00eates passionn\u00e9 d&#8217;informatique et d&#8217;\u00e9lectronique, si vous \u00eates \u00e0 la pointe de la technologie et qu&#8217;aucun d\u00e9tail ne vous \u00e9chappe, achetez Support de TV Startech STNDMTV100 100&#8243; au meilleur prix. Le support TV Startech STNDMTV100 est un chariot mobile sur roulettes robuste con\u00e7u pour les \u00e9crans grand format, compatible avec les t\u00e9l\u00e9viseurs de [&hellip;]<\/p>\n","protected":false},"featured_media":16670,"comment_status":"open","ping_status":"closed","template":"","meta":[],"product_brand":[634],"product_cat":[589,65,590],"product_tag":[210],"class_list":{"0":"post-16673","1":"product","2":"type-product","3":"status-publish","4":"has-post-thumbnail","6":"product_brand-brandp_4771","7":"product_cat-electronique-television","8":"product_cat-informatique-electronique","9":"product_cat-supports-de-television","10":"product_tag-tag_25","12":"first","13":"instock","14":"taxable","15":"shipping-taxable","16":"purchasable","17":"product-type-simple"},"_links":{"self":[{"href":"https:\/\/bigbuy.tupique.com\/en\/wp-json\/wp\/v2\/product\/16673","targetHints":{"allow":["GET"]}}],"collection":[{"href":"https:\/\/bigbuy.tupique.com\/en\/wp-json\/wp\/v2\/product"}],"about":[{"href":"https:\/\/bigbuy.tupique.com\/en\/wp-json\/wp\/v2\/types\/product"}],"replies":[{"embeddable":true,"href":"https:\/\/bigbuy.tupique.com\/en\/wp-json\/wp\/v2\/comments?post=16673"}],"wp:featuredmedia":[{"embeddable":true,"href":"https:\/\/bigbuy.tupique.com\/en\/wp-json\/wp\/v2\/media\/16670"}],"wp:attachment":[{"href":"https:\/\/bigbuy.tupique.com\/en\/wp-json\/wp\/v2\/media?parent=16673"}],"wp:term":[{"taxonomy":"product_brand","embeddable":true,"href":"https:\/\/bigbuy.tupique.com\/en\/wp-json\/wp\/v2\/product_brand?post=16673"},{"taxonomy":"product_cat","embeddable":true,"href":"https:\/\/bigbuy.tupique.com\/en\/wp-json\/wp\/v2\/product_cat?post=16673"},{"taxonomy":"product_tag","embeddable":true,"href":"https:\/\/bigbuy.tupique.com\/en\/wp-json\/wp\/v2\/product_tag?post=16673"}],"curies":[{"name":"wp","href":"https:\/\/api.w.org\/{rel}","templated":true}]}}