{"id":16666,"date":"2026-03-29T13:56:14","date_gmt":"2026-03-29T12:56:14","guid":{"rendered":"https:\/\/bigbuy.tupique.com\/produto\/bluetooth-speakers-jabra-speak2-75-grey\/"},"modified":"2026-04-16T08:30:12","modified_gmt":"2026-04-16T07:30:12","slug":"bluetooth-speakers-jabra-speak2-75-grey","status":"publish","type":"product","link":"https:\/\/bigbuy.tupique.com\/en\/produto\/bluetooth-speakers-jabra-speak2-75-grey\/","title":{"rendered":"Haut-parleurs bluetooth Jabra SPEAK2 75 Gris"},"content":{"rendered":"<p>Si vous \u00eates passionn\u00e9 d&#8217;<b>informatique et d&#8217;\u00e9lectronique<\/b>, si vous \u00eates \u00e0 la pointe de la technologie et qu&#8217;aucun d\u00e9tail ne vous \u00e9chappe, achetez <b>Haut-parleurs bluetooth Jabra SPEAK2 75 Gris<\/b> au meilleur prix.<\/p>\n<ul>\n<li>Type: Sans fil<\/li>\n<li>Couleur: Gris<\/li>\n<li>Type de batterie: Litio Ion<\/li>\n<li>Connectivit\u00e9:\n<ul>\n<li>Bluetooth<\/li>\n<li>Bluetooth 5.2<\/li>\n<\/ul>\n<\/li>\n<li>Capacit\u00e9 de la batterie: 4700 mAh<\/li>\n<li>Inclut: C\u00e2ble USB<\/li>\n<li>Autonomie approx.: 32 heures<\/li>\n<li>Caract\u00e9ristiques:\n<ul>\n<li>Avec c\u00e2ble<\/li>\n<li>Commande par boutons<\/li>\n<\/ul>\n<\/li>\n<li>Bloc d\u2019Alimentation: Batterie<\/li>\n<li>Fonctionne \u00e0 piles: 1 Litio Ion<\/li>\n<\/ul>","protected":false},"excerpt":{"rendered":"<p>Si vous \u00eates passionn\u00e9 d&#8217;informatique et d&#8217;\u00e9lectronique, si vous \u00eates \u00e0 la pointe de la technologie et qu&#8217;aucun d\u00e9tail ne vous \u00e9chappe, achetez Haut-parleurs bluetooth Jabra SPEAK2 75 Gris au meilleur prix. Type: Sans fil Couleur: Gris Type de batterie: Litio Ion Connectivit\u00e9: Bluetooth Bluetooth 5.2 Capacit\u00e9 de la batterie: 4700 mAh Inclut: C\u00e2ble USB [&hellip;]<\/p>\n","protected":false},"featured_media":16665,"comment_status":"open","ping_status":"closed","template":"","meta":[],"product_brand":[642],"product_cat":[755,772,65],"product_tag":[566],"class_list":{"0":"post-16666","1":"product","2":"type-product","3":"status-publish","4":"has-post-thumbnail","6":"product_brand-brandp_3341","7":"product_cat-electronique-son","8":"product_cat-haut-parleurs-bluetooth","9":"product_cat-informatique-electronique","10":"product_tag-tag_547","12":"first","13":"instock","14":"taxable","15":"shipping-taxable","16":"purchasable","17":"product-type-simple"},"_links":{"self":[{"href":"https:\/\/bigbuy.tupique.com\/en\/wp-json\/wp\/v2\/product\/16666","targetHints":{"allow":["GET"]}}],"collection":[{"href":"https:\/\/bigbuy.tupique.com\/en\/wp-json\/wp\/v2\/product"}],"about":[{"href":"https:\/\/bigbuy.tupique.com\/en\/wp-json\/wp\/v2\/types\/product"}],"replies":[{"embeddable":true,"href":"https:\/\/bigbuy.tupique.com\/en\/wp-json\/wp\/v2\/comments?post=16666"}],"wp:featuredmedia":[{"embeddable":true,"href":"https:\/\/bigbuy.tupique.com\/en\/wp-json\/wp\/v2\/media\/16665"}],"wp:attachment":[{"href":"https:\/\/bigbuy.tupique.com\/en\/wp-json\/wp\/v2\/media?parent=16666"}],"wp:term":[{"taxonomy":"product_brand","embeddable":true,"href":"https:\/\/bigbuy.tupique.com\/en\/wp-json\/wp\/v2\/product_brand?post=16666"},{"taxonomy":"product_cat","embeddable":true,"href":"https:\/\/bigbuy.tupique.com\/en\/wp-json\/wp\/v2\/product_cat?post=16666"},{"taxonomy":"product_tag","embeddable":true,"href":"https:\/\/bigbuy.tupique.com\/en\/wp-json\/wp\/v2\/product_tag?post=16666"}],"curies":[{"name":"wp","href":"https:\/\/api.w.org\/{rel}","templated":true}]}}