{"id":16638,"date":"2026-03-29T13:55:34","date_gmt":"2026-03-29T12:55:34","guid":{"rendered":"https:\/\/bigbuy.tupique.com\/produto\/projector-epson-co-fh01-3000-lm\/"},"modified":"2026-05-11T19:59:24","modified_gmt":"2026-05-11T17:59:24","slug":"projector-epson-co-fh01-3000-lm","status":"publish","type":"product","link":"https:\/\/bigbuy.tupique.com\/en\/produto\/projector-epson-co-fh01-3000-lm\/","title":{"rendered":"Projecteur Epson CO-FH01 3000 lm"},"content":{"rendered":"<p>Si vous \u00eates passionn\u00e9 d&#8217;<b>informatique et d&#8217;\u00e9lectronique<\/b>, si vous \u00eates \u00e0 la pointe de la technologie et qu&#8217;aucun d\u00e9tail ne vous \u00e9chappe, achetez <b>Projecteur Epson CO-FH01 3000 lm<\/b> au meilleur prix.<\/p>\n<ul>\n<li>Type: Projecteur<\/li>\n<li>Couleur: Blanc<\/li>\n<li>Caract\u00e9ristiques:\n<ul>\n<li>\u00c9cran integr\u00e9<\/li>\n<li>Haut-parleurs int\u00e9gr\u00e9s<\/li>\n<\/ul>\n<\/li>\n<li>Connexions:\n<ul>\n<li>USB 2.0<\/li>\n<li>HDMI<\/li>\n<\/ul>\n<\/li>\n<li>Fr\u00e9quence:\n<ul>\n<li>50 Hz<\/li>\n<li>50-60 Hz<\/li>\n<\/ul>\n<\/li>\n<li>Rapport d&#8217;aspect: 16:9<\/li>\n<li>R\u00e9solution: Full HD<\/li>\n<li>Tension:\n<ul>\n<li>230 V<\/li>\n<li>100 &#8211; 240 V<\/li>\n<\/ul>\n<\/li>\n<li>Inclut: T\u00e9l\u00e9commande<\/li>\n<li>Flux lumineux: 3000 lm<\/li>\n<li>Connecteurs: Kensington<\/li>\n<li>Utilisation recommand\u00e9e: R\u00e9cepteur de ome cinema<\/li>\n<li>Echelle: 1.35:1<\/li>\n<li>R\u00e9solution (px): 1920 x 1080 px<\/li>\n<\/ul>","protected":false},"excerpt":{"rendered":"<p>Si vous \u00eates passionn\u00e9 d&#8217;informatique et d&#8217;\u00e9lectronique, si vous \u00eates \u00e0 la pointe de la technologie et qu&#8217;aucun d\u00e9tail ne vous \u00e9chappe, achetez Projecteur Epson CO-FH01 3000 lm au meilleur prix. Type: Projecteur Couleur: Blanc Caract\u00e9ristiques: \u00c9cran integr\u00e9 Haut-parleurs int\u00e9gr\u00e9s Connexions: USB 2.0 HDMI Fr\u00e9quence: 50 Hz 50-60 Hz Rapport d&#8217;aspect: 16:9 R\u00e9solution: Full HD [&hellip;]<\/p>\n","protected":false},"featured_media":16633,"comment_status":"open","ping_status":"closed","template":"","meta":[],"product_brand":[632],"product_cat":[65,581,583],"product_tag":[213,570,569,568],"class_list":{"0":"post-16638","1":"product","2":"type-product","3":"status-publish","4":"has-post-thumbnail","6":"product_brand-brandp_547","7":"product_cat-informatique-electronique","8":"product_cat-informatique-peripheriques-et-consommables","9":"product_cat-projecteurs","10":"product_tag-tag_933","11":"product_tag-tag_664","12":"product_tag-tag_650","13":"product_tag-tag_559","15":"first","16":"instock","17":"taxable","18":"shipping-taxable","19":"purchasable","20":"product-type-simple"},"_links":{"self":[{"href":"https:\/\/bigbuy.tupique.com\/en\/wp-json\/wp\/v2\/product\/16638","targetHints":{"allow":["GET"]}}],"collection":[{"href":"https:\/\/bigbuy.tupique.com\/en\/wp-json\/wp\/v2\/product"}],"about":[{"href":"https:\/\/bigbuy.tupique.com\/en\/wp-json\/wp\/v2\/types\/product"}],"replies":[{"embeddable":true,"href":"https:\/\/bigbuy.tupique.com\/en\/wp-json\/wp\/v2\/comments?post=16638"}],"wp:featuredmedia":[{"embeddable":true,"href":"https:\/\/bigbuy.tupique.com\/en\/wp-json\/wp\/v2\/media\/16633"}],"wp:attachment":[{"href":"https:\/\/bigbuy.tupique.com\/en\/wp-json\/wp\/v2\/media?parent=16638"}],"wp:term":[{"taxonomy":"product_brand","embeddable":true,"href":"https:\/\/bigbuy.tupique.com\/en\/wp-json\/wp\/v2\/product_brand?post=16638"},{"taxonomy":"product_cat","embeddable":true,"href":"https:\/\/bigbuy.tupique.com\/en\/wp-json\/wp\/v2\/product_cat?post=16638"},{"taxonomy":"product_tag","embeddable":true,"href":"https:\/\/bigbuy.tupique.com\/en\/wp-json\/wp\/v2\/product_tag?post=16638"}],"curies":[{"name":"wp","href":"https:\/\/api.w.org\/{rel}","templated":true}]}}