{"id":166289,"date":"2026-04-10T15:51:40","date_gmt":"2026-04-10T14:51:40","guid":{"rendered":"https:\/\/bigbuy.tupique.com\/produto\/gas-hob-teka-gzc63310xbn-60-cm\/"},"modified":"2026-04-15T19:23:29","modified_gmt":"2026-04-15T18:23:29","slug":"gas-hob-teka-gzc63310xbn-60-cm","status":"publish","type":"product","link":"https:\/\/bigbuy.tupique.com\/en\/produto\/gas-hob-teka-gzc63310xbn-60-cm\/","title":{"rendered":"Plaque au gaz Teka GZC63310XBN 60 cm"},"content":{"rendered":"<p>Si vous pensez r\u00e9nover votre cuisine, achetez <b>Plaque au gaz Teka GZC63310XBN 60 cm<\/b> et d\u00b4autres <b>produits Teka<\/b> !<\/p>\n<p>La <b>Teka GZC 63310<\/b> est une <b>table de cuisson \u00e0 gaz<\/b> encastrable qui allie design contemporain et fonctionnalit\u00e9 avanc\u00e9e, id\u00e9ale pour les cuisines modernes privil\u00e9giant \u00e0 la fois l&#8217;efficacit\u00e9 \u00e9nerg\u00e9tique et une esth\u00e9tique raffin\u00e9e. Elle pr\u00e9sente une finition \u00e9l\u00e9gante en <b>verre noir<\/b> qui non seulement valorise l&#8217;apparence du plan de travail, mais facilite \u00e9galement le nettoyage quotidien gr\u00e2ce \u00e0 sa surface lisse et r\u00e9sistante. Avec une <b>largeur de 60 cm<\/b>, elle s&#8217;adapte \u00e0 la plupart des espaces standards, permettant une int\u00e9gration facile dans tout projet culinaire ou r\u00e9novation de cuisine. Elle dispose de <b>3 zones de cuisson<\/b> con\u00e7ues pour offrir polyvalence, permettant de cuisiner aussi bien des plats volumineux que des pr\u00e9parations rapides, et atteint une <b>puissance totale de 7800 W<\/b> garantissant un chauffage efficace et un contr\u00f4le pr\u00e9cis du feu. Caract\u00e9ristique distinctive de ce mod\u00e8le, la position ergonomique des commandes permet une manipulation intuitive et s\u00fbre pendant la cuisson. Son syst\u00e8me encastrable en fait une solution discr\u00e8te et \u00e9l\u00e9gante, tout en conservant la robustesse et la fiabilit\u00e9 qui caract\u00e9risent la marque Teka. Fabriqu\u00e9e en <b>verre tremp\u00e9<\/b>, elle offre une surface r\u00e9sistante capable de supporter de hautes temp\u00e9ratures et un usage quotidien sans perdre son \u00e9clat ni son int\u00e9grit\u00e9. En r\u00e9sum\u00e9, cette table de cuisson est con\u00e7ue pour ceux qui recherchent une performance professionnelle et un design minimaliste dans leur cuisine, apportant qualit\u00e9 et fonctionnalit\u00e9 \u00e0 chaque pr\u00e9paration.<\/p>\n<ul>\n<li>Mat\u00e9riel:\n<ul>\n<li>verre<\/li>\n<li>Verre et c\u00e9ramique<\/li>\n<\/ul>\n<\/li>\n<li>Type:\n<ul>\n<li>Int\u00e9grable<\/li>\n<li>Plaque au gaz<\/li>\n<li>Int\u00e9gr\u00e9<\/li>\n<\/ul>\n<\/li>\n<li>Zones de cuisson: 3<\/li>\n<li>puissance: 7800 W<\/li>\n<li>Contr\u00f4le: Plaque Tournante<\/li>\n<li>Bloc d\u2019Alimentation:\n<ul>\n<li>r\u00e9seau \u00e9lectrique<\/li>\n<li>Gaz M\u00e9thane<\/li>\n<li>Gaz<\/li>\n<\/ul>\n<\/li>\n<li>Tension: 220-240 V<\/li>\n<li>Dimensions approx.: 60 x 51 x 5 cm<\/li>\n<li>Largeur: 60 cm<\/li>\n<li>Caract\u00e9ristiques: 9 niveaux<\/li>\n<li>Produit \u00e0 brancher: Oui<\/li>\n<li>Informations importantes: En ce qui concerne le raccordement au gaz, il convient de respecter les r\u00e9glementations nationales en vigueur.<\/li>\n<li>Type de prise: Prise EU<\/li>\n<li>Couleur:\n<ul>\n<li>Noir<\/li>\n<li>Multicouleur<\/li>\n<\/ul>\n<\/li>\n<li>Profondeur de compartiment d&#8217;installation: 49 cm<\/li>\n<li>\u00c9cran integr\u00e9: Non<\/li>\n<li>Pays \/ r\u00e9gion de fabrication: Espagne<\/li>\n<li>Poids:\n<ul>\n<li>10 kg<\/li>\n<li>15 kg<\/li>\n<\/ul>\n<\/li>\n<li>Type de carburant: Gaz<\/li>\n<li>Fr\u00e9quence d&#8217;entr\u00e9e AC: 50-60 Hz<\/li>\n<li>Type de commande: T\u00e9l\u00e9commande<\/li>\n<li>Produit fragile: Oui<\/li>\n<\/ul>\n<p>Informations importantes: En ce qui concerne le raccordement au gaz, il convient de respecter les r\u00e9glementations nationales en vigueur..<\/p>","protected":false},"excerpt":{"rendered":"<p>Si vous pensez r\u00e9nover votre cuisine, achetez Plaque au gaz Teka GZC63310XBN 60 cm et d\u00b4autres produits Teka ! La Teka GZC 63310 est une table de cuisson \u00e0 gaz encastrable qui allie design contemporain et fonctionnalit\u00e9 avanc\u00e9e, id\u00e9ale pour les cuisines modernes privil\u00e9giant \u00e0 la fois l&#8217;efficacit\u00e9 \u00e9nerg\u00e9tique et une esth\u00e9tique raffin\u00e9e. Elle pr\u00e9sente [&hellip;]<\/p>\n","protected":false},"featured_media":166288,"comment_status":"open","ping_status":"closed","template":"","meta":[],"product_brand":[667],"product_cat":[60,77,78],"product_tag":[55,56],"class_list":{"0":"post-166289","1":"product","2":"type-product","3":"status-publish","4":"has-post-thumbnail","6":"product_brand-brandp_1172","7":"product_cat-cuisine-gourmet","8":"product_cat-petit-electromenager","9":"product_cat-plaques-de-cuisson","10":"product_tag-tag_926","11":"product_tag-tag_930","13":"first","14":"instock","15":"taxable","16":"shipping-taxable","17":"purchasable","18":"product-type-simple"},"_links":{"self":[{"href":"https:\/\/bigbuy.tupique.com\/en\/wp-json\/wp\/v2\/product\/166289","targetHints":{"allow":["GET"]}}],"collection":[{"href":"https:\/\/bigbuy.tupique.com\/en\/wp-json\/wp\/v2\/product"}],"about":[{"href":"https:\/\/bigbuy.tupique.com\/en\/wp-json\/wp\/v2\/types\/product"}],"replies":[{"embeddable":true,"href":"https:\/\/bigbuy.tupique.com\/en\/wp-json\/wp\/v2\/comments?post=166289"}],"wp:featuredmedia":[{"embeddable":true,"href":"https:\/\/bigbuy.tupique.com\/en\/wp-json\/wp\/v2\/media\/166288"}],"wp:attachment":[{"href":"https:\/\/bigbuy.tupique.com\/en\/wp-json\/wp\/v2\/media?parent=166289"}],"wp:term":[{"taxonomy":"product_brand","embeddable":true,"href":"https:\/\/bigbuy.tupique.com\/en\/wp-json\/wp\/v2\/product_brand?post=166289"},{"taxonomy":"product_cat","embeddable":true,"href":"https:\/\/bigbuy.tupique.com\/en\/wp-json\/wp\/v2\/product_cat?post=166289"},{"taxonomy":"product_tag","embeddable":true,"href":"https:\/\/bigbuy.tupique.com\/en\/wp-json\/wp\/v2\/product_tag?post=166289"}],"curies":[{"name":"wp","href":"https:\/\/api.w.org\/{rel}","templated":true}]}}