{"id":165736,"date":"2026-04-10T14:26:27","date_gmt":"2026-04-10T13:26:27","guid":{"rendered":"https:\/\/bigbuy.tupique.com\/produto\/scanner-epson-b11b258401\/"},"modified":"2026-04-15T09:09:57","modified_gmt":"2026-04-15T08:09:57","slug":"scanner-epson-b11b258401","status":"publish","type":"product","link":"https:\/\/bigbuy.tupique.com\/en\/produto\/scanner-epson-b11b258401\/","title":{"rendered":"Scanner Epson B11B258401"},"content":{"rendered":"<p>Si vous \u00eates passionn\u00e9 d&#8217;<b>informatique et d&#8217;\u00e9lectronique<\/b>, si vous \u00eates \u00e0 la pointe de la technologie et qu&#8217;aucun d\u00e9tail ne vous \u00e9chappe, achetez <b>Scanner Epson B11B258401          <\/b> au meilleur prix.<\/p>\n<p>Le <b>scanner<\/b> <b>Epson WorkForce ES-580W<\/b> est con\u00e7u pour r\u00e9pondre aux besoins de num\u00e9risation dans les environnements professionnels exigeant une productivit\u00e9 \u00e9lev\u00e9e et une grande flexibilit\u00e9. Il se distingue par sa <b>connectivit\u00e9 Wi-Fi<\/b> et <b>Wi-Fi 4 (802.11n)<\/b>, permettant de num\u00e9riser sans fil via le r\u00e9seau, d\u2019envoyer des fichiers directement vers le cloud, des dossiers r\u00e9seau, des adresses e-mail ou des cl\u00e9s USB, le tout depuis son <b>\u00e9cran tactile LCD de 10,9 cm<\/b> intuitif. Ce mod\u00e8le propose \u00e9galement une <b>connexion USB 3.2<\/b> pour des transferts rapides et efficaces en mode filaire. Sa capacit\u00e9 \u00e0 traiter des documents jusqu\u2019au <b>format A4<\/b> et divers supports, comme les cartes de visite et cartes plastifi\u00e9es, le rend id\u00e9al pour les bureaux, cabinets et environnements administratifs exigeants. Gr\u00e2ce \u00e0 son <b>chargeur automatique de documents<\/b> (ADF) de 100 feuilles et \u00e0 la fonction <b>num\u00e9risation recto verso en un seul passage<\/b>, il atteint jusqu\u2019\u00e0 35 pages par minute (ppm) ou 70 images par minute (ipm), optimisant la gestion documentaire. La qualit\u00e9 d\u2019image est assur\u00e9e par une <b>r\u00e9solution optique de 600 x 600 dpi<\/b>, un capteur CIS pr\u00e9cis et la technologie ReadyScan LED qui \u00e9limine le temps de pr\u00e9chauffage. Les r\u00e9glages d\u2019image incluent d\u00e9coupe automatique, correction de l\u2019inclinaison, suppression de fond et d\u00e9tection avanc\u00e9e des pages blanches pour des r\u00e9sultats nets et homog\u00e8nes. Le <b>Epson WorkForce ES-580W<\/b> garantit un flux de travail s\u00e9curis\u00e9 gr\u00e2ce \u00e0 des capteurs d\u00e9tectant les bourrages papier, doubles alimentations et salet\u00e9s sur la vitre, minimisant la perte de documents et assurant la qualit\u00e9 des fichiers num\u00e9ris\u00e9s. Son cycle de travail quotidien supporte jusqu\u2019\u00e0 4000 pages, convenant aux volumes intensifs. Il est compatible avec les applications Epson ScanSmart et Epson Smart Panel pour g\u00e9rer les num\u00e9risations depuis un ordinateur, un smartphone ou une tablette, s\u2019adaptant \u00e0 toutes les pr\u00e9f\u00e9rences. Enfin, son format compact et sa finition \u00e9l\u00e9gante en <b>noir<\/b> font de ce mod\u00e8le une solution polyvalente et robuste pour la num\u00e9risation moderne. En r\u00e9sum\u00e9, l\u2019Epson WorkForce ES-580W est un scanner professionnel alliant rapidit\u00e9, connectivit\u00e9 avanc\u00e9e et simplicit\u00e9 d\u2019utilisation pour optimiser les processus documentaires dans toutes les entreprises et bureaux.<\/p>\n<ul>\n<li>Type: Scanner<\/li>\n<li>Connectivit\u00e9:\n<ul>\n<li>Wi-Fi<\/li>\n<li>Wi-Fi 4 (802.11n)<\/li>\n<\/ul>\n<\/li>\n<li>Technologie: LCD<\/li>\n<li>Produit \u00e0 brancher: Oui<\/li>\n<li>Type de prise: Prise EU<\/li>\n<li>Bloc d\u2019Alimentation:\n<ul>\n<li>r\u00e9seau \u00e9lectrique<\/li>\n<li>Cordon d&#8217;alimentation CA<\/li>\n<li>CA<\/li>\n<\/ul>\n<\/li>\n<li>Couleur: Noir<\/li>\n<li>Taille: A4<\/li>\n<li>Caract\u00e9ristiques:\n<ul>\n<li>\u00c9cran integr\u00e9<\/li>\n<li>\u00c9cran LCD<\/li>\n<li>Scanner Double Face<\/li>\n<\/ul>\n<\/li>\n<li>Connexions:\n<ul>\n<li>USB 3.2<\/li>\n<li>USB<\/li>\n<\/ul>\n<\/li>\n<li>R\u00e9solution d&#8217;image maximale: 600 x 600 dpi<\/li>\n<li>Capteur: CIS<\/li>\n<li>Tension d&#8217;entr\u00e9e AC: 100 &#8211; 240 V<\/li>\n<li>Scanner: 600 x 600 dpi<\/li>\n<li>Entr\u00e9e AC: 100-240 V<\/li>\n<li>Papier:\n<ul>\n<li>A4<\/li>\n<li>B5<\/li>\n<\/ul>\n<\/li>\n<li>Fr\u00e9quence d&#8217;entr\u00e9e AC: 50-60 Hz<\/li>\n<li>Non Inclus: Adaptateur AC<\/li>\n<li>vitesse: 35 ppm<\/li>\n<\/ul>","protected":false},"excerpt":{"rendered":"<p>Si vous \u00eates passionn\u00e9 d&#8217;informatique et d&#8217;\u00e9lectronique, si vous \u00eates \u00e0 la pointe de la technologie et qu&#8217;aucun d\u00e9tail ne vous \u00e9chappe, achetez Scanner Epson B11B258401 au meilleur prix. Le scanner Epson WorkForce ES-580W est con\u00e7u pour r\u00e9pondre aux besoins de num\u00e9risation dans les environnements professionnels exigeant une productivit\u00e9 \u00e9lev\u00e9e et une grande flexibilit\u00e9. Il [&hellip;]<\/p>\n","protected":false},"featured_media":165735,"comment_status":"open","ping_status":"closed","template":"","meta":[],"product_brand":[632],"product_cat":[65,581,587],"product_tag":[213,106],"class_list":{"0":"post-165736","1":"product","2":"type-product","3":"status-publish","4":"has-post-thumbnail","6":"product_brand-brandp_547","7":"product_cat-informatique-electronique","8":"product_cat-informatique-peripheriques-et-consommables","9":"product_cat-scanners","10":"product_tag-tag_933","11":"product_tag-tag_1295","13":"first","14":"instock","15":"taxable","16":"shipping-taxable","17":"purchasable","18":"product-type-simple"},"_links":{"self":[{"href":"https:\/\/bigbuy.tupique.com\/en\/wp-json\/wp\/v2\/product\/165736","targetHints":{"allow":["GET"]}}],"collection":[{"href":"https:\/\/bigbuy.tupique.com\/en\/wp-json\/wp\/v2\/product"}],"about":[{"href":"https:\/\/bigbuy.tupique.com\/en\/wp-json\/wp\/v2\/types\/product"}],"replies":[{"embeddable":true,"href":"https:\/\/bigbuy.tupique.com\/en\/wp-json\/wp\/v2\/comments?post=165736"}],"wp:featuredmedia":[{"embeddable":true,"href":"https:\/\/bigbuy.tupique.com\/en\/wp-json\/wp\/v2\/media\/165735"}],"wp:attachment":[{"href":"https:\/\/bigbuy.tupique.com\/en\/wp-json\/wp\/v2\/media?parent=165736"}],"wp:term":[{"taxonomy":"product_brand","embeddable":true,"href":"https:\/\/bigbuy.tupique.com\/en\/wp-json\/wp\/v2\/product_brand?post=165736"},{"taxonomy":"product_cat","embeddable":true,"href":"https:\/\/bigbuy.tupique.com\/en\/wp-json\/wp\/v2\/product_cat?post=165736"},{"taxonomy":"product_tag","embeddable":true,"href":"https:\/\/bigbuy.tupique.com\/en\/wp-json\/wp\/v2\/product_tag?post=165736"}],"curies":[{"name":"wp","href":"https:\/\/api.w.org\/{rel}","templated":true}]}}