{"id":16568,"date":"2026-03-29T13:43:04","date_gmt":"2026-03-29T12:43:04","guid":{"rendered":"https:\/\/bigbuy.tupique.com\/produto\/bluetooth-headset-with-microphone-jabra-evolve2-65-flex-black\/"},"modified":"2026-05-11T19:59:26","modified_gmt":"2026-05-11T17:59:26","slug":"bluetooth-headset-with-microphone-jabra-evolve2-65-flex-black","status":"publish","type":"product","link":"https:\/\/bigbuy.tupique.com\/en\/produto\/bluetooth-headset-with-microphone-jabra-evolve2-65-flex-black\/","title":{"rendered":"Casques Bluetooth avec Microphone Jabra Evolve2 65 Flex Noir"},"content":{"rendered":"<p>Si vous \u00eates passionn\u00e9 d&#8217;<b>informatique et d&#8217;\u00e9lectronique<\/b>, si vous \u00eates \u00e0 la pointe de la technologie et qu&#8217;aucun d\u00e9tail ne vous \u00e9chappe, achetez <b>Casques Bluetooth avec Microphone Jabra Evolve2 65 Flex Noir<\/b> au meilleur prix.<\/p>\n<ul>\n<li>Type:\n<ul>\n<li>Sans fil<\/li>\n<li>Casques avec Microphone<\/li>\n<\/ul>\n<\/li>\n<li>Couleur: Noir<\/li>\n<li>Connectivit\u00e9:\n<ul>\n<li>Bluetooth<\/li>\n<li>Bluetooth 5.2<\/li>\n<\/ul>\n<\/li>\n<li>Caract\u00e9ristiques:\n<ul>\n<li>Batterie int\u00e9gr\u00e9e<\/li>\n<li>Pliable<\/li>\n<li>Sans fil<\/li>\n<li>T\u00e9moin LED<\/li>\n<li>Chargeur sans fil<\/li>\n<\/ul>\n<\/li>\n<li>Inclut: C\u00e2ble USB C<\/li>\n<li>Utilisation recommand\u00e9e: Oficina\/Centro de llamadas<\/li>\n<li>Connexions: USB-C<\/li>\n<li>Type de casque: Externe supra-aural<\/li>\n<li>puissance: 30 W<\/li>\n<li>Connexion: USB<\/li>\n<li>Port\u00e9e: 30 m<\/li>\n<li>Fr\u00e9quence: 20 &#8211; 20000 Hz<\/li>\n<li>Temps de charge approx.: 2 h<\/li>\n<li>Contr\u00f4le: Boutons<\/li>\n<li>Batterie: Oui<\/li>\n<li>Casque: Binaural<\/li>\n<\/ul>","protected":false},"excerpt":{"rendered":"<p>Si vous \u00eates passionn\u00e9 d&#8217;informatique et d&#8217;\u00e9lectronique, si vous \u00eates \u00e0 la pointe de la technologie et qu&#8217;aucun d\u00e9tail ne vous \u00e9chappe, achetez Casques Bluetooth avec Microphone Jabra Evolve2 65 Flex Noir au meilleur prix. Type: Sans fil Casques avec Microphone Couleur: Noir Connectivit\u00e9: Bluetooth Bluetooth 5.2 Caract\u00e9ristiques: Batterie int\u00e9gr\u00e9e Pliable Sans fil T\u00e9moin LED [&hellip;]<\/p>\n","protected":false},"featured_media":16564,"comment_status":"open","ping_status":"closed","template":"","meta":[],"product_brand":[642],"product_cat":[758,575,65],"product_tag":[566,106],"class_list":{"0":"post-16568","1":"product","2":"type-product","3":"status-publish","4":"has-post-thumbnail","6":"product_brand-brandp_3341","7":"product_cat-casque-avec-microphone","8":"product_cat-electronique-telephonie-et-tablettes","9":"product_cat-informatique-electronique","10":"product_tag-tag_547","11":"product_tag-tag_1295","13":"first","14":"instock","15":"taxable","16":"shipping-taxable","17":"purchasable","18":"product-type-simple"},"_links":{"self":[{"href":"https:\/\/bigbuy.tupique.com\/en\/wp-json\/wp\/v2\/product\/16568","targetHints":{"allow":["GET"]}}],"collection":[{"href":"https:\/\/bigbuy.tupique.com\/en\/wp-json\/wp\/v2\/product"}],"about":[{"href":"https:\/\/bigbuy.tupique.com\/en\/wp-json\/wp\/v2\/types\/product"}],"replies":[{"embeddable":true,"href":"https:\/\/bigbuy.tupique.com\/en\/wp-json\/wp\/v2\/comments?post=16568"}],"wp:featuredmedia":[{"embeddable":true,"href":"https:\/\/bigbuy.tupique.com\/en\/wp-json\/wp\/v2\/media\/16564"}],"wp:attachment":[{"href":"https:\/\/bigbuy.tupique.com\/en\/wp-json\/wp\/v2\/media?parent=16568"}],"wp:term":[{"taxonomy":"product_brand","embeddable":true,"href":"https:\/\/bigbuy.tupique.com\/en\/wp-json\/wp\/v2\/product_brand?post=16568"},{"taxonomy":"product_cat","embeddable":true,"href":"https:\/\/bigbuy.tupique.com\/en\/wp-json\/wp\/v2\/product_cat?post=16568"},{"taxonomy":"product_tag","embeddable":true,"href":"https:\/\/bigbuy.tupique.com\/en\/wp-json\/wp\/v2\/product_tag?post=16568"}],"curies":[{"name":"wp","href":"https:\/\/api.w.org\/{rel}","templated":true}]}}