{"id":16563,"date":"2026-03-29T13:42:57","date_gmt":"2026-03-29T12:42:57","guid":{"rendered":"https:\/\/bigbuy.tupique.com\/produto\/switch-d-link-dgs-1100-26mpv2-e\/"},"modified":"2026-04-15T00:47:39","modified_gmt":"2026-04-14T23:47:39","slug":"switch-d-link-dgs-1100-26mpv2-e","status":"publish","type":"product","link":"https:\/\/bigbuy.tupique.com\/en\/produto\/switch-d-link-dgs-1100-26mpv2-e\/","title":{"rendered":"Switch D-Link DGS-1100-26MPV2\/E"},"content":{"rendered":"<p>Si vous \u00eates passionn\u00e9 d&#8217;<b>informatique et d&#8217;\u00e9lectronique<\/b>, si vous \u00eates \u00e0 la pointe de la technologie et qu&#8217;aucun d\u00e9tail ne vous \u00e9chappe, achetez <b>Switch D-Link DGS-1100-26MPV2\/E<\/b> au meilleur prix.<\/p>\n<p>Le <b>switch DGS-1100-26MPV2\/E<\/b> de <b>D-Link<\/b> est un \u00e9quipement con\u00e7u sp\u00e9cifiquement pour les applications de vid\u00e9osurveillance, combinant haute performance et fonctionnalit\u00e9s avanc\u00e9es de gestion et de s\u00e9curit\u00e9. Ce <b>switch<\/b> dispose de <b>24 ports Ethernet 10\/100\/1000BASE-TX RJ45<\/b> et de <b>2 ports SFP combin\u00e9s<\/b>, capables d\u2019offrir un d\u00e9bit allant jusqu\u2019\u00e0 <b>52 Gbps<\/b> et un taux maximal de transfert de <b>38,69 millions de paquets par seconde<\/b>, assurant une connexion rapide et stable pour plusieurs appareils simultan\u00e9ment. Sa grande capacit\u00e9 d\u2019alimentation PoE+ avec un budget de puissance \u00e9lev\u00e9 permet d\u2019alimenter directement des cam\u00e9ras IP et autres dispositifs de surveillance, chaque port \u00e9tant prot\u00e9g\u00e9 par un syst\u00e8me anti-surtensions jusqu\u2019\u00e0 6 kV, garantissant robustesse et protection dans les installations sensibles. Il est \u00e9quip\u00e9 de technologies avanc\u00e9es de gestion VLAN, incluant VLAN bas\u00e9e sur port, VLAN voix et VLAN automatique pour vid\u00e9osurveillance, permettant de segmenter et isoler le trafic pour optimiser le r\u00e9seau et renforcer la s\u00e9curit\u00e9. De plus, il int\u00e8gre le contr\u00f4le de la bande passante, QoS IEEE 802.1p et supporte l\u2019agr\u00e9gation de liens selon la norme IEEE 802.3ad, facilitant la priorisation du trafic et la redondance pour les r\u00e9seaux complexes et critiques. Son interface web est optimis\u00e9e pour la vid\u00e9osurveillance et offre une administration simple via navigateur ou utilitaire client, compatible IPv4\/IPv6, SNMP et diverses MIB standards facilitant son int\u00e9gration dans les syst\u00e8mes de supervision et gestion r\u00e9seau. Construit en <b>armoire m\u00e9tallique noire<\/b> avec design multi-support, ses dimensions de <b>440 x 285 x 44 mm<\/b> et un poids de <b>3,81 kg<\/b> le rendent adapt\u00e9 au montage en rack. Il int\u00e8gre un syst\u00e8me de ventilation avec <b>2 ventilateurs<\/b> maintenant la temp\u00e9rature de fonctionnement entre -5 \u00baC et 50 \u00baC, supportant une humidit\u00e9 relative jusqu\u2019\u00e0 95 % sans condensation. Sa consommation maximale atteint <b>370 W avec PoE actif<\/b>, g\u00e9n\u00e9rant une dissipation thermique fiable de 1470,46 BTU\/h et une solide fiabilit\u00e9 avec un MTBF de 269 291 heures. Pour garantir une interop\u00e9rabilit\u00e9 maximale, il supporte ONVIF et plusieurs normes de s\u00e9curit\u00e9 et compatibilit\u00e9 EMI\/EMC telles que FCC, CE et UL. En r\u00e9sum\u00e9, le DGS-1100-26MPV2\/E est une solution compl\u00e8te pour r\u00e9seaux de vid\u00e9osurveillance exigeant puissance, flexibilit\u00e9 et contr\u00f4le avanc\u00e9, id\u00e9ale pour les environnements professionnels n\u00e9cessitant une infrastructure robuste avec capacit\u00e9s PoE optimis\u00e9es.<\/p>\n<ul>\n<li>Produit \u00e0 brancher: Oui<\/li>\n<li>Type de prise: Prise EU<\/li>\n<li>Type: Switch<\/li>\n<li>Bloc d\u2019Alimentation:\n<ul>\n<li>r\u00e9seau \u00e9lectrique<\/li>\n<li>Incluses<\/li>\n<\/ul>\n<\/li>\n<li>Couleur: Noir<\/li>\n<li>Connexions:\n<ul>\n<li>RJ45 x 24<\/li>\n<li>PoE x 1<\/li>\n<li>SFP<\/li>\n<li>Ethernet LAN<\/li>\n<\/ul>\n<\/li>\n<li>Tension:\n<ul>\n<li>100-240 V<\/li>\n<li>100 &#8211; 240 V<\/li>\n<\/ul>\n<\/li>\n<li>Mati\u00e8re: M\u00e9tal<\/li>\n<li>M\u00e9moire Flash: 16 MB<\/li>\n<li>Support: Multisupport<\/li>\n<li>Ports:\n<ul>\n<li>2<\/li>\n<li>24<\/li>\n<\/ul>\n<\/li>\n<li>puissance: 370 W<\/li>\n<li>Largeur: 44 cm<\/li>\n<li>Temp\u00e9rature approximative: -40\u00ba \/ 70\u00ba<\/li>\n<li>S\u00e9curit\u00e9: IGMP<\/li>\n<\/ul>","protected":false},"excerpt":{"rendered":"<p>Si vous \u00eates passionn\u00e9 d&#8217;informatique et d&#8217;\u00e9lectronique, si vous \u00eates \u00e0 la pointe de la technologie et qu&#8217;aucun d\u00e9tail ne vous \u00e9chappe, achetez Switch D-Link DGS-1100-26MPV2\/E au meilleur prix. Le switch DGS-1100-26MPV2\/E de D-Link est un \u00e9quipement con\u00e7u sp\u00e9cifiquement pour les applications de vid\u00e9osurveillance, combinant haute performance et fonctionnalit\u00e9s avanc\u00e9es de gestion et de s\u00e9curit\u00e9. [&hellip;]<\/p>\n","protected":false},"featured_media":16562,"comment_status":"open","ping_status":"closed","template":"","meta":[],"product_brand":[640],"product_cat":[65,584,585],"product_tag":[106],"class_list":{"0":"post-16563","1":"product","2":"type-product","3":"status-publish","4":"has-post-thumbnail","6":"product_brand-brandp_543","7":"product_cat-informatique-electronique","8":"product_cat-informatique-reseaux-et-composants","9":"product_cat-switch","10":"product_tag-tag_1295","12":"first","13":"instock","14":"taxable","15":"shipping-taxable","16":"purchasable","17":"product-type-simple"},"_links":{"self":[{"href":"https:\/\/bigbuy.tupique.com\/en\/wp-json\/wp\/v2\/product\/16563","targetHints":{"allow":["GET"]}}],"collection":[{"href":"https:\/\/bigbuy.tupique.com\/en\/wp-json\/wp\/v2\/product"}],"about":[{"href":"https:\/\/bigbuy.tupique.com\/en\/wp-json\/wp\/v2\/types\/product"}],"replies":[{"embeddable":true,"href":"https:\/\/bigbuy.tupique.com\/en\/wp-json\/wp\/v2\/comments?post=16563"}],"wp:featuredmedia":[{"embeddable":true,"href":"https:\/\/bigbuy.tupique.com\/en\/wp-json\/wp\/v2\/media\/16562"}],"wp:attachment":[{"href":"https:\/\/bigbuy.tupique.com\/en\/wp-json\/wp\/v2\/media?parent=16563"}],"wp:term":[{"taxonomy":"product_brand","embeddable":true,"href":"https:\/\/bigbuy.tupique.com\/en\/wp-json\/wp\/v2\/product_brand?post=16563"},{"taxonomy":"product_cat","embeddable":true,"href":"https:\/\/bigbuy.tupique.com\/en\/wp-json\/wp\/v2\/product_cat?post=16563"},{"taxonomy":"product_tag","embeddable":true,"href":"https:\/\/bigbuy.tupique.com\/en\/wp-json\/wp\/v2\/product_tag?post=16563"}],"curies":[{"name":"wp","href":"https:\/\/api.w.org\/{rel}","templated":true}]}}