{"id":16556,"date":"2026-03-29T13:42:50","date_gmt":"2026-03-29T12:42:50","guid":{"rendered":"https:\/\/bigbuy.tupique.com\/produto\/saecurity-system-ring-automotive-4k11sz-0eu0-5-pieces\/"},"modified":"2026-05-11T20:02:38","modified_gmt":"2026-05-11T18:02:38","slug":"saecurity-system-ring-automotive-4k11sz-0eu0-5-pieces","status":"publish","type":"product","link":"https:\/\/bigbuy.tupique.com\/en\/produto\/saecurity-system-ring-automotive-4k11sz-0eu0-5-pieces\/","title":{"rendered":"Syst\u00e8me de s\u00e9curit\u00e9 Ring Automotive 4K11SZ-0EU0 5 Pi\u00e8ces"},"content":{"rendered":"<p>Si vous \u00eates passionn\u00e9 d&#8217;<b>informatique et d&#8217;\u00e9lectronique<\/b>, si vous \u00eates \u00e0 la pointe de la technologie et qu&#8217;aucun d\u00e9tail ne vous \u00e9chappe, achetez <b>Syst\u00e8me de s\u00e9curit\u00e9 Ring Automotive 4K11SZ-0EU0 5 Pi\u00e8ces<\/b> au meilleur prix.<\/p>\n<ul>\n<li>Nombre de pi\u00e8ces: 5 Pi\u00e8ces<\/li>\n<li>Caract\u00e9ristiques: Sans fil<\/li>\n<li>Compatible:\n<ul>\n<li>iOS, Android<\/li>\n<li>Amazon Alexa<\/li>\n<\/ul>\n<\/li>\n<li>Couleur: Blanc<\/li>\n<li>Connectivit\u00e9: Wi-Fi<\/li>\n<li>Piles incluses: Oui<\/li>\n<li>Contient: Manuel de l&#8217;utilisateur<\/li>\n<\/ul>","protected":false},"excerpt":{"rendered":"<p>Si vous \u00eates passionn\u00e9 d&#8217;informatique et d&#8217;\u00e9lectronique, si vous \u00eates \u00e0 la pointe de la technologie et qu&#8217;aucun d\u00e9tail ne vous \u00e9chappe, achetez Syst\u00e8me de s\u00e9curit\u00e9 Ring Automotive 4K11SZ-0EU0 5 Pi\u00e8ces au meilleur prix. Nombre de pi\u00e8ces: 5 Pi\u00e8ces Caract\u00e9ristiques: Sans fil Compatible: iOS, Android Amazon Alexa Couleur: Blanc Connectivit\u00e9: Wi-Fi Piles incluses: Oui Contient: [&hellip;]<\/p>\n","protected":false},"featured_media":16554,"comment_status":"open","ping_status":"closed","template":"","meta":[],"product_brand":[832],"product_cat":[239,579,768],"product_tag":[567,59,210],"class_list":{"0":"post-16556","1":"product","2":"type-product","3":"status-publish","4":"has-post-thumbnail","6":"product_brand-brandp_7888","7":"product_cat-maison-jardin","8":"product_cat-securite-a-la-maison","9":"product_cat-systemes-de-securite","10":"product_tag-tag_556","11":"product_tag-tag_1304","12":"product_tag-tag_25","14":"first","15":"instock","16":"taxable","17":"shipping-taxable","18":"purchasable","19":"product-type-simple"},"_links":{"self":[{"href":"https:\/\/bigbuy.tupique.com\/en\/wp-json\/wp\/v2\/product\/16556","targetHints":{"allow":["GET"]}}],"collection":[{"href":"https:\/\/bigbuy.tupique.com\/en\/wp-json\/wp\/v2\/product"}],"about":[{"href":"https:\/\/bigbuy.tupique.com\/en\/wp-json\/wp\/v2\/types\/product"}],"replies":[{"embeddable":true,"href":"https:\/\/bigbuy.tupique.com\/en\/wp-json\/wp\/v2\/comments?post=16556"}],"wp:featuredmedia":[{"embeddable":true,"href":"https:\/\/bigbuy.tupique.com\/en\/wp-json\/wp\/v2\/media\/16554"}],"wp:attachment":[{"href":"https:\/\/bigbuy.tupique.com\/en\/wp-json\/wp\/v2\/media?parent=16556"}],"wp:term":[{"taxonomy":"product_brand","embeddable":true,"href":"https:\/\/bigbuy.tupique.com\/en\/wp-json\/wp\/v2\/product_brand?post=16556"},{"taxonomy":"product_cat","embeddable":true,"href":"https:\/\/bigbuy.tupique.com\/en\/wp-json\/wp\/v2\/product_cat?post=16556"},{"taxonomy":"product_tag","embeddable":true,"href":"https:\/\/bigbuy.tupique.com\/en\/wp-json\/wp\/v2\/product_tag?post=16556"}],"curies":[{"name":"wp","href":"https:\/\/api.w.org\/{rel}","templated":true}]}}