{"id":16553,"date":"2026-03-29T13:42:47","date_gmt":"2026-03-29T12:42:47","guid":{"rendered":"https:\/\/bigbuy.tupique.com\/produto\/uninterruptible-power-supply-system-interactive-ups-salicru-slc-5000-twin-pro3-5000-w\/"},"modified":"2026-04-15T00:47:38","modified_gmt":"2026-04-14T23:47:38","slug":"uninterruptible-power-supply-system-interactive-ups-salicru-slc-5000-twin-pro3-5000-w","status":"publish","type":"product","link":"https:\/\/bigbuy.tupique.com\/en\/produto\/uninterruptible-power-supply-system-interactive-ups-salicru-slc-5000-twin-pro3-5000-w\/","title":{"rendered":"Syst\u00e8me d&#8217;Alimentation Sans Interruption Interactif Salicru SLC-5000-TWIN PRO3 5000 W"},"content":{"rendered":"<p>Si vous \u00eates passionn\u00e9 d&#8217;<b>informatique et d&#8217;\u00e9lectronique<\/b>, si vous \u00eates \u00e0 la pointe de la technologie et qu&#8217;aucun d\u00e9tail ne vous \u00e9chappe, achetez <b>Syst\u00e8me d&#8217;Alimentation Sans Interruption Interactif Salicru SLC-5000-TWIN PRO3 5000 W<\/b> au meilleur prix.<\/p>\n<p>Le <b>SLC-5000-TWIN PRO3<\/b> de Salicru est un <b>onduleur interactif<\/b> con\u00e7u pour garantir la continuit\u00e9 et la protection des charges critiques dans des environnements professionnels n\u00e9cessitant un haut niveau de supervision. Avec une puissance nominale de <b>5000 W<\/b> et une capacit\u00e9 de <b>5 kVA<\/b>, ce syst\u00e8me d\u2019alimentation sans coupure se distingue par sa topologie \u00e0 double conversion en ligne, offrant une sortie propre et stable avec un facteur de puissance unitaire, am\u00e9liorant l\u2019efficacit\u00e9 \u00e9nerg\u00e9tique et prot\u00e9geant contre les variations de tension, fr\u00e9quence et autres perturbations \u00e9lectriques. Son format tour en couleur <b>noir<\/b> int\u00e8gre un syst\u00e8me de refroidissement actif avec ventilateur int\u00e9gr\u00e9, assurant un refroidissement continu pour maintenir la fiabilit\u00e9 de l\u2019\u00e9quipement. Il dispose \u00e9galement d\u2019un d\u00e9marrage \u00e0 froid et peut fonctionner sous tensions de <b>110 V et 220 V<\/b>, s\u2019adaptant \u00e0 diff\u00e9rents r\u00e9seaux \u00e9lectriques. \u00c9quip\u00e9 de ports de communication avanc\u00e9s incluant <b>USB, RS-232, Ethernet natif et slot intelligent<\/b>, avec une option de connectivit\u00e9 wifi via dongle, il facilite la surveillance \u00e0 distance et le contr\u00f4le complet via l\u2019application NIMBUS et l\u2019acc\u00e8s web, s\u2019int\u00e9grant parfaitement aux environnements IoT pour une supervision et gestion optimales. Son \u00e9lectronique utilise une technologie batterie plomb-calcium, avec un temps de recharge rapide de seulement 3 heures et un courant de charge de 4 A, optimisant l\u2019autonomie et prolongeant la dur\u00e9e de vie des batteries jusqu\u2019\u00e0 50 % gr\u00e2ce \u00e0 un syst\u00e8me intelligent \u00e9vitant les cycles de charge\/d\u00e9charge fr\u00e9quents et agressifs. Le <b>SLC-5000-TWIN PRO3<\/b> comprend aussi des dispositifs automatiques de s\u00e9curit\u00e9 et protection, tels que coupure par surtension (OVCD), d\u00e9tection de blocage des ventilateurs, alarme surcharge, syst\u00e8me anti-surchauffe et d\u00e9tection de batteries externes, garantissant un fonctionnement stable et s\u00fbr. Certifi\u00e9 selon les normes internationales EN 62040-2 (C3), VFI-SS-11 et les certifications ISO 9001, ISO 14001 et ISO 45001, cet \u00e9quipement r\u00e9pond aux besoins de secteurs exigeant haute productivit\u00e9 et protection continue, comme les syst\u00e8mes ERP, Business Intelligence et environnements CRM. La flexibilit\u00e9 pour configurer le convertisseur de fr\u00e9quence, s\u2019adapter \u00e0 diverses configurations de charge et m\u00eame fonctionner avec transformateur de sortie fait de ce mod\u00e8le une solution robuste et adaptable pour les infrastructures technologiques exigeantes. En r\u00e9sum\u00e9, le SLC-5000-TWIN PRO3 repr\u00e9sente une option technique avanc\u00e9e et fiable pour assurer la continuit\u00e9 \u00e9nerg\u00e9tique et prot\u00e9ger les installations critiques avec des technologies de pointe et une connectivit\u00e9 compl\u00e8te.<\/p>\n<ul>\n<li>Produit \u00e0 brancher: Oui<\/li>\n<li>Type de prise: Prise EU<\/li>\n<li>Type:\n<ul>\n<li>Syst\u00e8me d&#8217;Alimentation Sans Interruption Interactif<\/li>\n<li>Tour<\/li>\n<\/ul>\n<\/li>\n<li>Temps de charge approx.: 3 heures<\/li>\n<li>Bloc d\u2019Alimentation: r\u00e9seau \u00e9lectrique<\/li>\n<li>Couleur: Noir<\/li>\n<li>Largeur: 225 mm<\/li>\n<li>Connexions:\n<ul>\n<li>RS-232<\/li>\n<li>USB<\/li>\n<li>RJ45<\/li>\n<\/ul>\n<\/li>\n<li>puissance: 5000 W<\/li>\n<li>Fr\u00e9quence: 50\/60 Hz<\/li>\n<li>Niveau sonore: 60 dB<\/li>\n<li>Caract\u00e9ristiques:\n<ul>\n<li>Ventilateur int\u00e9gr\u00e9<\/li>\n<li>D\u00e9marrage \u00e0 froid<\/li>\n<\/ul>\n<\/li>\n<li>Tension:\n<ul>\n<li>220 V<\/li>\n<li>110 V<\/li>\n<\/ul>\n<\/li>\n<li>Tension de sortie: 240 V<\/li>\n<li>Fonctions: ECO<\/li>\n<li>Facteur de forme: Tower<\/li>\n<li>Tension d&#8217;entr\u00e9e AC: 276 V<\/li>\n<\/ul>","protected":false},"excerpt":{"rendered":"<p>Si vous \u00eates passionn\u00e9 d&#8217;informatique et d&#8217;\u00e9lectronique, si vous \u00eates \u00e0 la pointe de la technologie et qu&#8217;aucun d\u00e9tail ne vous \u00e9chappe, achetez Syst\u00e8me d&#8217;Alimentation Sans Interruption Interactif Salicru SLC-5000-TWIN PRO3 5000 W au meilleur prix. Le SLC-5000-TWIN PRO3 de Salicru est un onduleur interactif con\u00e7u pour garantir la continuit\u00e9 et la protection des charges [&hellip;]<\/p>\n","protected":false},"featured_media":16550,"comment_status":"open","ping_status":"closed","template":"","meta":[],"product_brand":[650],"product_cat":[65,581,603],"product_tag":[106],"class_list":{"0":"post-16553","1":"product","2":"type-product","3":"status-publish","4":"has-post-thumbnail","6":"product_brand-brandp_575","7":"product_cat-informatique-electronique","8":"product_cat-informatique-peripheriques-et-consommables","9":"product_cat-ups","10":"product_tag-tag_1295","12":"first","13":"instock","14":"taxable","15":"shipping-taxable","16":"purchasable","17":"product-type-simple"},"_links":{"self":[{"href":"https:\/\/bigbuy.tupique.com\/en\/wp-json\/wp\/v2\/product\/16553","targetHints":{"allow":["GET"]}}],"collection":[{"href":"https:\/\/bigbuy.tupique.com\/en\/wp-json\/wp\/v2\/product"}],"about":[{"href":"https:\/\/bigbuy.tupique.com\/en\/wp-json\/wp\/v2\/types\/product"}],"replies":[{"embeddable":true,"href":"https:\/\/bigbuy.tupique.com\/en\/wp-json\/wp\/v2\/comments?post=16553"}],"wp:featuredmedia":[{"embeddable":true,"href":"https:\/\/bigbuy.tupique.com\/en\/wp-json\/wp\/v2\/media\/16550"}],"wp:attachment":[{"href":"https:\/\/bigbuy.tupique.com\/en\/wp-json\/wp\/v2\/media?parent=16553"}],"wp:term":[{"taxonomy":"product_brand","embeddable":true,"href":"https:\/\/bigbuy.tupique.com\/en\/wp-json\/wp\/v2\/product_brand?post=16553"},{"taxonomy":"product_cat","embeddable":true,"href":"https:\/\/bigbuy.tupique.com\/en\/wp-json\/wp\/v2\/product_cat?post=16553"},{"taxonomy":"product_tag","embeddable":true,"href":"https:\/\/bigbuy.tupique.com\/en\/wp-json\/wp\/v2\/product_tag?post=16553"}],"curies":[{"name":"wp","href":"https:\/\/api.w.org\/{rel}","templated":true}]}}