{"id":16536,"date":"2026-03-29T13:42:26","date_gmt":"2026-03-29T12:42:26","guid":{"rendered":"https:\/\/bigbuy.tupique.com\/produto\/uninterruptible-power-supply-system-interactive-ups-salicru-slc-10000-twin-rt3-10000-w\/"},"modified":"2026-04-15T00:47:37","modified_gmt":"2026-04-14T23:47:37","slug":"uninterruptible-power-supply-system-interactive-ups-salicru-slc-10000-twin-rt3-10000-w","status":"publish","type":"product","link":"https:\/\/bigbuy.tupique.com\/en\/produto\/uninterruptible-power-supply-system-interactive-ups-salicru-slc-10000-twin-rt3-10000-w\/","title":{"rendered":"Syst\u00e8me d&#8217;Alimentation Sans Interruption Interactif Salicru SLC-10000-TWIN RT3 10000 W"},"content":{"rendered":"<p>Si vous \u00eates passionn\u00e9 d&#8217;<b>informatique et d&#8217;\u00e9lectronique<\/b>, si vous \u00eates \u00e0 la pointe de la technologie et qu&#8217;aucun d\u00e9tail ne vous \u00e9chappe, achetez <b>Syst\u00e8me d&#8217;Alimentation Sans Interruption Interactif Salicru SLC-10000-TWIN RT3 10000 W<\/b> au meilleur prix.<\/p>\n<p>Le <b>Salicru SLC-10000-TWIN RT3<\/b> est un <b>onduleur interactif<\/b> de haute capacit\u00e9, con\u00e7u sp\u00e9cifiquement pour offrir une protection continue et fiable aux syst\u00e8mes critiques dans les environnements professionnels et d\u2019entreprise. Sa puissance remarquable de <b>10000 VA \/ 10000 W<\/b> et son facteur de puissance de 1 en font une solution robuste pour les applications n\u00e9cessitant une disponibilit\u00e9 \u00e9lectrique maximale, telles que les serveurs, centres de donn\u00e9es et infrastructures IT. Ce mod\u00e8le prend en charge la double configuration <b>tour\/rack<\/b>, permettant une int\u00e9gration flexible dans divers espaces techniques, et dispose de la <b>technologie on-line \u00e0 double conversion<\/b> garantissant une alimentation \u00e9lectrique constante et sans interf\u00e9rences, prot\u00e9geant les \u00e9quipements contre les coupures, surtensions ou fluctuations du r\u00e9seau. Son <b>coloris noir<\/b> apporte discr\u00e9tion et professionnalisme \u00e0 tout environnement d\u2019installation. Il int\u00e8gre le <b>d\u00e9marrage \u00e0 froid<\/b>, permettant l\u2019activation de l\u2019onduleur m\u00eame en l\u2019absence d\u2019alimentation secteur, ainsi qu\u2019un <b>indicateur de surcharge<\/b> qui renforce la s\u00e9curit\u00e9 op\u00e9rationnelle en signalant tout exc\u00e8s de consommation. Il dispose d\u2019un <b>port USB<\/b> pour la surveillance et la gestion \u00e0 distance, facilitant le contr\u00f4le depuis diff\u00e9rents appareils, et il est compatible avec des tensions de <b>220 V et 240 V<\/b>, couvrant un large \u00e9ventail de besoins \u00e9lectriques courants dans les environnements europ\u00e9ens. Ce syst\u00e8me Salicru allie efficacit\u00e9, fiabilit\u00e9 et polyvalence, se positionnant comme une solution avanc\u00e9e pour la protection \u00e9nerg\u00e9tique des infrastructures critiques n\u00e9cessitant continuit\u00e9 et stabilit\u00e9 de l\u2019alimentation \u00e9lectrique.<\/p>\n<ul>\n<li>Type:\n<ul>\n<li>Syst\u00e8me d&#8217;Alimentation Sans Interruption Interactif<\/li>\n<li>Tour<\/li>\n<\/ul>\n<\/li>\n<li>Produit \u00e0 brancher: Oui<\/li>\n<li>Type de prise: Prise EU<\/li>\n<li>Bloc d\u2019Alimentation: r\u00e9seau \u00e9lectrique<\/li>\n<li>Couleur: Noir<\/li>\n<li>Largeur: 438 mm<\/li>\n<li>Connexions:\n<ul>\n<li>RS-232<\/li>\n<li>USB<\/li>\n<li>RJ45<\/li>\n<\/ul>\n<\/li>\n<li>puissance: 10000 W<\/li>\n<li>Niveau sonore: 60 dB<\/li>\n<li>Caract\u00e9ristiques:\n<ul>\n<li>D\u00e9marrage \u00e0 froid<\/li>\n<li>Indicateur de surcharge<\/li>\n<\/ul>\n<\/li>\n<li>Tension: 220 V<\/li>\n<li>Tension de sortie: 240 V<\/li>\n<li>Fr\u00e9quence: 50\/60 Hz<\/li>\n<li>Tension d&#8217;entr\u00e9e AC: 276 V<\/li>\n<\/ul>","protected":false},"excerpt":{"rendered":"<p>Si vous \u00eates passionn\u00e9 d&#8217;informatique et d&#8217;\u00e9lectronique, si vous \u00eates \u00e0 la pointe de la technologie et qu&#8217;aucun d\u00e9tail ne vous \u00e9chappe, achetez Syst\u00e8me d&#8217;Alimentation Sans Interruption Interactif Salicru SLC-10000-TWIN RT3 10000 W au meilleur prix. Le Salicru SLC-10000-TWIN RT3 est un onduleur interactif de haute capacit\u00e9, con\u00e7u sp\u00e9cifiquement pour offrir une protection continue et [&hellip;]<\/p>\n","protected":false},"featured_media":16534,"comment_status":"open","ping_status":"closed","template":"","meta":[],"product_brand":[650],"product_cat":[65,581,603],"product_tag":[106],"class_list":{"0":"post-16536","1":"product","2":"type-product","3":"status-publish","4":"has-post-thumbnail","6":"product_brand-brandp_575","7":"product_cat-informatique-electronique","8":"product_cat-informatique-peripheriques-et-consommables","9":"product_cat-ups","10":"product_tag-tag_1295","12":"first","13":"instock","14":"taxable","15":"shipping-taxable","16":"purchasable","17":"product-type-simple"},"_links":{"self":[{"href":"https:\/\/bigbuy.tupique.com\/en\/wp-json\/wp\/v2\/product\/16536","targetHints":{"allow":["GET"]}}],"collection":[{"href":"https:\/\/bigbuy.tupique.com\/en\/wp-json\/wp\/v2\/product"}],"about":[{"href":"https:\/\/bigbuy.tupique.com\/en\/wp-json\/wp\/v2\/types\/product"}],"replies":[{"embeddable":true,"href":"https:\/\/bigbuy.tupique.com\/en\/wp-json\/wp\/v2\/comments?post=16536"}],"wp:featuredmedia":[{"embeddable":true,"href":"https:\/\/bigbuy.tupique.com\/en\/wp-json\/wp\/v2\/media\/16534"}],"wp:attachment":[{"href":"https:\/\/bigbuy.tupique.com\/en\/wp-json\/wp\/v2\/media?parent=16536"}],"wp:term":[{"taxonomy":"product_brand","embeddable":true,"href":"https:\/\/bigbuy.tupique.com\/en\/wp-json\/wp\/v2\/product_brand?post=16536"},{"taxonomy":"product_cat","embeddable":true,"href":"https:\/\/bigbuy.tupique.com\/en\/wp-json\/wp\/v2\/product_cat?post=16536"},{"taxonomy":"product_tag","embeddable":true,"href":"https:\/\/bigbuy.tupique.com\/en\/wp-json\/wp\/v2\/product_tag?post=16536"}],"curies":[{"name":"wp","href":"https:\/\/api.w.org\/{rel}","templated":true}]}}