{"id":165201,"date":"2026-04-10T12:55:43","date_gmt":"2026-04-10T11:55:43","guid":{"rendered":"https:\/\/bigbuy.tupique.com\/produto\/tablet-apple-md7k4ty-a-11-256-gb-silver\/"},"modified":"2026-04-15T09:10:28","modified_gmt":"2026-04-15T08:10:28","slug":"tablet-apple-md7k4ty-a-11-256-gb-silver","status":"publish","type":"product","link":"https:\/\/bigbuy.tupique.com\/en\/produto\/tablet-apple-md7k4ty-a-11-256-gb-silver\/","title":{"rendered":"Tablette Apple MD7K4TY\/A 11&#8243; 256 GB Argent\u00e9"},"content":{"rendered":"<p>Si vous \u00eates passionn\u00e9 d&#8217;<b>informatique et d&#8217;\u00e9lectronique<\/b>, si vous \u00eates \u00e0 la pointe de la technologie et qu&#8217;aucun d\u00e9tail ne vous \u00e9chappe, achetez <b>Tablette Apple MD7K4TY\/A 11&#8243; 256 GB Argent\u00e9<\/b> au meilleur prix.<\/p>\n<p>L\u2019<b>iPad<\/b> d\u2019Apple est une <b>tablette<\/b> haute performance qui offre une exp\u00e9rience polyvalente et fluide pour les t\u00e2ches quotidiennes, le divertissement et la productivit\u00e9. Ce mod\u00e8le dispose d\u2019un large <b>\u00e9cran de 11 pouces<\/b>, id\u00e9al pour profiter de contenus multim\u00e9dias en d\u00e9tail et travailler confortablement avec des applications multit\u00e2ches. Propos\u00e9 dans des finitions \u00e9l\u00e9gantes <b>gris<\/b> et <b>argent\u00e9<\/b>, son design en <b>aluminium<\/b> assure r\u00e9sistance, l\u00e9g\u00e8ret\u00e9 et un aspect moderne et professionnel. L\u2019appareil int\u00e8gre une <b>capacit\u00e9 de stockage de 256 Go<\/b>, permettant de conserver de nombreux fichiers, applications et documents sans souci d\u2019espace. La <b>cam\u00e9ra de 12 MP<\/b> garantit des images et appels vid\u00e9o de haute qualit\u00e9, compl\u00e9t\u00e9e par une cam\u00e9ra frontale id\u00e9ale pour les r\u00e9unions virtuelles et des selfies nets. Gr\u00e2ce \u00e0 la <b>connectivit\u00e9 Bluetooth<\/b> et \u00e0 l\u2019option <b>Wi-Fi + Cellular<\/b>, l\u2019utilisateur b\u00e9n\u00e9ficie d\u2019une flexibilit\u00e9 optimale pour se connecter \u00e0 la maison ou en d\u00e9placement, am\u00e9liorant ainsi la connectivit\u00e9 et la productivit\u00e9. Il inclut des fonctionnalit\u00e9s comme le flash pour les prises de vue en basse lumi\u00e8re et est fabriqu\u00e9 en Chine selon les standards de qualit\u00e9 propres \u00e0 la marque. Cet iPad constitue une solution avanc\u00e9e, adapt\u00e9e aussi bien aux professionnels qu\u2019aux particuliers recherchant fiabilit\u00e9 et efficacit\u00e9 dans un format portable.<\/p>\n<ul>\n<li>Type:\n<ul>\n<li>Tablette<\/li>\n<li>Flash<\/li>\n<\/ul>\n<\/li>\n<li>Type de prise: Prise EU<\/li>\n<li>Produit \u00e0 brancher: Oui<\/li>\n<li>Connectivit\u00e9:\n<ul>\n<li>Wi-Fi<\/li>\n<li>Bluetooth<\/li>\n<li>GPS<\/li>\n<li>5G<\/li>\n<li>eSIM<\/li>\n<li>Wi-Fi 6 GHz<\/li>\n<li>Bluetooth 5.3<\/li>\n<\/ul>\n<\/li>\n<li>Formats: AAC<\/li>\n<li>Caract\u00e9ristiques:\n<ul>\n<li>Capteur de lumi\u00e8re ambiante<\/li>\n<li>eSIM<\/li>\n<li>Contr\u00f4le vocal<\/li>\n<li>Cam\u00e9ra frontale<\/li>\n<li>Microphone int\u00e9gr\u00e9<\/li>\n<li>Autofocus<\/li>\n<li>Pile incluse<\/li>\n<li>Stabilisateur d&#8217;image<\/li>\n<li>2 Haut-parleurs<\/li>\n<li>Lecteur d&#8217;empreintes<\/li>\n<li>Connexion au r\u00e9seau mobile<\/li>\n<li>Boussole \u00e9lectronique<\/li>\n<li>\u00c9cran avec coins arrondis<\/li>\n<\/ul>\n<\/li>\n<li>Couleur:\n<ul>\n<li>Gris<\/li>\n<li>Argent\u00e9<\/li>\n<\/ul>\n<\/li>\n<li>Profondeur: 7 mm<\/li>\n<li>Bloc d\u2019Alimentation:\n<ul>\n<li>r\u00e9seau \u00e9lectrique<\/li>\n<li>USB<\/li>\n<\/ul>\n<\/li>\n<li>Connexions:\n<ul>\n<li>USB-C<\/li>\n<li>USB-C 2.0<\/li>\n<\/ul>\n<\/li>\n<li>Cam\u00e9ra\/Appareil Photo:\n<ul>\n<li>12 mpx<\/li>\n<li>12 MP<\/li>\n<li>Arri\u00e8re<\/li>\n<\/ul>\n<\/li>\n<li>Syst\u00e8me d&#8217;exploitation:\n<ul>\n<li>iPadOS<\/li>\n<li>iOS<\/li>\n<\/ul>\n<\/li>\n<li>Capacit\u00e9 de la batterie: 8500 mAh<\/li>\n<li>Ecran: 11&#8243;<\/li>\n<li>M\u00e9moire interne: 256 GB<\/li>\n<li>Mati\u00e8re: Aluminium<\/li>\n<li>Fonctions:\n<ul>\n<li>Barom\u00e8tre<\/li>\n<li>Acc\u00e9l\u00e9rom\u00e8tre<\/li>\n<li>G\u00e9olocalisation<\/li>\n<\/ul>\n<\/li>\n<li>Classification \u00e9nerg\u00e9tique: G<\/li>\n<li>Ouverture: F\/1,8<\/li>\n<li>Technologie:\n<ul>\n<li>LED<\/li>\n<li>IPS<\/li>\n<li>Mime<\/li>\n<li>Capacitive<\/li>\n<\/ul>\n<\/li>\n<li>Brille: 500 cd\/m2<\/li>\n<li>Non Inclus: Adaptateur AC<\/li>\n<li>Certificat: Certification ENERGY STAR<\/li>\n<li>Compatible: iPadOS<\/li>\n<li>Type de batterie: Litio Ion<\/li>\n<li>R\u00e9solution: 2360 x 1640 px<\/li>\n<li>Noyaux: 16 Noyaux<\/li>\n<li>R\u00e9solution (px):\n<ul>\n<li>3840 x 2160 px<\/li>\n<li>2160 px<\/li>\n<\/ul>\n<\/li>\n<li>Diagonale de l&#8217;\u00e9cran (cm): 27,9 cm<\/li>\n<li>Autonomie approx.: 10 heures<\/li>\n<\/ul>","protected":false},"excerpt":{"rendered":"<p>Si vous \u00eates passionn\u00e9 d&#8217;informatique et d&#8217;\u00e9lectronique, si vous \u00eates \u00e0 la pointe de la technologie et qu&#8217;aucun d\u00e9tail ne vous \u00e9chappe, achetez Tablette Apple MD7K4TY\/A 11&#8243; 256 GB Argent\u00e9 au meilleur prix. L\u2019iPad d\u2019Apple est une tablette haute performance qui offre une exp\u00e9rience polyvalente et fluide pour les t\u00e2ches quotidiennes, le divertissement et la [&hellip;]<\/p>\n","protected":false},"featured_media":165180,"comment_status":"open","ping_status":"closed","template":"","meta":[],"product_brand":[979],"product_cat":[575,65,1052],"product_tag":[566,106],"class_list":{"0":"post-165201","1":"product","2":"type-product","3":"status-publish","4":"has-post-thumbnail","6":"product_brand-brandp_533","7":"product_cat-electronique-telephonie-et-tablettes","8":"product_cat-informatique-electronique","9":"product_cat-tablettes","10":"product_tag-tag_547","11":"product_tag-tag_1295","13":"first","14":"instock","15":"taxable","16":"shipping-taxable","17":"purchasable","18":"product-type-simple"},"_links":{"self":[{"href":"https:\/\/bigbuy.tupique.com\/en\/wp-json\/wp\/v2\/product\/165201","targetHints":{"allow":["GET"]}}],"collection":[{"href":"https:\/\/bigbuy.tupique.com\/en\/wp-json\/wp\/v2\/product"}],"about":[{"href":"https:\/\/bigbuy.tupique.com\/en\/wp-json\/wp\/v2\/types\/product"}],"replies":[{"embeddable":true,"href":"https:\/\/bigbuy.tupique.com\/en\/wp-json\/wp\/v2\/comments?post=165201"}],"wp:featuredmedia":[{"embeddable":true,"href":"https:\/\/bigbuy.tupique.com\/en\/wp-json\/wp\/v2\/media\/165180"}],"wp:attachment":[{"href":"https:\/\/bigbuy.tupique.com\/en\/wp-json\/wp\/v2\/media?parent=165201"}],"wp:term":[{"taxonomy":"product_brand","embeddable":true,"href":"https:\/\/bigbuy.tupique.com\/en\/wp-json\/wp\/v2\/product_brand?post=165201"},{"taxonomy":"product_cat","embeddable":true,"href":"https:\/\/bigbuy.tupique.com\/en\/wp-json\/wp\/v2\/product_cat?post=165201"},{"taxonomy":"product_tag","embeddable":true,"href":"https:\/\/bigbuy.tupique.com\/en\/wp-json\/wp\/v2\/product_tag?post=165201"}],"curies":[{"name":"wp","href":"https:\/\/api.w.org\/{rel}","templated":true}]}}