{"id":16515,"date":"2026-03-29T13:41:56","date_gmt":"2026-03-29T12:41:56","guid":{"rendered":"https:\/\/bigbuy.tupique.com\/produto\/lawn-mowing-robot-gardena-sileno-500-m%c2%b2-500-m%c2%b2\/"},"modified":"2026-04-16T15:10:49","modified_gmt":"2026-04-16T14:10:49","slug":"lawn-mowing-robot-gardena-sileno-500-m%c2%b2-500-m%c2%b2","status":"publish","type":"product","link":"https:\/\/bigbuy.tupique.com\/en\/produto\/lawn-mowing-robot-gardena-sileno-500-m%c2%b2-500-m%c2%b2\/","title":{"rendered":"Robot tondeuse Gardena Sileno 500 m\u00b2 500 M\u00b2"},"content":{"rendered":"<p>Si vous aimez prendre soin de chaque d\u00e9tail de votre maison et d&#8217;\u00eatre \u00e0 la derni\u00e8re mode en mati\u00e8re de produits qui vous rendront la vie plus facile, achetez <b>Robot tondeuse Gardena Sileno 500 m\u00b2 500 M\u00b2<\/b> au meilleur prix.<\/p>\n<p>Le <b>robot tondeuse Sileno 500 m\u00b2<\/b> de <b>Gardena<\/b> est une solution intelligente et efficace pour entretenir des jardins jusqu\u2019\u00e0 <b>500 m\u00e8tres carr\u00e9s<\/b> avec un soin automatis\u00e9 et pr\u00e9cis. Con\u00e7u avec des mat\u00e9riaux durables comme le <b>plastique gris<\/b> et aliment\u00e9 par une <b>batterie lithium-ion<\/b>, il allie robustesse et autonomie, facilitant une utilisation sans fil sans d\u00e9pendre de c\u00e2bles. Son installation est simple gr\u00e2ce \u00e0 la <b>prise EU<\/b>, conforme aux normes europ\u00e9ennes. Ce mod\u00e8le int\u00e8gre des technologies de coupe avanc\u00e9es, notamment <b>SensorCut<\/b>, qui ajuste la hauteur et \u00e9vite les coupes inutiles ; <b>CorridorCut<\/b>, qui permet d\u2019acc\u00e9der pr\u00e9cis\u00e9ment aux zones \u00e9troites ; et <b>SpotCut<\/b>, pour un r\u00e9glage efficace sur des zones sp\u00e9cifiques du jardin. Son design compact et agile, renforc\u00e9 par la rotation de la roue arri\u00e8re, facilite les man\u0153uvres dans les espaces restreints et les angles difficiles, am\u00e9liorant la couverture et l\u2019efficacit\u00e9 du travail. De plus, il est con\u00e7u pour fonctionner par temps difficile, y compris sous la pluie, et peut \u00eatre nettoy\u00e9 avec un tuyau d\u2019arrosage sans risque pour ses composants \u00e9lectroniques, d\u00e9montrant sa r\u00e9sistance et sa facilit\u00e9 d\u2019entretien. La programmation et le contr\u00f4le du Sileno 500 m\u00b2 sont simplifi\u00e9s via l\u2019<b>application GARDENA Bluetooth\u00ae<\/b>, offrant une gestion intuitive depuis les appareils mobiles, permettant \u00e0 l\u2019utilisateur d\u2019ajuster horaires et modes de coupe ais\u00e9ment. Il se distingue aussi par son fonctionnement <b>tr\u00e8s silencieux<\/b>, id\u00e9al pour pr\u00e9server la tranquillit\u00e9 en milieu r\u00e9sidentiel. En r\u00e9sum\u00e9, ce robot tondeuse repr\u00e9sente un \u00e9quilibre entre technologie avanc\u00e9e, praticit\u00e9 et fiabilit\u00e9 pour les utilisateurs recherchant une automatisation efficace de l\u2019entretien de leur pelouse avec des r\u00e9sultats professionnels garantis.<\/p>\n<ul>\n<li>Produit \u00e0 brancher: Oui<\/li>\n<li>Type de prise: Prise EU<\/li>\n<li>Bloc d\u2019Alimentation: r\u00e9seau \u00e9lectrique<\/li>\n<li>Utilisation recommand\u00e9e: 500 M\u00b2<\/li>\n<li>Taille de coupe: 16 cm<\/li>\n<li>Mati\u00e8re: Plastique<\/li>\n<li>Inclut: Batterie<\/li>\n<li>Type de batterie: Litio Ion<\/li>\n<\/ul>","protected":false},"excerpt":{"rendered":"<p>Si vous aimez prendre soin de chaque d\u00e9tail de votre maison et d&#8217;\u00eatre \u00e0 la derni\u00e8re mode en mati\u00e8re de produits qui vous rendront la vie plus facile, achetez Robot tondeuse Gardena Sileno 500 m\u00b2 500 M\u00b2 au meilleur prix. Le robot tondeuse Sileno 500 m\u00b2 de Gardena est une solution intelligente et efficace pour [&hellip;]<\/p>\n","protected":false},"featured_media":16508,"comment_status":"open","ping_status":"closed","template":"","meta":[],"product_brand":[831],"product_cat":[613,239],"product_tag":[59,210],"class_list":{"0":"post-16515","1":"product","2":"type-product","3":"status-publish","4":"has-post-thumbnail","6":"product_brand-brandp_6026","7":"product_cat-bricolage-et-materiel","8":"product_cat-maison-jardin","9":"product_tag-tag_1304","10":"product_tag-tag_25","12":"first","13":"instock","14":"taxable","15":"shipping-taxable","16":"purchasable","17":"product-type-simple"},"_links":{"self":[{"href":"https:\/\/bigbuy.tupique.com\/en\/wp-json\/wp\/v2\/product\/16515","targetHints":{"allow":["GET"]}}],"collection":[{"href":"https:\/\/bigbuy.tupique.com\/en\/wp-json\/wp\/v2\/product"}],"about":[{"href":"https:\/\/bigbuy.tupique.com\/en\/wp-json\/wp\/v2\/types\/product"}],"replies":[{"embeddable":true,"href":"https:\/\/bigbuy.tupique.com\/en\/wp-json\/wp\/v2\/comments?post=16515"}],"wp:featuredmedia":[{"embeddable":true,"href":"https:\/\/bigbuy.tupique.com\/en\/wp-json\/wp\/v2\/media\/16508"}],"wp:attachment":[{"href":"https:\/\/bigbuy.tupique.com\/en\/wp-json\/wp\/v2\/media?parent=16515"}],"wp:term":[{"taxonomy":"product_brand","embeddable":true,"href":"https:\/\/bigbuy.tupique.com\/en\/wp-json\/wp\/v2\/product_brand?post=16515"},{"taxonomy":"product_cat","embeddable":true,"href":"https:\/\/bigbuy.tupique.com\/en\/wp-json\/wp\/v2\/product_cat?post=16515"},{"taxonomy":"product_tag","embeddable":true,"href":"https:\/\/bigbuy.tupique.com\/en\/wp-json\/wp\/v2\/product_tag?post=16515"}],"curies":[{"name":"wp","href":"https:\/\/api.w.org\/{rel}","templated":true}]}}