{"id":16452,"date":"2026-03-29T13:40:25","date_gmt":"2026-03-29T12:40:25","guid":{"rendered":"https:\/\/bigbuy.tupique.com\/produto\/garden-shredder-powerplus-2400-w-plants\/"},"modified":"2026-04-16T20:46:38","modified_gmt":"2026-04-16T19:46:38","slug":"garden-shredder-powerplus-2400-w-plants","status":"publish","type":"product","link":"https:\/\/bigbuy.tupique.com\/en\/produto\/garden-shredder-powerplus-2400-w-plants\/","title":{"rendered":"Broyeur de jardin Powerplus 2400 W Plantes"},"content":{"rendered":"<p>Si vous aimez prendre soin de chaque d\u00e9tail de votre maison et d&#8217;\u00eatre \u00e0 la derni\u00e8re mode en mati\u00e8re de produits qui vous rendront la vie plus facile, achetez <b>D\u00e9coupeuse Powerplus Plantes<\/b> au meilleur prix.<\/p>\n<ul>\n<li>Utilisation recommand\u00e9e: Plantes<\/li>\n<li>puissance: 2800 W<\/li>\n<\/ul>","protected":false},"excerpt":{"rendered":"<p><span class=\"unit-info\">5.0332 &euro; \/ 1 l<\/span><\/p>","protected":false},"featured_media":16448,"comment_status":"open","ping_status":"closed","template":"","meta":[],"product_brand":[827],"product_cat":[613,239],"product_tag":[59,210],"class_list":{"0":"post-16452","1":"product","2":"type-product","3":"status-publish","4":"has-post-thumbnail","6":"product_brand-brandp_6227","7":"product_cat-bricolage-et-materiel","8":"product_cat-maison-jardin","9":"product_tag-tag_1304","10":"product_tag-tag_25","12":"first","13":"instock","14":"taxable","15":"shipping-taxable","16":"purchasable","17":"product-type-simple"},"_links":{"self":[{"href":"https:\/\/bigbuy.tupique.com\/en\/wp-json\/wp\/v2\/product\/16452","targetHints":{"allow":["GET"]}}],"collection":[{"href":"https:\/\/bigbuy.tupique.com\/en\/wp-json\/wp\/v2\/product"}],"about":[{"href":"https:\/\/bigbuy.tupique.com\/en\/wp-json\/wp\/v2\/types\/product"}],"replies":[{"embeddable":true,"href":"https:\/\/bigbuy.tupique.com\/en\/wp-json\/wp\/v2\/comments?post=16452"}],"wp:featuredmedia":[{"embeddable":true,"href":"https:\/\/bigbuy.tupique.com\/en\/wp-json\/wp\/v2\/media\/16448"}],"wp:attachment":[{"href":"https:\/\/bigbuy.tupique.com\/en\/wp-json\/wp\/v2\/media?parent=16452"}],"wp:term":[{"taxonomy":"product_brand","embeddable":true,"href":"https:\/\/bigbuy.tupique.com\/en\/wp-json\/wp\/v2\/product_brand?post=16452"},{"taxonomy":"product_cat","embeddable":true,"href":"https:\/\/bigbuy.tupique.com\/en\/wp-json\/wp\/v2\/product_cat?post=16452"},{"taxonomy":"product_tag","embeddable":true,"href":"https:\/\/bigbuy.tupique.com\/en\/wp-json\/wp\/v2\/product_tag?post=16452"}],"curies":[{"name":"wp","href":"https:\/\/api.w.org\/{rel}","templated":true}]}}