{"id":16393,"date":"2026-03-29T13:39:04","date_gmt":"2026-03-29T12:39:04","guid":{"rendered":"https:\/\/bigbuy.tupique.com\/produto\/mens-watch-frederique-constant-calssics\/"},"modified":"2026-04-15T00:47:25","modified_gmt":"2026-04-14T23:47:25","slug":"mens-watch-frederique-constant-calssics","status":"publish","type":"product","link":"https:\/\/bigbuy.tupique.com\/en\/produto\/mens-watch-frederique-constant-calssics\/","title":{"rendered":"Montre Homme Frederique Constant CALSSICS"},"content":{"rendered":"<p>Si vous aimez suivre les derni\u00e8res tendances en mati\u00e8re de mode et accessoires, achetez <b>Montre Homme Frederique Constant CALSSICS<\/b> au meilleur prix.<\/p>\n<p>La <b>montre-bracelet<\/b> <b>CALSSICS<\/b> de <b>Frederique Constant<\/b> est une pi\u00e8ce d\u2019horlogerie suisse de haute qualit\u00e9, con\u00e7ue pour ceux qui appr\u00e9cient l\u2019\u00e9l\u00e9gance et la fonctionnalit\u00e9 au quotidien. Cette montre se distingue par sa polyvalence, adapt\u00e9e aussi bien aux <b>hommes<\/b> qu\u2019aux <b>femmes<\/b>, ce qui en fait un choix unisexe alliant design classique et sophistication intemporelle. Fabriqu\u00e9e en Suisse, elle garantit la qualit\u00e9 et la pr\u00e9cision propres \u00e0 la tradition horlog\u00e8re suisse, soutenues par des mat\u00e9riaux et finitions haut de gamme. De plus, elle est livr\u00e9e avec un \u00e9crin ou une pochette de la marque, ajoutant une valeur suppl\u00e9mentaire en termes de pr\u00e9sentation et de protection. Son style s\u2019adapte \u00e0 diverses occasions, de l\u2019usage quotidien aux \u00e9v\u00e9nements formels, compl\u00e9tant parfaitement toute tenue. L\u2019attention port\u00e9e aux d\u00e9tails et sa construction fiable font de cette montre une pi\u00e8ce appr\u00e9ci\u00e9e par ceux qui recherchent plus qu\u2019un simple instrument de mesure du temps ; c\u2019est un accessoire qui exprime style et distinction. En r\u00e9sum\u00e9, la <b>Frederique Constant CALSSICS<\/b> est une montre polyvalente et sophistiqu\u00e9e offrant la qualit\u00e9 suisse et un design pens\u00e9 pour les deux sexes, s\u2019imposant comme un choix remarquable dans l\u2019horlogerie contemporaine.<\/p>\n<ul>\n<li>Genre:\n<ul>\n<li>Femme<\/li>\n<li>Homme<\/li>\n<\/ul>\n<\/li>\n<li>Liens suppl\u00e9mentaires: Non<\/li>\n<li>Type de montre: Montre-bracelet<\/li>\n<li>Inclut: Inclut un \u00e9tui ou une housse de la marque<\/li>\n<\/ul>","protected":false},"excerpt":{"rendered":"<p>Si vous aimez suivre les derni\u00e8res tendances en mati\u00e8re de mode et accessoires, achetez Montre Homme Frederique Constant CALSSICS au meilleur prix. La montre-bracelet CALSSICS de Frederique Constant est une pi\u00e8ce d\u2019horlogerie suisse de haute qualit\u00e9, con\u00e7ue pour ceux qui appr\u00e9cient l\u2019\u00e9l\u00e9gance et la fonctionnalit\u00e9 au quotidien. Cette montre se distingue par sa polyvalence, adapt\u00e9e [&hellip;]<\/p>\n","protected":false},"featured_media":16391,"comment_status":"open","ping_status":"closed","template":"","meta":[],"product_brand":[795],"product_cat":[544,574,545],"product_tag":[103,543],"class_list":{"0":"post-16393","1":"product","2":"type-product","3":"status-publish","4":"has-post-thumbnail","6":"product_brand-brandp_6826","7":"product_cat-mode-accessoires","8":"product_cat-montres-homme","9":"product_cat-montres-bracelets","10":"product_tag-tag_1261","11":"product_tag-tag_61","13":"first","14":"instock","15":"taxable","16":"shipping-taxable","17":"purchasable","18":"product-type-simple"},"_links":{"self":[{"href":"https:\/\/bigbuy.tupique.com\/en\/wp-json\/wp\/v2\/product\/16393","targetHints":{"allow":["GET"]}}],"collection":[{"href":"https:\/\/bigbuy.tupique.com\/en\/wp-json\/wp\/v2\/product"}],"about":[{"href":"https:\/\/bigbuy.tupique.com\/en\/wp-json\/wp\/v2\/types\/product"}],"replies":[{"embeddable":true,"href":"https:\/\/bigbuy.tupique.com\/en\/wp-json\/wp\/v2\/comments?post=16393"}],"wp:featuredmedia":[{"embeddable":true,"href":"https:\/\/bigbuy.tupique.com\/en\/wp-json\/wp\/v2\/media\/16391"}],"wp:attachment":[{"href":"https:\/\/bigbuy.tupique.com\/en\/wp-json\/wp\/v2\/media?parent=16393"}],"wp:term":[{"taxonomy":"product_brand","embeddable":true,"href":"https:\/\/bigbuy.tupique.com\/en\/wp-json\/wp\/v2\/product_brand?post=16393"},{"taxonomy":"product_cat","embeddable":true,"href":"https:\/\/bigbuy.tupique.com\/en\/wp-json\/wp\/v2\/product_cat?post=16393"},{"taxonomy":"product_tag","embeddable":true,"href":"https:\/\/bigbuy.tupique.com\/en\/wp-json\/wp\/v2\/product_tag?post=16393"}],"curies":[{"name":"wp","href":"https:\/\/api.w.org\/{rel}","templated":true}]}}