{"id":163210,"date":"2026-04-10T06:44:48","date_gmt":"2026-04-10T05:44:48","guid":{"rendered":"https:\/\/bigbuy.tupique.com\/produto\/monitor-hp-724pn-wuxga-24-100-hz\/"},"modified":"2026-04-15T02:20:00","modified_gmt":"2026-04-15T01:20:00","slug":"monitor-hp-724pn-wuxga-24-100-hz","status":"publish","type":"product","link":"https:\/\/bigbuy.tupique.com\/en\/produto\/monitor-hp-724pn-wuxga-24-100-hz\/","title":{"rendered":"\u00c9cran HP 724pn WUXGA 24&#8243; 100 Hz"},"content":{"rendered":"<p>Si vous \u00eates passionn\u00e9 d&#8217;<b>informatique et d&#8217;\u00e9lectronique<\/b>, si vous \u00eates \u00e0 la pointe de la technologie et qu&#8217;aucun d\u00e9tail ne vous \u00e9chappe, achetez <b>\u00c9cran HP 724pn WUXGA 24&#8243; 100 Hz<\/b> au meilleur prix.<\/p>\n<p>Le <b>moniteur HP 724pn<\/b> est un appareil con\u00e7u pour les utilisateurs professionnels exigeants recherchant une exp\u00e9rience visuelle pr\u00e9cise et confortable dans leur environnement de travail. Avec un <b>\u00e9cran de 24 pouces (61 cm)<\/b> et une r\u00e9solution <b>WUXGA de 1920 x 1200 pixels<\/b>, ce moniteur offre un format au rapport d\u2019aspect <b>16:10<\/b> permettant d\u2019afficher plus de contenu et d\u2019am\u00e9liorer la productivit\u00e9 par rapport aux formats traditionnels. Il int\u00e8gre une <b>technologie d\u2019affichage LCD avec r\u00e9tro\u00e9clairage LED<\/b> et un panneau IPS, garantissant des couleurs uniformes et une excellente pr\u00e9cision sous tous les angles, gr\u00e2ce \u00e0 de larges angles de vision horizontaux et verticaux de <b>178\u00b0<\/b>. Sa <b>surface mate<\/b> r\u00e9duit les reflets, facilitant le travail dans des environnements \u00e0 \u00e9clairage variable. La r\u00e9activit\u00e9 est remarquable pour sa cat\u00e9gorie, avec un <b>temps de r\u00e9ponse de 5 ms<\/b>, id\u00e9al pour des t\u00e2ches visuelles fluides sans flous ni retards. De plus, il propose des fonctions ergonomiques avanc\u00e9es incluant r\u00e9glage en hauteur et pivot, permettant une configuration optimale et personnalis\u00e9e selon la posture, ainsi qu\u2019un support VESA pour montage mural ou bras articul\u00e9s. C\u00f4t\u00e9 connectivit\u00e9, il dispose d\u2019un port <b>USB 3.2 Gen 1<\/b> offrant des transferts rapides et une connexion simple aux p\u00e9riph\u00e9riques. La finition en <b>noir avec d\u00e9tails argent\u00e9s<\/b> pr\u00e9sente un design sobre et professionnel, s\u2019adaptant facilement \u00e0 tout espace de bureau. Le HP 724pn se positionne comme un moniteur fiable alliant qualit\u00e9 d\u2019image, ergonomie polyvalente et connectivit\u00e9 moderne, adapt\u00e9 aux professionnels valorisant la pr\u00e9cision visuelle et un environnement de travail confortable.<\/p>\n<ul>\n<li>Diagonale de l&#8217;\u00e9cran (cm): 61 cm<\/li>\n<li>Type:\n<ul>\n<li>\u00c9cran<\/li>\n<li>Axe<\/li>\n<\/ul>\n<\/li>\n<li>Produit \u00e0 brancher: Oui<\/li>\n<li>Classification \u00e9nerg\u00e9tique: E<\/li>\n<li>Type de prise: Prise EU<\/li>\n<li>Bloc d\u2019Alimentation: r\u00e9seau \u00e9lectrique<\/li>\n<li>Couleur: Noir<\/li>\n<li>Temps de r\u00e9ponse: 5 ms<\/li>\n<li>consommation d&#8217;\u00e9nergie: 36 W<\/li>\n<li>VESA: 10 x 10 cm<\/li>\n<li>Brille: 350 cd\/m\u00b2<\/li>\n<li>Tension:\n<ul>\n<li>100-240 V<\/li>\n<li>100 &#8211; 240 V<\/li>\n<\/ul>\n<\/li>\n<li>Ecran: 24&#8243;<\/li>\n<li>R\u00e9solution: WUXGA<\/li>\n<li>Rapport d&#8217;aspect: 16:10<\/li>\n<li>Connexions:\n<ul>\n<li>HDMI<\/li>\n<li>USB<\/li>\n<li>DisplayPort<\/li>\n<li>HDMI 1.4<\/li>\n<\/ul>\n<\/li>\n<li>Caract\u00e9ristiques:\n<ul>\n<li>Plaque Tournante<\/li>\n<li>R\u00e9glable<\/li>\n<li>Avec stand<\/li>\n<li>Inclinaison r\u00e9glable<\/li>\n<li>\u00c9cran plat<\/li>\n<\/ul>\n<\/li>\n<li>R\u00e9solution (px): 1920 x 1200 px<\/li>\n<li>Technologie:\n<ul>\n<li>LED<\/li>\n<li>IPS<\/li>\n<li>LCD<\/li>\n<\/ul>\n<\/li>\n<li>Fr\u00e9quence:\n<ul>\n<li>100 Hz<\/li>\n<li>50 &#8211; 60 Hz<\/li>\n<\/ul>\n<\/li>\n<li>Inclinaison:\n<ul>\n<li>-90 \/ 90\u00b0<\/li>\n<li>-5\u00ba \/ 20\u00ba<\/li>\n<\/ul>\n<\/li>\n<li>Fr\u00e9quence d&#8217;entr\u00e9e AC: 50-60 Hz<\/li>\n<li>Ecran tactile: Non<\/li>\n<li>Angle: 178\u00ba<\/li>\n<li>Pr\u00e9cision (humidit\u00e9 relative): 20 % &#8211; 80 %<\/li>\n<li>Montage: VESA<\/li>\n<li>Utilisation recommand\u00e9e:\n<ul>\n<li>Entreprise et commerce<\/li>\n<li>Professionnel<\/li>\n<\/ul>\n<\/li>\n<li>Rotation: -45\u00ba \/ 45\u00b0<\/li>\n<\/ul>","protected":false},"excerpt":{"rendered":"<p>Si vous \u00eates passionn\u00e9 d&#8217;informatique et d&#8217;\u00e9lectronique, si vous \u00eates \u00e0 la pointe de la technologie et qu&#8217;aucun d\u00e9tail ne vous \u00e9chappe, achetez \u00c9cran HP 724pn WUXGA 24&#8243; 100 Hz au meilleur prix. Le moniteur HP 724pn est un appareil con\u00e7u pour les utilisateurs professionnels exigeants recherchant une exp\u00e9rience visuelle pr\u00e9cise et confortable dans leur [&hellip;]<\/p>\n","protected":false},"featured_media":163203,"comment_status":"open","ping_status":"closed","template":"","meta":[],"product_brand":[630],"product_cat":[65,581,616],"product_tag":[213,106],"class_list":{"0":"post-163210","1":"product","2":"type-product","3":"status-publish","4":"has-post-thumbnail","6":"product_brand-brandp_909","7":"product_cat-informatique-electronique","8":"product_cat-informatique-peripheriques-et-consommables","9":"product_cat-moniteurs","10":"product_tag-tag_933","11":"product_tag-tag_1295","13":"first","14":"instock","15":"taxable","16":"shipping-taxable","17":"purchasable","18":"product-type-simple"},"_links":{"self":[{"href":"https:\/\/bigbuy.tupique.com\/en\/wp-json\/wp\/v2\/product\/163210","targetHints":{"allow":["GET"]}}],"collection":[{"href":"https:\/\/bigbuy.tupique.com\/en\/wp-json\/wp\/v2\/product"}],"about":[{"href":"https:\/\/bigbuy.tupique.com\/en\/wp-json\/wp\/v2\/types\/product"}],"replies":[{"embeddable":true,"href":"https:\/\/bigbuy.tupique.com\/en\/wp-json\/wp\/v2\/comments?post=163210"}],"wp:featuredmedia":[{"embeddable":true,"href":"https:\/\/bigbuy.tupique.com\/en\/wp-json\/wp\/v2\/media\/163203"}],"wp:attachment":[{"href":"https:\/\/bigbuy.tupique.com\/en\/wp-json\/wp\/v2\/media?parent=163210"}],"wp:term":[{"taxonomy":"product_brand","embeddable":true,"href":"https:\/\/bigbuy.tupique.com\/en\/wp-json\/wp\/v2\/product_brand?post=163210"},{"taxonomy":"product_cat","embeddable":true,"href":"https:\/\/bigbuy.tupique.com\/en\/wp-json\/wp\/v2\/product_cat?post=163210"},{"taxonomy":"product_tag","embeddable":true,"href":"https:\/\/bigbuy.tupique.com\/en\/wp-json\/wp\/v2\/product_tag?post=163210"}],"curies":[{"name":"wp","href":"https:\/\/api.w.org\/{rel}","templated":true}]}}