{"id":16309,"date":"2026-03-29T13:37:21","date_gmt":"2026-03-29T12:37:21","guid":{"rendered":"https:\/\/bigbuy.tupique.com\/produto\/superautomatic-coffee-maker-delonghi-ecam290-22-b-black-1450-w-15-bar\/"},"modified":"2026-04-16T17:25:10","modified_gmt":"2026-04-16T16:25:10","slug":"superautomatic-coffee-maker-delonghi-ecam290-22-b-black-1450-w-15-bar","status":"publish","type":"product","link":"https:\/\/bigbuy.tupique.com\/en\/produto\/superautomatic-coffee-maker-delonghi-ecam290-22-b-black-1450-w-15-bar\/","title":{"rendered":"Cafeti\u00e8re superautomatique DeLonghi ECAM290.22.B Noir 1450 W 15 bar"},"content":{"rendered":"<p>Si vous recherchez des \u00e9lectrom\u00e9nagers pour votre maison aux meilleurs prix, ne manquez pas <b>Cafeti\u00e8re superautomatique DeLonghi ECAM290.22.B Noir 1450 W 15 bar<\/b> et une large s\u00e9lection de petits \u00e9lectrom\u00e9nagers de qualit\u00e9 !<\/p>\n<p>La <b>DeLonghi ECAM290.22.B<\/b> est une <b>machine \u00e0 caf\u00e9 super-automatique<\/b> con\u00e7ue pour les amateurs de caf\u00e9 cherchant confort, polyvalence et qualit\u00e9 dans un seul appareil. Ce mod\u00e8le, fini en <b>noir<\/b> et fabriqu\u00e9 avec une combinaison soign\u00e9e de <b>m\u00e9tal et plastique<\/b> de haute durabilit\u00e9, int\u00e8gre un syst\u00e8me de <b>pression de 15 bars<\/b> garantissant une extraction optimale pour des expressos intenses et cr\u00e9meux, comme ceux attendus dans les caf\u00e9s professionnels. La machine dispose d\u2019un <b>r\u00e9servoir d\u2019eau de 1,8 litre<\/b> et d\u2019un <b>r\u00e9cipient \u00e0 grains de caf\u00e9 d\u2019une capacit\u00e9 de 250 grammes<\/b>, permettant de pr\u00e9parer plusieurs boissons cons\u00e9cutives sans avoir \u00e0 recharger fr\u00e9quemment. Elle int\u00e8gre un moulin r\u00e9glable sur <b>13 niveaux<\/b>, permettant aux utilisateurs d\u2019adapter la mouture \u00e0 leur go\u00fbt personnel, assurant toujours la fra\u00eecheur maximale. Son <b>panneau de contr\u00f4le tactile et intuitif<\/b> facilite la s\u00e9lection entre <b>3 types de boissons diff\u00e9rentes<\/b> personnalisables, gr\u00e2ce \u00e0 son syst\u00e8me automatique et des options claires sur l\u2019interface, optimisant l\u2019exp\u00e9rience d\u2019utilisation aussi bien pour les experts que pour les d\u00e9butants. Elle comprend \u00e9galement une <b>buse vapeur<\/b> efficace, id\u00e9ale pour pr\u00e9parer de la mousse de lait pour cappuccinos ou lattes. Elle fonctionne \u00e0 <b>1450W<\/b> et se connecte au r\u00e9seau \u00e9lectrique standard de <b>240V<\/b>, s\u2019adaptant parfaitement \u00e0 toute cuisine ou bureau. Son design moderne et compact est pens\u00e9 pour s\u2019int\u00e9grer facilement dans les espaces domestiques sans renoncer aux performances professionnelles qui caract\u00e9risent la gamme Magnifica Evo de DeLonghi. Ce mod\u00e8le repr\u00e9sente une option compl\u00e8te et fiable pour ceux qui souhaitent obtenir la meilleure qualit\u00e9 dans chaque tasse, combinant technologie avanc\u00e9e, facilit\u00e9 d\u2019utilisation et \u00e9l\u00e9gance du fini.<\/p>\n<ul>\n<li>Type: Cafeti\u00e8re superautomatique<\/li>\n<li>Mati\u00e8re:\n<ul>\n<li>M\u00e9tal<\/li>\n<li>Plastique<\/li>\n<\/ul>\n<\/li>\n<li>Produit \u00e0 brancher: Oui<\/li>\n<li>Bloc d\u2019Alimentation: r\u00e9seau \u00e9lectrique<\/li>\n<li>Couleur: Noir<\/li>\n<li>Largeur: 24 cm<\/li>\n<li>\u00c9lev\u00e9: 36 cm<\/li>\n<li>Long: 44 cm<\/li>\n<li>Pression: 15 bar<\/li>\n<li>Niveaux de temp\u00e9rature: 3<\/li>\n<li>Capacit\u00e9:\n<ul>\n<li>250 g<\/li>\n<li>1,8 L<\/li>\n<\/ul>\n<\/li>\n<li>Tension: 240 V<\/li>\n<\/ul>","protected":false},"excerpt":{"rendered":"<p>Si vous recherchez des \u00e9lectrom\u00e9nagers pour votre maison aux meilleurs prix, ne manquez pas Cafeti\u00e8re superautomatique DeLonghi ECAM290.22.B Noir 1450 W 15 bar et une large s\u00e9lection de petits \u00e9lectrom\u00e9nagers de qualit\u00e9 ! La DeLonghi ECAM290.22.B est une machine \u00e0 caf\u00e9 super-automatique con\u00e7ue pour les amateurs de caf\u00e9 cherchant confort, polyvalence et qualit\u00e9 dans un [&hellip;]<\/p>\n","protected":false},"featured_media":16307,"comment_status":"open","ping_status":"closed","template":"","meta":[],"product_brand":[299],"product_cat":[725,60,77],"product_tag":[59,56],"class_list":{"0":"post-16309","1":"product","2":"type-product","3":"status-publish","4":"has-post-thumbnail","6":"product_brand-brandp_5487","7":"product_cat-cafetieres","8":"product_cat-cuisine-gourmet","9":"product_cat-petit-electromenager","10":"product_tag-tag_1304","11":"product_tag-tag_930","13":"first","14":"instock","15":"taxable","16":"shipping-taxable","17":"purchasable","18":"product-type-simple"},"_links":{"self":[{"href":"https:\/\/bigbuy.tupique.com\/en\/wp-json\/wp\/v2\/product\/16309","targetHints":{"allow":["GET"]}}],"collection":[{"href":"https:\/\/bigbuy.tupique.com\/en\/wp-json\/wp\/v2\/product"}],"about":[{"href":"https:\/\/bigbuy.tupique.com\/en\/wp-json\/wp\/v2\/types\/product"}],"replies":[{"embeddable":true,"href":"https:\/\/bigbuy.tupique.com\/en\/wp-json\/wp\/v2\/comments?post=16309"}],"wp:featuredmedia":[{"embeddable":true,"href":"https:\/\/bigbuy.tupique.com\/en\/wp-json\/wp\/v2\/media\/16307"}],"wp:attachment":[{"href":"https:\/\/bigbuy.tupique.com\/en\/wp-json\/wp\/v2\/media?parent=16309"}],"wp:term":[{"taxonomy":"product_brand","embeddable":true,"href":"https:\/\/bigbuy.tupique.com\/en\/wp-json\/wp\/v2\/product_brand?post=16309"},{"taxonomy":"product_cat","embeddable":true,"href":"https:\/\/bigbuy.tupique.com\/en\/wp-json\/wp\/v2\/product_cat?post=16309"},{"taxonomy":"product_tag","embeddable":true,"href":"https:\/\/bigbuy.tupique.com\/en\/wp-json\/wp\/v2\/product_tag?post=16309"}],"curies":[{"name":"wp","href":"https:\/\/api.w.org\/{rel}","templated":true}]}}