{"id":162936,"date":"2026-04-10T05:55:12","date_gmt":"2026-04-10T04:55:12","guid":{"rendered":"https:\/\/bigbuy.tupique.com\/produto\/conventional-hood-teka-cnl9815-plus-90-cm-730-m3-h-65-db-277w-grey-silver-steel-a\/"},"modified":"2026-04-16T00:27:54","modified_gmt":"2026-04-15T23:27:54","slug":"conventional-hood-teka-cnl9815-plus-90-cm-730-m3-h-65-db-277w-grey-silver-steel-a","status":"publish","type":"product","link":"https:\/\/bigbuy.tupique.com\/en\/produto\/conventional-hood-teka-cnl9815-plus-90-cm-730-m3-h-65-db-277w-grey-silver-steel-a\/","title":{"rendered":"Hotte standard Teka CNL9815 PLUS 90 cm 730 m3\/h 65 dB 277W Gris Argent\u00e9 Acier A"},"content":{"rendered":"<p>Si vous pensez r\u00e9nover votre cuisine, achetez <b>Hotte standard Teka CNL9815 PLUS 90 cm 730 m3\/h 65 dB 277W Gris Argent\u00e9 Acier A<\/b> et d\u00b4autres <b>produits Teka<\/b> !<\/p>\n<ul>\n<li>Illumination:\n<ul>\n<li>LED<\/li>\n<li>12 W<\/li>\n<\/ul>\n<\/li>\n<li>Lumi\u00e8re: Oui<\/li>\n<li>Volume sonore: 65 dB<\/li>\n<li>puissance: 277 W<\/li>\n<li>Dimensions approx.: 90 x 30 x 18 cm<\/li>\n<li>Mati\u00e8re: Acier inoxydable<\/li>\n<li>Type d&#8217;installation: Plafond<\/li>\n<li>Classification \u00e9nerg\u00e9tique: A<\/li>\n<li>Largeur: 90 cm<\/li>\n<li>Couleur:\n<ul>\n<li>Acier<\/li>\n<li>Gris<\/li>\n<li>Argent\u00e9<\/li>\n<\/ul>\n<\/li>\n<li>Produit \u00e0 brancher: Oui<\/li>\n<li>Type de prise: Prise EU<\/li>\n<li>Vitesse: 6 vitesses<\/li>\n<li>Capacit\u00e9 d\u2019extraction: 730 m3\/h<\/li>\n<li>Type: Hotte standard<\/li>\n<li>Bloc d\u2019Alimentation: r\u00e9seau \u00e9lectrique<\/li>\n<li>Type de commande: Boutons<\/li>\n<li>Niveau sonore:\n<ul>\n<li>53 dB<\/li>\n<li>65 dB<\/li>\n<\/ul>\n<\/li>\n<li>Filtre: Lavable<\/li>\n<li>Filtres: 4 uds<\/li>\n<li>Langue: Espagnol<\/li>\n<li>consommation d&#8217;\u00e9nergie: 57 kWh\/annum<\/li>\n<li>Certificat: CE<\/li>\n<\/ul>\n<p><\/p>\n<p>Teka CNL 9815 PLUS. Puissance d&#8217;extraction maximum: 730 m\u00b3\/h, Type d&#8217;extraction: Conduit \/ Recirculation, Classe d&#8217;efficacit\u00e9 dynamique du fluide: A. Type: Int\u00e9gr\u00e9, Couleur du produit: Gris, Puissance de l&#8217;ampoule: 12 W. Nombre de filtres: 4 pi\u00e8ce(s). Classe d&#8217;efficacit\u00e9 \u00e9nerg\u00e9tique: A, Consommation annuelle d&#8217;\u00e9nergie: 57 kWh, Plage d\u2019efficacit\u00e9 \u00e9nerg\u00e9tique: A+ \u00e0 F. Largeur: 900 mm, Profondeur: 490 mm, Hauteur (min): 27,4 cm<\/p>\n<p><\/p>\n<ul>\n<li>Puissance d&#8217;extraction maximum: 730 m\u00b3\/h<\/li>\n<li>Type d&#8217;extraction: Conduit \/ Recirculation<\/li>\n<li>Classe d&#8217;efficacit\u00e9 dynamique du fluide: A<\/li>\n<li>Classe d&#8217;efficacit\u00e9 de l&#8217;\u00e9clairage: A<\/li>\n<li>Classe d&#8217;efficacit\u00e9 du filtrage de la graisse: C<\/li>\n<li>Nombre de vitesses: 6<\/li>\n<li>Niveau sonore: 70 dB<\/li>\n<li>Niveau de son (vitesse lente): 53 dB<\/li>\n<li>Type: Int\u00e9gr\u00e9<\/li>\n<li>Couleur du produit: Gris<\/li>\n<li>Puissance de l&#8217;ampoule: 12 W<\/li>\n<li>\u00c9clairement: 500 lux<\/li>\n<li>Position de l\u2019\u00e9clairage: Devant<\/li>\n<li>Type de commande: Boutons<\/li>\n<li>Certification: CE<\/li>\n<li>Indicateur de propret\u00e9 du filtre: Oui<\/li>\n<li>Filtre \u00e9tanche de lave-vaisselle: Oui<\/li>\n<li>Filtre d\u00e9montable: Oui<\/li>\n<li>Nombre de filtres: 4 pi\u00e8ce(s)<\/li>\n<li>Filtre anti-odeur: Oui<\/li>\n<li>Filtre lavable: Oui<\/li>\n<li>Classe d&#8217;efficacit\u00e9 \u00e9nerg\u00e9tique: A<\/li>\n<li>Consommation annuelle d&#8217;\u00e9nergie: 57 kWh<\/li>\n<li>Plage d\u2019efficacit\u00e9 \u00e9nerg\u00e9tique: A+ \u00e0 F<\/li>\n<li>Largeur: 900 mm<\/li>\n<li>Profondeur: 490 mm<\/li>\n<li>Hauteur (min): 27,4 cm<\/li>\n<\/ul>","protected":false},"excerpt":{"rendered":"<p>Si vous pensez r\u00e9nover votre cuisine, achetez Hotte standard Teka CNL9815 PLUS 90 cm 730 m3\/h 65 dB 277W Gris Argent\u00e9 Acier A et d\u00b4autres produits Teka ! Illumination: LED 12 W Lumi\u00e8re: Oui Volume sonore: 65 dB puissance: 277 W Dimensions approx.: 90 x 30 x 18 cm Mati\u00e8re: Acier inoxydable Type d&#8217;installation: Plafond [&hellip;]<\/p>\n","protected":false},"featured_media":190869,"comment_status":"open","ping_status":"closed","template":"","meta":[],"product_brand":[667],"product_cat":[60,61,62],"product_tag":[56],"class_list":{"0":"post-162936","1":"product","2":"type-product","3":"status-publish","4":"has-post-thumbnail","6":"product_brand-brandp_1172","7":"product_cat-cuisine-gourmet","8":"product_cat-equipement-de-cuisine","9":"product_cat-hottes-de-cuisine","10":"product_tag-tag_930","12":"first","13":"instock","14":"taxable","15":"shipping-taxable","16":"purchasable","17":"product-type-simple"},"_links":{"self":[{"href":"https:\/\/bigbuy.tupique.com\/en\/wp-json\/wp\/v2\/product\/162936","targetHints":{"allow":["GET"]}}],"collection":[{"href":"https:\/\/bigbuy.tupique.com\/en\/wp-json\/wp\/v2\/product"}],"about":[{"href":"https:\/\/bigbuy.tupique.com\/en\/wp-json\/wp\/v2\/types\/product"}],"replies":[{"embeddable":true,"href":"https:\/\/bigbuy.tupique.com\/en\/wp-json\/wp\/v2\/comments?post=162936"}],"wp:featuredmedia":[{"embeddable":true,"href":"https:\/\/bigbuy.tupique.com\/en\/wp-json\/wp\/v2\/media\/190869"}],"wp:attachment":[{"href":"https:\/\/bigbuy.tupique.com\/en\/wp-json\/wp\/v2\/media?parent=162936"}],"wp:term":[{"taxonomy":"product_brand","embeddable":true,"href":"https:\/\/bigbuy.tupique.com\/en\/wp-json\/wp\/v2\/product_brand?post=162936"},{"taxonomy":"product_cat","embeddable":true,"href":"https:\/\/bigbuy.tupique.com\/en\/wp-json\/wp\/v2\/product_cat?post=162936"},{"taxonomy":"product_tag","embeddable":true,"href":"https:\/\/bigbuy.tupique.com\/en\/wp-json\/wp\/v2\/product_tag?post=162936"}],"curies":[{"name":"wp","href":"https:\/\/api.w.org\/{rel}","templated":true}]}}