{"id":162884,"date":"2026-04-10T05:40:21","date_gmt":"2026-04-10T04:40:21","guid":{"rendered":"https:\/\/bigbuy.tupique.com\/produto\/smart-tv-sony-k75xr90-4k-ultra-hd-75-qled\/"},"modified":"2026-04-15T02:56:48","modified_gmt":"2026-04-15T01:56:48","slug":"smart-tv-sony-k75xr90-4k-ultra-hd-75-qled","status":"publish","type":"product","link":"https:\/\/bigbuy.tupique.com\/en\/produto\/smart-tv-sony-k75xr90-4k-ultra-hd-75-qled\/","title":{"rendered":"TV intelligente Sony K75XR90 4K Ultra HD 75&#8243; QLED"},"content":{"rendered":"<p>Si vous \u00eates passionn\u00e9 d&#8217;<b>informatique et d&#8217;\u00e9lectronique<\/b>, si vous \u00eates \u00e0 la pointe de la technologie et qu&#8217;aucun d\u00e9tail ne vous \u00e9chappe, achetez <b>TV intelligente Sony K75XR90 4K Ultra HD 75&#8243; QLED<\/b> au meilleur prix.<\/p>\n<ul>\n<li>Produit \u00e0 brancher: Oui<\/li>\n<li>Type de prise: Prise EU<\/li>\n<li>Diagonale de l&#8217;\u00e9cran (cm): 190,5 cm<\/li>\n<li>Type: T\u00e9l\u00e9vision<\/li>\n<li>Classification \u00e9nerg\u00e9tique: D<\/li>\n<li>TV intelligente: Oui<\/li>\n<li>Ecran: 75&#8243;<\/li>\n<li>Bloc d\u2019Alimentation: r\u00e9seau \u00e9lectrique<\/li>\n<li>Couleur: Noir<\/li>\n<li>Formats: JPEG<\/li>\n<li>Technologie:\n<ul>\n<li>HDR<\/li>\n<li>QLED<\/li>\n<\/ul>\n<\/li>\n<li>R\u00e9cepteur: Analogique et num\u00e9rique<\/li>\n<li>R\u00e9solution: 4K Ultra HD<\/li>\n<li>Connectivit\u00e9:\n<ul>\n<li>Bluetooth<\/li>\n<li>Wi-Fi<\/li>\n<\/ul>\n<\/li>\n<li>Rapport d&#8217;aspect: 16:9<\/li>\n<li>Connexions:\n<ul>\n<li>RJ45<\/li>\n<li>Ethernet LAN<\/li>\n<li>USB 2.0 x 2<\/li>\n<li>HDMI x 4<\/li>\n<\/ul>\n<\/li>\n<li>R\u00e9solution (px): 3840 x 2160 px<\/li>\n<li>Fr\u00e9quence: 120 Hz<\/li>\n<\/ul>","protected":false},"excerpt":{"rendered":"<p>Si vous \u00eates passionn\u00e9 d&#8217;informatique et d&#8217;\u00e9lectronique, si vous \u00eates \u00e0 la pointe de la technologie et qu&#8217;aucun d\u00e9tail ne vous \u00e9chappe, achetez TV intelligente Sony K75XR90 4K Ultra HD 75&#8243; QLED au meilleur prix. Produit \u00e0 brancher: Oui Type de prise: Prise EU Diagonale de l&#8217;\u00e9cran (cm): 190,5 cm Type: T\u00e9l\u00e9vision Classification \u00e9nerg\u00e9tique: D [&hellip;]<\/p>\n","protected":false},"featured_media":162880,"comment_status":"open","ping_status":"closed","template":"","meta":[],"product_brand":[1245],"product_cat":[589,65,957],"product_tag":[570,569],"class_list":{"0":"post-162884","1":"product","2":"type-product","3":"status-publish","4":"has-post-thumbnail","6":"product_brand-brandp_235","7":"product_cat-electronique-television","8":"product_cat-informatique-electronique","9":"product_cat-televisions-et-smart-tv","10":"product_tag-tag_664","11":"product_tag-tag_650","13":"first","14":"instock","15":"taxable","16":"shipping-taxable","17":"purchasable","18":"product-type-simple"},"_links":{"self":[{"href":"https:\/\/bigbuy.tupique.com\/en\/wp-json\/wp\/v2\/product\/162884","targetHints":{"allow":["GET"]}}],"collection":[{"href":"https:\/\/bigbuy.tupique.com\/en\/wp-json\/wp\/v2\/product"}],"about":[{"href":"https:\/\/bigbuy.tupique.com\/en\/wp-json\/wp\/v2\/types\/product"}],"replies":[{"embeddable":true,"href":"https:\/\/bigbuy.tupique.com\/en\/wp-json\/wp\/v2\/comments?post=162884"}],"wp:featuredmedia":[{"embeddable":true,"href":"https:\/\/bigbuy.tupique.com\/en\/wp-json\/wp\/v2\/media\/162880"}],"wp:attachment":[{"href":"https:\/\/bigbuy.tupique.com\/en\/wp-json\/wp\/v2\/media?parent=162884"}],"wp:term":[{"taxonomy":"product_brand","embeddable":true,"href":"https:\/\/bigbuy.tupique.com\/en\/wp-json\/wp\/v2\/product_brand?post=162884"},{"taxonomy":"product_cat","embeddable":true,"href":"https:\/\/bigbuy.tupique.com\/en\/wp-json\/wp\/v2\/product_cat?post=162884"},{"taxonomy":"product_tag","embeddable":true,"href":"https:\/\/bigbuy.tupique.com\/en\/wp-json\/wp\/v2\/product_tag?post=162884"}],"curies":[{"name":"wp","href":"https:\/\/api.w.org\/{rel}","templated":true}]}}