{"id":16288,"date":"2026-03-29T13:36:56","date_gmt":"2026-03-29T12:36:56","guid":{"rendered":"https:\/\/bigbuy.tupique.com\/produto\/superautomatic-coffee-maker-melitta-caffeo-solo-1400-w-red-1400-w-15-bar\/"},"modified":"2026-04-16T20:13:19","modified_gmt":"2026-04-16T19:13:19","slug":"superautomatic-coffee-maker-melitta-caffeo-solo-1400-w-red-1400-w-15-bar","status":"publish","type":"product","link":"https:\/\/bigbuy.tupique.com\/en\/produto\/superautomatic-coffee-maker-melitta-caffeo-solo-1400-w-red-1400-w-15-bar\/","title":{"rendered":"Cafeti\u00e8re superautomatique Melitta CAFFEO SOLO 1400 W Rouge 1400 W 15 bar"},"content":{"rendered":"<p>Si vous recherchez des \u00e9lectrom\u00e9nagers pour votre maison aux meilleurs prix, ne manquez pas <b>Cafeti\u00e8re superautomatique Melitta CAFFEO SOLO 1400 W Rouge 1400 W 15 bar<\/b> et une large s\u00e9lection de petits \u00e9lectrom\u00e9nagers de qualit\u00e9 !<\/p>\n<p>La <b>cafeti\u00e8re super-automatique Melitta CAFFEO SOLO<\/b> en couleur <b>rouge<\/b> allie compacit\u00e9 et efficacit\u00e9 pour pr\u00e9parer un espresso de qualit\u00e9 professionnelle \u00e0 domicile. Son design avec un corps en <b>plastique r\u00e9sistant<\/b> et des dimensions r\u00e9duites (environ 20 cm) en fait une solution pratique pour les espaces restreints, sans compromis sur la performance. \u00c9quip\u00e9e d\u2019une pompe puissante g\u00e9n\u00e9rant une <b>pression de 15 bars<\/b>, cette machine garantit une extraction optimale du caf\u00e9, offrant un espresso \u00e9quilibr\u00e9 en corps, texture et ar\u00f4me. Sa <b>puissance de 1400 W<\/b> assure un chauffage rapide, tandis que le <b>r\u00e9servoir d\u2019eau amovible de 1,2 litre<\/b> facilite le remplissage et l\u2019entretien, avec un syst\u00e8me de r\u00e9glage de la duret\u00e9 de l\u2019eau qui pr\u00e9serve la saveur et prolonge la dur\u00e9e de vie de l\u2019appareil. Le moulin int\u00e9gr\u00e9 propose trois niveaux de mouture, permettant d\u2019ajuster la texture du caf\u00e9 selon l\u2019intensit\u00e9 d\u00e9sir\u00e9e, r\u00e9glable sur trois niveaux, de doux \u00e0 cors\u00e9, pour s\u2019adapter \u00e0 tous les go\u00fbts. La machine comprend \u00e9galement un plateau pour tasse en <b>acier inoxydable<\/b>, qui maintient la temp\u00e9rature id\u00e9ale pour d\u00e9guster un caf\u00e9 fra\u00eechement pr\u00e9par\u00e9, ainsi qu\u2019une plaque chauffante suppl\u00e9mentaire. Sa chambre d\u2019extraction amovible facilite un nettoyage rapide et efficace, renforc\u00e9 par des programmes automatiques de nettoyage et d\u00e9tartrage, assurant un entretien simple qui contribue \u00e0 la durabilit\u00e9 du produit. Le syst\u00e8me permet de r\u00e9gler la temp\u00e9rature du caf\u00e9 et dispose d\u2019un mode veille programmable, optimisant la consommation d\u2019\u00e9nergie et s\u2019adaptant aux habitudes de l\u2019utilisateur. La <b>cafeti\u00e8re Melitta CAFFEO SOLO<\/b> se distingue par son efficacit\u00e9 et sa compacit\u00e9, id\u00e9ale pour ceux qui recherchent qualit\u00e9 et praticit\u00e9 dans la pr\u00e9paration quotidienne de leur espresso, avec un design moderne et des fonctionnalit\u00e9s avanc\u00e9es dans la cat\u00e9gorie super-automatique.<\/p>\n<ul>\n<li>Produit \u00e0 brancher: Oui<\/li>\n<li>Type de prise: Prise EU<\/li>\n<li>Type:\n<ul>\n<li>Cafeti\u00e8re superautomatique<\/li>\n<li>Machine \u00e0 espresso<\/li>\n<\/ul>\n<\/li>\n<li>Bloc d\u2019Alimentation: r\u00e9seau \u00e9lectrique<\/li>\n<li>Couleur:\n<ul>\n<li>rouge<\/li>\n<li>Rouge<\/li>\n<\/ul>\n<\/li>\n<li>Largeur: 20 cm<\/li>\n<li>puissance: 1400 W<\/li>\n<li>Pression: 15 bar<\/li>\n<li>Capacit\u00e9:\n<ul>\n<li>125 g<\/li>\n<li>1,2 L<\/li>\n<\/ul>\n<\/li>\n<li>Mati\u00e8re: Plastique<\/li>\n<li>Caract\u00e9ristiques:\n<ul>\n<li>R\u00e9servoir d&#8217;eau amovible<\/li>\n<li>Indicateur de niveau d&#8217;eau<\/li>\n<\/ul>\n<\/li>\n<li>Inclut: Ecran<\/li>\n<li>Technologie: LCD<\/li>\n<\/ul>","protected":false},"excerpt":{"rendered":"<p><span class=\"unit-info\">328.7920 &euro; \/ 100 gr<\/span><\/p>","protected":false},"featured_media":16286,"comment_status":"open","ping_status":"closed","template":"","meta":[],"product_brand":[305],"product_cat":[725,60,77],"product_tag":[59,56],"class_list":{"0":"post-16288","1":"product","2":"type-product","3":"status-publish","4":"has-post-thumbnail","6":"product_brand-brandp_4976","7":"product_cat-cafetieres","8":"product_cat-cuisine-gourmet","9":"product_cat-petit-electromenager","10":"product_tag-tag_1304","11":"product_tag-tag_930","13":"first","14":"instock","15":"taxable","16":"shipping-taxable","17":"purchasable","18":"product-type-simple"},"_links":{"self":[{"href":"https:\/\/bigbuy.tupique.com\/en\/wp-json\/wp\/v2\/product\/16288","targetHints":{"allow":["GET"]}}],"collection":[{"href":"https:\/\/bigbuy.tupique.com\/en\/wp-json\/wp\/v2\/product"}],"about":[{"href":"https:\/\/bigbuy.tupique.com\/en\/wp-json\/wp\/v2\/types\/product"}],"replies":[{"embeddable":true,"href":"https:\/\/bigbuy.tupique.com\/en\/wp-json\/wp\/v2\/comments?post=16288"}],"wp:featuredmedia":[{"embeddable":true,"href":"https:\/\/bigbuy.tupique.com\/en\/wp-json\/wp\/v2\/media\/16286"}],"wp:attachment":[{"href":"https:\/\/bigbuy.tupique.com\/en\/wp-json\/wp\/v2\/media?parent=16288"}],"wp:term":[{"taxonomy":"product_brand","embeddable":true,"href":"https:\/\/bigbuy.tupique.com\/en\/wp-json\/wp\/v2\/product_brand?post=16288"},{"taxonomy":"product_cat","embeddable":true,"href":"https:\/\/bigbuy.tupique.com\/en\/wp-json\/wp\/v2\/product_cat?post=16288"},{"taxonomy":"product_tag","embeddable":true,"href":"https:\/\/bigbuy.tupique.com\/en\/wp-json\/wp\/v2\/product_tag?post=16288"}],"curies":[{"name":"wp","href":"https:\/\/api.w.org\/{rel}","templated":true}]}}