{"id":162715,"date":"2026-04-10T05:26:36","date_gmt":"2026-04-10T04:26:36","guid":{"rendered":"https:\/\/bigbuy.tupique.com\/produto\/dishwasher-hisense-hs622e10x-60-cm-grey\/"},"modified":"2026-05-11T19:56:28","modified_gmt":"2026-05-11T17:56:28","slug":"dishwasher-hisense-hs622e10x-60-cm-grey","status":"publish","type":"product","link":"https:\/\/bigbuy.tupique.com\/en\/produto\/dishwasher-hisense-hs622e10x-60-cm-grey\/","title":{"rendered":"Lave-vaisselle Hisense HS622E10X 60 cm Gris"},"content":{"rendered":"<p>Si vous pensez r\u00e9nover votre cuisine, achetez <b>Lave-vaisselle Hisense HS622E10X 60 cm Gris<\/b> et d\u00b4autres <b>produits Hisense<\/b> !<\/p>\n<ul>\n<li>Langue: Espagnol<\/li>\n<li>Largeur: 60 cm<\/li>\n<li>Classification \u00e9nerg\u00e9tique: E<\/li>\n<li>Couleur:\n<ul>\n<li>Gris<\/li>\n<li>Acier<\/li>\n<\/ul>\n<\/li>\n<li>Produit \u00e0 brancher: Oui<\/li>\n<li>Type de prise: Prise EU<\/li>\n<li>Caract\u00e9ristiques:\n<ul>\n<li>Arr\u00eat Automatique<\/li>\n<li>\u00c9cran integr\u00e9<\/li>\n<li>Minuterie<\/li>\n<li>Voyant lumineux<\/li>\n<\/ul>\n<\/li>\n<li>Type: Lave-vaisselle<\/li>\n<li>Bloc d\u2019Alimentation: r\u00e9seau \u00e9lectrique<\/li>\n<li>Capacit\u00e9 (Nb de couverts): 13<\/li>\n<li>Programmes: 7<\/li>\n<li>Tension:\n<ul>\n<li>240 V<\/li>\n<li>220-240 V<\/li>\n<\/ul>\n<\/li>\n<li>Inclut: 2 Paniers<\/li>\n<li>Auto-nettoyant: Oui<\/li>\n<li>Type de commande: Boutons<\/li>\n<li>Pieds: Ajustables<\/li>\n<li>Amp\u00e9rage: 10 A<\/li>\n<\/ul>","protected":false},"excerpt":{"rendered":"<p>Si vous pensez r\u00e9nover votre cuisine, achetez Lave-vaisselle Hisense HS622E10X 60 cm Gris et d\u00b4autres produits Hisense ! Langue: Espagnol Largeur: 60 cm Classification \u00e9nerg\u00e9tique: E Couleur: Gris Acier Produit \u00e0 brancher: Oui Type de prise: Prise EU Caract\u00e9ristiques: Arr\u00eat Automatique \u00c9cran integr\u00e9 Minuterie Voyant lumineux Type: Lave-vaisselle Bloc d\u2019Alimentation: r\u00e9seau \u00e9lectrique Capacit\u00e9 (Nb de [&hellip;]<\/p>\n","protected":false},"featured_media":162713,"comment_status":"open","ping_status":"closed","template":"","meta":[],"product_brand":[1341],"product_cat":[393,60,77],"product_tag":[],"class_list":{"0":"post-162715","1":"product","2":"type-product","3":"status-publish","4":"has-post-thumbnail","6":"product_brand-brandp_612","7":"product_cat-autres-appareils-de-cuisines","8":"product_cat-cuisine-gourmet","9":"product_cat-petit-electromenager","11":"first","12":"instock","13":"taxable","14":"shipping-taxable","15":"purchasable","16":"product-type-simple"},"_links":{"self":[{"href":"https:\/\/bigbuy.tupique.com\/en\/wp-json\/wp\/v2\/product\/162715","targetHints":{"allow":["GET"]}}],"collection":[{"href":"https:\/\/bigbuy.tupique.com\/en\/wp-json\/wp\/v2\/product"}],"about":[{"href":"https:\/\/bigbuy.tupique.com\/en\/wp-json\/wp\/v2\/types\/product"}],"replies":[{"embeddable":true,"href":"https:\/\/bigbuy.tupique.com\/en\/wp-json\/wp\/v2\/comments?post=162715"}],"wp:featuredmedia":[{"embeddable":true,"href":"https:\/\/bigbuy.tupique.com\/en\/wp-json\/wp\/v2\/media\/162713"}],"wp:attachment":[{"href":"https:\/\/bigbuy.tupique.com\/en\/wp-json\/wp\/v2\/media?parent=162715"}],"wp:term":[{"taxonomy":"product_brand","embeddable":true,"href":"https:\/\/bigbuy.tupique.com\/en\/wp-json\/wp\/v2\/product_brand?post=162715"},{"taxonomy":"product_cat","embeddable":true,"href":"https:\/\/bigbuy.tupique.com\/en\/wp-json\/wp\/v2\/product_cat?post=162715"},{"taxonomy":"product_tag","embeddable":true,"href":"https:\/\/bigbuy.tupique.com\/en\/wp-json\/wp\/v2\/product_tag?post=162715"}],"curies":[{"name":"wp","href":"https:\/\/api.w.org\/{rel}","templated":true}]}}