{"id":162644,"date":"2026-04-10T05:07:31","date_gmt":"2026-04-10T04:07:31","guid":{"rendered":"https:\/\/bigbuy.tupique.com\/produto\/glass-ceramic-hob-teka-tcc6400plv-60-cm-59-cm-6900-w\/"},"modified":"2026-04-15T00:14:34","modified_gmt":"2026-04-14T23:14:34","slug":"glass-ceramic-hob-teka-tcc6400plv-60-cm-59-cm-6900-w","status":"publish","type":"product","link":"https:\/\/bigbuy.tupique.com\/en\/produto\/glass-ceramic-hob-teka-tcc6400plv-60-cm-59-cm-6900-w\/","title":{"rendered":"Plaques Vitro-C\u00e9ramiques Teka TCC6400PLV 60 cm 59 cm 6900 W"},"content":{"rendered":"<p>Si vous pensez r\u00e9nover votre cuisine, achetez <b>Plaques Vitro-C\u00e9ramiques Teka TCC6400PLV 60 cm 59 cm 6900 W<\/b> et d\u00b4autres <b>produits Teka<\/b> !<\/p>\n<p>La <b>plaque vitroc\u00e9ramique<\/b> <b>Teka TCC6400PLV<\/b> est un excellent choix pour \u00e9quiper les cuisines modernes gr\u00e2ce \u00e0 sa combinaison soign\u00e9e de design et de fonctionnalit\u00e9. Elle pr\u00e9sente une finition \u00e9l\u00e9gante en <b>noir<\/b> et est fabriqu\u00e9e en <b>verre<\/b> de haute qualit\u00e9, ce qui facilite le nettoyage et apporte une touche sophistiqu\u00e9e \u00e0 tout plan de travail. Son format pratique de <b>60 cm de large<\/b> s\u2019adapte \u00e0 la plupart des espaces standards, tandis que ses <b>4 zones de cuisson<\/b> permettent de pr\u00e9parer plusieurs plats en m\u00eame temps, optimisant ainsi le temps et les ressources au quotidien. Sa <b>puissance maximale totale de 6900 W<\/b> assure un chauffage rapide et efficace, avec la possibilit\u00e9 de choisir entre <b>9 niveaux de puissance<\/b> pour ajuster pr\u00e9cis\u00e9ment la temp\u00e9rature selon chaque aliment. Elle int\u00e8gre des fonctions ax\u00e9es sur la s\u00e9curit\u00e9 et le contr\u00f4le, comme le <b>verrouillage enfants<\/b> \u2014 emp\u00eachant toute utilisation accidentelle \u2014 et un <b>\u00e9cran int\u00e9gr\u00e9<\/b> qui facilite la visualisation des r\u00e9glages s\u00e9lectionn\u00e9s \u00e0 tout moment. Avec son design minimaliste et son utilisation intuitive, la plaque vitroc\u00e9ramique Teka TCC6400PLV est con\u00e7ue pour ceux qui recherchent fiabilit\u00e9, puissance et simplicit\u00e9 d\u2019utilisation dans la cuisine domestique.<\/p>\n<ul>\n<li>Couleur: Noir<\/li>\n<li>Mati\u00e8re: verre<\/li>\n<li>Largeur:\n<ul>\n<li>60 cm<\/li>\n<li>59 cm<\/li>\n<\/ul>\n<\/li>\n<li>Zones de cuisson: 4<\/li>\n<li>Contr\u00f4le: Tactile<\/li>\n<li>puissance: 6900 W<\/li>\n<li>Tension: 220-240 V<\/li>\n<li>Produit \u00e0 brancher: Oui<\/li>\n<li>Type de prise: Prise EU<\/li>\n<li>Type:\n<ul>\n<li>Plaques Vitro-C\u00e9ramiques<\/li>\n<li>C\u00e9ramique<\/li>\n<li>Int\u00e9gr\u00e9<\/li>\n<\/ul>\n<\/li>\n<li>Bloc d\u2019Alimentation: r\u00e9seau \u00e9lectrique<\/li>\n<li>Caract\u00e9ristiques:\n<ul>\n<li>Verrouillage pour enfants<\/li>\n<li>\u00c9cran integr\u00e9<\/li>\n<li>Commande tactile<\/li>\n<li>9 niveaux<\/li>\n<\/ul>\n<\/li>\n<li>Profondeur: 51 cm<\/li>\n<li>diam\u00e8tre approx.: \u00d8 18 cm<\/li>\n<li>Forme: Rond<\/li>\n<li>Fr\u00e9quence: 50 &#8211; 60 Hz<\/li>\n<\/ul>","protected":false},"excerpt":{"rendered":"<p>Si vous pensez r\u00e9nover votre cuisine, achetez Plaques Vitro-C\u00e9ramiques Teka TCC6400PLV 60 cm 59 cm 6900 W et d\u00b4autres produits Teka ! La plaque vitroc\u00e9ramique Teka TCC6400PLV est un excellent choix pour \u00e9quiper les cuisines modernes gr\u00e2ce \u00e0 sa combinaison soign\u00e9e de design et de fonctionnalit\u00e9. Elle pr\u00e9sente une finition \u00e9l\u00e9gante en noir et est [&hellip;]<\/p>\n","protected":false},"featured_media":162642,"comment_status":"open","ping_status":"closed","template":"","meta":[],"product_brand":[667],"product_cat":[60,77,78],"product_tag":[55,56],"class_list":{"0":"post-162644","1":"product","2":"type-product","3":"status-publish","4":"has-post-thumbnail","6":"product_brand-brandp_1172","7":"product_cat-cuisine-gourmet","8":"product_cat-petit-electromenager","9":"product_cat-plaques-de-cuisson","10":"product_tag-tag_926","11":"product_tag-tag_930","13":"first","14":"instock","15":"taxable","16":"shipping-taxable","17":"purchasable","18":"product-type-simple"},"_links":{"self":[{"href":"https:\/\/bigbuy.tupique.com\/en\/wp-json\/wp\/v2\/product\/162644","targetHints":{"allow":["GET"]}}],"collection":[{"href":"https:\/\/bigbuy.tupique.com\/en\/wp-json\/wp\/v2\/product"}],"about":[{"href":"https:\/\/bigbuy.tupique.com\/en\/wp-json\/wp\/v2\/types\/product"}],"replies":[{"embeddable":true,"href":"https:\/\/bigbuy.tupique.com\/en\/wp-json\/wp\/v2\/comments?post=162644"}],"wp:featuredmedia":[{"embeddable":true,"href":"https:\/\/bigbuy.tupique.com\/en\/wp-json\/wp\/v2\/media\/162642"}],"wp:attachment":[{"href":"https:\/\/bigbuy.tupique.com\/en\/wp-json\/wp\/v2\/media?parent=162644"}],"wp:term":[{"taxonomy":"product_brand","embeddable":true,"href":"https:\/\/bigbuy.tupique.com\/en\/wp-json\/wp\/v2\/product_brand?post=162644"},{"taxonomy":"product_cat","embeddable":true,"href":"https:\/\/bigbuy.tupique.com\/en\/wp-json\/wp\/v2\/product_cat?post=162644"},{"taxonomy":"product_tag","embeddable":true,"href":"https:\/\/bigbuy.tupique.com\/en\/wp-json\/wp\/v2\/product_tag?post=162644"}],"curies":[{"name":"wp","href":"https:\/\/api.w.org\/{rel}","templated":true}]}}