{"id":16229,"date":"2026-03-29T13:24:36","date_gmt":"2026-03-29T12:24:36","guid":{"rendered":"https:\/\/bigbuy.tupique.com\/produto\/videowall-monitor-philips-75bfl2214-12-4k-ultra-hd-75\/"},"modified":"2026-05-11T19:59:16","modified_gmt":"2026-05-11T17:59:16","slug":"videowall-monitor-philips-75bfl2214-12-4k-ultra-hd-75","status":"publish","type":"product","link":"https:\/\/bigbuy.tupique.com\/en\/produto\/videowall-monitor-philips-75bfl2214-12-4k-ultra-hd-75\/","title":{"rendered":"Moniteur Videowall Philips 75BFL2214\/12 4K Ultra HD 75&#8243;"},"content":{"rendered":"<p>Si vous \u00eates passionn\u00e9 d&#8217;<b>informatique et d&#8217;\u00e9lectronique<\/b>, si vous \u00eates \u00e0 la pointe de la technologie et qu&#8217;aucun d\u00e9tail ne vous \u00e9chappe, achetez <b>Moniteur Videowall Philips 75BFL2214\/12 4K Ultra HD 75&#8243;<\/b> au meilleur prix.<\/p>\n<p>Le <b>moniteur videowall Philips 75BFL2214\/12<\/b> est une solution professionnelle con\u00e7ue pour les applications audiovisuelles grand format n\u00e9cessitant une haute qualit\u00e9 d\u2019image et une grande flexibilit\u00e9 dans les environnements d\u2019entreprise, la signalisation num\u00e9rique ou la gestion d\u2019espaces. Il dispose d\u2019un <b>\u00e9cran LED de 75 pouces (190,5 cm)<\/b> avec une <b>r\u00e9solution 4K Ultra HD de 3840 x 2160 pixels<\/b>, garantissant une image nette et un niveau de d\u00e9tail \u00e9lev\u00e9, id\u00e9al pour afficher du contenu \u00e0 grande \u00e9chelle avec une grande fid\u00e9lit\u00e9. Sa <b>technologie LED<\/b> offre une luminosit\u00e9 de <b>350 cd\/m\u00b2<\/b> et un contraste typique de <b>1200:1<\/b>, permettant des images claires m\u00eame dans des environnements \u00e0 \u00e9clairage complexe. La dalle est <b>plate<\/b>, s\u2019adaptant bien aux configurations videowall multi-\u00e9crans sans distorsion visuelle. Ce mod\u00e8le int\u00e8gre des fonctions <b>Smart TV<\/b> facilitant la connectivit\u00e9 et l\u2019acc\u00e8s aux contenus multim\u00e9dias, incluant la compatibilit\u00e9 avec les signaux num\u00e9riques <b>DVB, DVB-C, DVB-T et DVB-T2<\/b>, ainsi que des connexions r\u00e9seau via <b>WiFi et Ethernet<\/b> pour une int\u00e9gration optimale dans les syst\u00e8mes d\u2019entreprise ou installations audiovisuelles. C\u00f4t\u00e9 design, il pr\u00e9sente une finition en <b>anthracite, gris et noir<\/b>, apportant un style sobre et discret, adapt\u00e9 aux environnements professionnels sans d\u00e9tourner l\u2019attention du contenu. Sa polyvalence est renforc\u00e9e par des ports <b>USB<\/b> permettant la lecture directe de fichiers ou la connexion de p\u00e9riph\u00e9riques externes. Ce Philips 75BFL2214\/12 combine un grand format avec une technologie avanc\u00e9e et une connectivit\u00e9 compl\u00e8te, se positionnant comme un outil performant pour les solutions videowall exigeant fiabilit\u00e9, qualit\u00e9 d\u2019image et multiples options de connexion dans un design \u00e9l\u00e9gant et professionnel.<\/p>\n<ul>\n<li>Type:\n<ul>\n<li>\u00c9cran<\/li>\n<li>Moniteur Videowall<\/li>\n<\/ul>\n<\/li>\n<li>Produit \u00e0 brancher: Oui<\/li>\n<li>Type de prise: Prise EU<\/li>\n<li>R\u00e9solution (px): 3840 x 2160 px<\/li>\n<li>R\u00e9solution: 4K Ultra HD<\/li>\n<li>Classification \u00e9nerg\u00e9tique: E<\/li>\n<li>Diagonale de l&#8217;\u00e9cran (cm):\n<ul>\n<li>190,5 cm<\/li>\n<li>39,6 cm<\/li>\n<li>188 cm<\/li>\n<\/ul>\n<\/li>\n<li>Technologie: LED<\/li>\n<li>Bloc d\u2019Alimentation: r\u00e9seau \u00e9lectrique<\/li>\n<li>Couleur:\n<ul>\n<li>Gris<\/li>\n<li>Anthracite<\/li>\n<li>Noir<\/li>\n<\/ul>\n<\/li>\n<li>Connexions:\n<ul>\n<li>USB 2.0<\/li>\n<li>RJ45<\/li>\n<li>HDMI 2.0<\/li>\n<li>Ethernet LAN<\/li>\n<li>HDMI x 3<\/li>\n<li>USB<\/li>\n<li>USB 3.2<\/li>\n<li>HDCP<\/li>\n<li>CI+<\/li>\n<li>HDMI 1.4<\/li>\n<li>USB 2.0 x 2<\/li>\n<\/ul>\n<\/li>\n<li>Rapport d&#8217;aspect: 16:9<\/li>\n<li>Connectivit\u00e9:\n<ul>\n<li>Wi-Fi<\/li>\n<li>Ethernet LAN<\/li>\n<\/ul>\n<\/li>\n<li>Syst\u00e8me d&#8217;exploitation:\n<ul>\n<li>Android<\/li>\n<li>Android TV<\/li>\n<\/ul>\n<\/li>\n<li>Ecran: 75&#8243;<\/li>\n<li>Caract\u00e9ristiques:\n<ul>\n<li>TV intelligente<\/li>\n<li>2 Haut-parleurs<\/li>\n<li>\u00c9cran plat<\/li>\n<\/ul>\n<\/li>\n<li>puissance: 20 W<\/li>\n<li>Compatibilit\u00e9: Google Assistant<\/li>\n<li>Rapport de contraste: 1200:1<\/li>\n<li>TV intelligente: Oui<\/li>\n<li>Fr\u00e9quence: 50 &#8211; 60 Hz<\/li>\n<li>Audio: Dolby Atmos<\/li>\n<li>Cha\u00eenes: 2.0<\/li>\n<li>Tension: 220-240 V<\/li>\n<li>Flux lumineux: 350 lm<\/li>\n<li>R\u00e9cepteur: Analogique et num\u00e9rique<\/li>\n<li>Montage: VESA<\/li>\n<li>Ann\u00e9e: 2021<\/li>\n<li>Formats: AAC,MP3,WAV,WMA<\/li>\n<\/ul>","protected":false},"excerpt":{"rendered":"<p>Si vous \u00eates passionn\u00e9 d&#8217;informatique et d&#8217;\u00e9lectronique, si vous \u00eates \u00e0 la pointe de la technologie et qu&#8217;aucun d\u00e9tail ne vous \u00e9chappe, achetez Moniteur Videowall Philips 75BFL2214\/12 4K Ultra HD 75&#8243; au meilleur prix. Le moniteur videowall Philips 75BFL2214\/12 est une solution professionnelle con\u00e7ue pour les applications audiovisuelles grand format n\u00e9cessitant une haute qualit\u00e9 d\u2019image [&hellip;]<\/p>\n","protected":false},"featured_media":16226,"comment_status":"open","ping_status":"closed","template":"","meta":[],"product_brand":[315],"product_cat":[65,581,616],"product_tag":[213,106],"class_list":{"0":"post-16229","1":"product","2":"type-product","3":"status-publish","4":"has-post-thumbnail","6":"product_brand-brandp_571","7":"product_cat-informatique-electronique","8":"product_cat-informatique-peripheriques-et-consommables","9":"product_cat-moniteurs","10":"product_tag-tag_933","11":"product_tag-tag_1295","13":"first","14":"instock","15":"taxable","16":"shipping-taxable","17":"purchasable","18":"product-type-simple"},"_links":{"self":[{"href":"https:\/\/bigbuy.tupique.com\/en\/wp-json\/wp\/v2\/product\/16229","targetHints":{"allow":["GET"]}}],"collection":[{"href":"https:\/\/bigbuy.tupique.com\/en\/wp-json\/wp\/v2\/product"}],"about":[{"href":"https:\/\/bigbuy.tupique.com\/en\/wp-json\/wp\/v2\/types\/product"}],"replies":[{"embeddable":true,"href":"https:\/\/bigbuy.tupique.com\/en\/wp-json\/wp\/v2\/comments?post=16229"}],"wp:featuredmedia":[{"embeddable":true,"href":"https:\/\/bigbuy.tupique.com\/en\/wp-json\/wp\/v2\/media\/16226"}],"wp:attachment":[{"href":"https:\/\/bigbuy.tupique.com\/en\/wp-json\/wp\/v2\/media?parent=16229"}],"wp:term":[{"taxonomy":"product_brand","embeddable":true,"href":"https:\/\/bigbuy.tupique.com\/en\/wp-json\/wp\/v2\/product_brand?post=16229"},{"taxonomy":"product_cat","embeddable":true,"href":"https:\/\/bigbuy.tupique.com\/en\/wp-json\/wp\/v2\/product_cat?post=16229"},{"taxonomy":"product_tag","embeddable":true,"href":"https:\/\/bigbuy.tupique.com\/en\/wp-json\/wp\/v2\/product_tag?post=16229"}],"curies":[{"name":"wp","href":"https:\/\/api.w.org\/{rel}","templated":true}]}}