{"id":16205,"date":"2026-03-29T13:24:08","date_gmt":"2026-03-29T12:24:08","guid":{"rendered":"https:\/\/bigbuy.tupique.com\/produto\/induction-hot-plate-whirlpool-corporation-ws-q1160-ne-60-cm\/"},"modified":"2026-04-16T21:50:27","modified_gmt":"2026-04-16T20:50:27","slug":"induction-hot-plate-whirlpool-corporation-ws-q1160-ne-60-cm","status":"publish","type":"product","link":"https:\/\/bigbuy.tupique.com\/en\/produto\/induction-hot-plate-whirlpool-corporation-ws-q1160-ne-60-cm\/","title":{"rendered":"Plaque \u00e0 Induction Whirlpool Corporation WS Q1160 NE 60 cm"},"content":{"rendered":"<p>Si vous pensez r\u00e9nover votre cuisine, achetez <b>Plaque \u00e0 Induction Whirlpool Corporation WS Q1160 NE 60 cm<\/b> et d\u00b4autres <b>produits Whirlpool Corporation<\/b> !<\/p>\n<p>La <b>table de cuisson \u00e0 induction WS Q1160 NE<\/b> de <b>Whirlpool Corporation<\/b> est une solution moderne et efficace pour la cuisine, con\u00e7ue avec une largeur de <b>60 cm<\/b> permettant une int\u00e9gration facile dans les plans de travail standards. Elle dispose de <b>3 zones de cuisson<\/b>, dont une zone principale de <b>28 cm<\/b> de diam\u00e8tre et une puissance maximale de <b>3,6 kW<\/b>, id\u00e9ale pour pr\u00e9parer plusieurs plats simultan\u00e9ment avec pr\u00e9cision et rapidit\u00e9. Cette table combine la rapidit\u00e9 du syst\u00e8me \u00e0 induction avec la simplicit\u00e9 d\u2019utilisation gr\u00e2ce aux fonctions automatiques <b>6th Sense<\/b>, qui ajustent intelligemment la puissance selon le type de cuisson requis. De plus, elle offre un acc\u00e8s direct et des commandes ind\u00e9pendantes par zone, permettant de g\u00e9rer chaque foyer de mani\u00e8re rapide et personnalis\u00e9e. Son design en couleur <b>noir<\/b> apporte un style sobre et contemporain, ajoutant de l\u2019\u00e9l\u00e9gance \u00e0 toute cuisine. Parmi ses caract\u00e9ristiques, on trouve un <b>minuteur int\u00e9gr\u00e9<\/b> facilitant le contr\u00f4le du temps de cuisson pour \u00e9viter les surchauffes ou cuisiner avec plus de pr\u00e9cision. Elle int\u00e8gre \u00e9galement un <b>verrouillage enfant<\/b> garantissant la s\u00e9curit\u00e9 en \u00e9vitant les mises en marche accidentelles, ainsi qu\u2019un interrupteur marche\/arr\u00eat pour une manipulation simple et rapide. Cette table \u00e0 induction repr\u00e9sente un \u00e9quilibre entre fonctionnalit\u00e9, technologie avanc\u00e9e et design pens\u00e9 pour l\u2019utilisateur recherchant efficacit\u00e9 et confort dans la pr\u00e9paration de ses repas. Avec un accent clair sur la performance et la s\u00e9curit\u00e9, la WS Q1160 NE offre des solutions pratiques pour la cuisine quotidienne sans renoncer \u00e0 une finition sophistiqu\u00e9e et fiable.<\/p>\n<ul>\n<li>Type de prise: Prise EU<\/li>\n<li>Produit \u00e0 brancher: Oui<\/li>\n<li>Fonctions:\n<ul>\n<li>Minuterie<\/li>\n<li>Fonction garder au chaud<\/li>\n<\/ul>\n<\/li>\n<li>Type:\n<ul>\n<li>Plaque \u00e0 Induction<\/li>\n<li>Int\u00e9gr\u00e9<\/li>\n<\/ul>\n<\/li>\n<li>Bloc d\u2019Alimentation:\n<ul>\n<li>r\u00e9seau \u00e9lectrique<\/li>\n<li>C\u00e2ble \u00e9lectrique<\/li>\n<\/ul>\n<\/li>\n<li>Couleur: Noir<\/li>\n<li>Largeur:\n<ul>\n<li>59 cm<\/li>\n<li>60 cm<\/li>\n<\/ul>\n<\/li>\n<li>Profondeur: 51 cm<\/li>\n<li>Caract\u00e9ristiques:\n<ul>\n<li>Verrouillage pour enfants<\/li>\n<li>Interrupteur marche\/arr\u00eat<\/li>\n<\/ul>\n<\/li>\n<li>Zones de cuisson: 3<\/li>\n<li>Fr\u00e9quence: 50 &#8211; 60 Hz<\/li>\n<li>Longueur du c\u00e2ble: 1,2 m<\/li>\n<li>Type de commande: Tactile<\/li>\n<li>Tension: 220-240 V<\/li>\n<\/ul>","protected":false},"excerpt":{"rendered":"<p>Si vous pensez r\u00e9nover votre cuisine, achetez Plaque \u00e0 Induction Whirlpool Corporation WS Q1160 NE 60 cm et d\u00b4autres produits Whirlpool Corporation ! La table de cuisson \u00e0 induction WS Q1160 NE de Whirlpool Corporation est une solution moderne et efficace pour la cuisine, con\u00e7ue avec une largeur de 60 cm permettant une int\u00e9gration facile [&hellip;]<\/p>\n","protected":false},"featured_media":16204,"comment_status":"open","ping_status":"closed","template":"","meta":[],"product_brand":[814],"product_cat":[60,77,78],"product_tag":[55,59,56],"class_list":{"0":"post-16205","1":"product","2":"type-product","3":"status-publish","4":"has-post-thumbnail","6":"product_brand-brandp_921","7":"product_cat-cuisine-gourmet","8":"product_cat-petit-electromenager","9":"product_cat-plaques-de-cuisson","10":"product_tag-tag_926","11":"product_tag-tag_1304","12":"product_tag-tag_930","14":"first","15":"instock","16":"taxable","17":"shipping-taxable","18":"purchasable","19":"product-type-simple"},"_links":{"self":[{"href":"https:\/\/bigbuy.tupique.com\/en\/wp-json\/wp\/v2\/product\/16205","targetHints":{"allow":["GET"]}}],"collection":[{"href":"https:\/\/bigbuy.tupique.com\/en\/wp-json\/wp\/v2\/product"}],"about":[{"href":"https:\/\/bigbuy.tupique.com\/en\/wp-json\/wp\/v2\/types\/product"}],"replies":[{"embeddable":true,"href":"https:\/\/bigbuy.tupique.com\/en\/wp-json\/wp\/v2\/comments?post=16205"}],"wp:featuredmedia":[{"embeddable":true,"href":"https:\/\/bigbuy.tupique.com\/en\/wp-json\/wp\/v2\/media\/16204"}],"wp:attachment":[{"href":"https:\/\/bigbuy.tupique.com\/en\/wp-json\/wp\/v2\/media?parent=16205"}],"wp:term":[{"taxonomy":"product_brand","embeddable":true,"href":"https:\/\/bigbuy.tupique.com\/en\/wp-json\/wp\/v2\/product_brand?post=16205"},{"taxonomy":"product_cat","embeddable":true,"href":"https:\/\/bigbuy.tupique.com\/en\/wp-json\/wp\/v2\/product_cat?post=16205"},{"taxonomy":"product_tag","embeddable":true,"href":"https:\/\/bigbuy.tupique.com\/en\/wp-json\/wp\/v2\/product_tag?post=16205"}],"curies":[{"name":"wp","href":"https:\/\/api.w.org\/{rel}","templated":true}]}}