{"id":16189,"date":"2026-03-29T13:23:49","date_gmt":"2026-03-29T12:23:49","guid":{"rendered":"https:\/\/bigbuy.tupique.com\/produto\/hair-straightener-loreal-paris-e3141800-white-black-2-in-1-white\/"},"modified":"2026-04-16T19:35:37","modified_gmt":"2026-04-16T18:35:37","slug":"hair-straightener-loreal-paris-e3141800-white-black-2-in-1-white","status":"publish","type":"product","link":"https:\/\/bigbuy.tupique.com\/en\/produto\/hair-straightener-loreal-paris-e3141800-white-black-2-in-1-white\/","title":{"rendered":"Lisseur \u00e0 cheveux L&#8217;Or\u00e9al Paris E3141800 Blanc\/Noir 2 en 1 Blanc"},"content":{"rendered":"<p>Vous voulez rehausser votre beaut&eacute; ou changer de look ? <b>Lisseur \u00e0 cheveux L&#8217;Or\u00e9al Paris E3141800 Blanc\/Noir 2 en 1 Blanc<\/b> est ce qu&#8217;il vous faut ! Profitez d&egrave;s maintenant de nos <b>produits L&#8217;Or\u00e9al Paris<\/b>&nbsp;et de tous nos autres <b>accessoires de coiffure de marque 100 % authentiques<\/b>&nbsp;!<\/p>\n<p>Le <b>lisseur E3141800 de L&#8217;Or\u00e9al Paris<\/b> est un <b>lisseur<\/b> de derni\u00e8re g\u00e9n\u00e9ration con\u00e7u pour offrir des r\u00e9sultats professionnels, aussi bien pour le lissage que pour la cr\u00e9ation de vagues, gr\u00e2ce \u00e0 sa fonctionnalit\u00e9 <b>2 en 1<\/b>. Disponible en <b>blanc et noir<\/b>, ce mod\u00e8le s\u2019int\u00e8gre \u00e0 tous les styles et salles de bains modernes. Il fonctionne avec un <b>c\u00e2ble \u00e9lectrique<\/b>, garantissant une utilisation continue et une puissance constante pendant le coiffage. Il propose <b>trois niveaux de temp\u00e9rature<\/b>, permettant d\u2019ajuster pr\u00e9cis\u00e9ment la chaleur selon le type de cheveux et le r\u00e9sultat souhait\u00e9, avec une temp\u00e9rature maximale de <b>210\u00b0C<\/b>, id\u00e9ale m\u00eame pour les cheveux \u00e9pais ou difficiles \u00e0 coiffer. Cet \u00e9quilibre entre contr\u00f4le thermique et efficacit\u00e9 favorise la protection des cheveux, minimise les dommages li\u00e9s \u00e0 la chaleur et assure une coiffure durable. La structure robuste et le design ergonomique du mod\u00e8le E3141800 facilitent la prise en main, rendant le coiffage, le lissage ou la cr\u00e9ation de vagues simple et confortable, m\u00eame lors d\u2019utilisations prolong\u00e9es. Gr\u00e2ce \u00e0 sa technologie avanc\u00e9e et \u00e0 ses options polyvalentes, ce lisseur de L&#8217;Or\u00e9al Paris est un excellent choix pour celles et ceux qui recherchent un r\u00e9sultat professionnel \u00e0 domicile.<\/p>\n<ul>\n<li>Caract\u00e9ristiques: 2 en 1<\/li>\n<li>Couleur:\n<ul>\n<li>Blanc<\/li>\n<li>Noir<\/li>\n<\/ul>\n<\/li>\n<li>Produit \u00e0 brancher: Oui<\/li>\n<li>Type de prise: Prise EU<\/li>\n<li>Type:\n<ul>\n<li>Lisseur \u00e0 cheveux<\/li>\n<li>Cheveux normaux<\/li>\n<\/ul>\n<\/li>\n<li>Bloc d\u2019Alimentation:\n<ul>\n<li>r\u00e9seau \u00e9lectrique<\/li>\n<li>C\u00e2ble \u00e9lectrique<\/li>\n<\/ul>\n<\/li>\n<li>Niveaux de temp\u00e9rature: 3<\/li>\n<li>Dimensions approx.:\n<ul>\n<li>14 x 10 x 41 cm<\/li>\n<li>4 mm<\/li>\n<\/ul>\n<\/li>\n<li>Temp\u00e9rature max.: 210\u00b0C<\/li>\n<li>Utilisation recommand\u00e9e: Tous les types de peau<\/li>\n<\/ul>","protected":false},"excerpt":{"rendered":"<p>Vous voulez rehausser votre beaut&eacute; ou changer de look ? Lisseur \u00e0 cheveux L&#8217;Or\u00e9al Paris E3141800 Blanc\/Noir 2 en 1 Blanc est ce qu&#8217;il vous faut ! Profitez d&egrave;s maintenant de nos produits L&#8217;Or\u00e9al Paris&nbsp;et de tous nos autres accessoires de coiffure de marque 100 % authentiques&nbsp;! Le lisseur E3141800 de L&#8217;Or\u00e9al Paris est un [&hellip;]<\/p>\n","protected":false},"featured_media":16187,"comment_status":"open","ping_status":"closed","template":"","meta":[],"product_brand":[816],"product_cat":[753,754,752],"product_tag":[722,59,56],"class_list":{"0":"post-16189","1":"product","2":"type-product","3":"status-publish","4":"has-post-thumbnail","6":"product_brand-brandp_3115","7":"product_cat-coiffure","8":"product_cat-lisseurs-pour-cheveux","9":"product_cat-sante-beaute","10":"product_tag-tag_923","11":"product_tag-tag_1304","12":"product_tag-tag_930","14":"first","15":"instock","16":"taxable","17":"shipping-taxable","18":"purchasable","19":"product-type-simple"},"_links":{"self":[{"href":"https:\/\/bigbuy.tupique.com\/en\/wp-json\/wp\/v2\/product\/16189","targetHints":{"allow":["GET"]}}],"collection":[{"href":"https:\/\/bigbuy.tupique.com\/en\/wp-json\/wp\/v2\/product"}],"about":[{"href":"https:\/\/bigbuy.tupique.com\/en\/wp-json\/wp\/v2\/types\/product"}],"replies":[{"embeddable":true,"href":"https:\/\/bigbuy.tupique.com\/en\/wp-json\/wp\/v2\/comments?post=16189"}],"wp:featuredmedia":[{"embeddable":true,"href":"https:\/\/bigbuy.tupique.com\/en\/wp-json\/wp\/v2\/media\/16187"}],"wp:attachment":[{"href":"https:\/\/bigbuy.tupique.com\/en\/wp-json\/wp\/v2\/media?parent=16189"}],"wp:term":[{"taxonomy":"product_brand","embeddable":true,"href":"https:\/\/bigbuy.tupique.com\/en\/wp-json\/wp\/v2\/product_brand?post=16189"},{"taxonomy":"product_cat","embeddable":true,"href":"https:\/\/bigbuy.tupique.com\/en\/wp-json\/wp\/v2\/product_cat?post=16189"},{"taxonomy":"product_tag","embeddable":true,"href":"https:\/\/bigbuy.tupique.com\/en\/wp-json\/wp\/v2\/product_tag?post=16189"}],"curies":[{"name":"wp","href":"https:\/\/api.w.org\/{rel}","templated":true}]}}