{"id":161686,"date":"2026-04-10T03:22:41","date_gmt":"2026-04-10T02:22:41","guid":{"rendered":"https:\/\/bigbuy.tupique.com\/produto\/ram-memory-corsair-cmh32gx5m2b6000z30k-32-gb-ddr5-6000-mhz-4800-mhz-cl30\/"},"modified":"2026-04-15T09:10:01","modified_gmt":"2026-04-15T08:10:01","slug":"ram-memory-corsair-cmh32gx5m2b6000z30k-32-gb-ddr5-6000-mhz-4800-mhz-cl30","status":"publish","type":"product","link":"https:\/\/bigbuy.tupique.com\/en\/produto\/ram-memory-corsair-cmh32gx5m2b6000z30k-32-gb-ddr5-6000-mhz-4800-mhz-cl30\/","title":{"rendered":"M\u00e9moire RAM Corsair CMH32GX5M2B6000Z30K 32 GB DDR5 6000 MHz 4800 MHz cl30"},"content":{"rendered":"<p>Si vous \u00eates passionn\u00e9 d&#8217;<b>informatique et d&#8217;\u00e9lectronique<\/b>, si vous \u00eates \u00e0 la pointe de la technologie et qu&#8217;aucun d\u00e9tail ne vous \u00e9chappe, achetez <b>M\u00e9moire RAM Corsair CMH32GX5M2B6000Z30K 32 GB DDR5 6000 MHz 4800 MHz cl30<\/b> au meilleur prix.<\/p>\n<p>La <b>m\u00e9moire RAM<\/b> <b>Corsair Revenge RGB DDR5 CMH32GX5M2B6000Z30K<\/b> est un kit haute performance compos\u00e9 de deux modules de <b>16 Go<\/b> chacun, totalisant une <b>capacit\u00e9 totale de 32 Go<\/b>, id\u00e9al pour booster les stations de travail et PC gaming exigeants. Cette m\u00e9moire utilise la technologie <b>DDR5 SDRAM<\/b>, derni\u00e8re g\u00e9n\u00e9ration en performance m\u00e9moire, qui am\u00e9liore significativement les vitesses de transfert et l\u2019efficacit\u00e9 \u00e9nerg\u00e9tique par rapport aux g\u00e9n\u00e9rations pr\u00e9c\u00e9dentes. Elle fonctionne \u00e0 une fr\u00e9quence de <b>6000 MHz<\/b>, garantissant une r\u00e9ponse rapide et un traitement fluide pour les t\u00e2ches lourdes comme le montage vid\u00e9o, le rendu 3D et les jeux r\u00e9cents. Son format <b>DIMM<\/b> est con\u00e7u pour les cartes m\u00e8res compatibles avec cette technologie, facilitant l\u2019int\u00e9gration et la mise \u00e0 jour des syst\u00e8mes de bureau. De plus, elle int\u00e8gre un syst\u00e8me de <b>r\u00e9tro\u00e9clairage RGB<\/b> qui, en plus d\u2019apporter un design moderne en gris, noir et blanc, permet une personnalisation esth\u00e9tique adapt\u00e9e aux setups avec \u00e9clairage dynamique. Ce kit fonctionne sous une tension de <b>1,40V<\/b>, optimisant la consommation sans sacrifier stabilit\u00e9 ni performance. La r\u00e9putation de Corsair dans la fabrication de composants m\u00e9moire fiables garantit que ce module est une solution \u00e9quilibr\u00e9e pour les utilisateurs recherchant la derni\u00e8re technologie en vitesse et capacit\u00e9, combin\u00e9e \u00e0 un design soign\u00e9 et une compatibilit\u00e9 avanc\u00e9e. En r\u00e9sum\u00e9, le kit Corsair Revenge RGB DDR5 32GB 6000 MHz offre un gain notable en vitesse et capacit\u00e9, constituant un choix solide pour stations de travail et PC gaming exigeants en <b>m\u00e9moire DDR5<\/b>.<\/p>\n<ul>\n<li>Type:\n<ul>\n<li>M\u00e9moire (RAM)<\/li>\n<li>DDR5<\/li>\n<\/ul>\n<\/li>\n<li>Tension:\n<ul>\n<li>1.4 V<\/li>\n<li>1.35 V<\/li>\n<li>1,1 V<\/li>\n<li>1,4 V<\/li>\n<\/ul>\n<\/li>\n<li>Type de m\u00e9moire:\n<ul>\n<li>DIMM<\/li>\n<li>DDR5 SDRAM<\/li>\n<li>DDR5<\/li>\n<\/ul>\n<\/li>\n<li>Couleur:\n<ul>\n<li>Blanc<\/li>\n<li>Noir<\/li>\n<li>Gris<\/li>\n<\/ul>\n<\/li>\n<li>M\u00e9moire interne: 32 GB<\/li>\n<li>Ventillateur: Dissipateur thermique<\/li>\n<li>Quantit\u00e9: 2<\/li>\n<li>Caract\u00e9ristiques: R\u00e9tro-\u00e9clair\u00e9<\/li>\n<li>Capacit\u00e9: 32 GB<\/li>\n<li>Facteur de forme:\n<ul>\n<li>288-pin DIMM<\/li>\n<li>RDIMM<\/li>\n<\/ul>\n<\/li>\n<li>Compatible:\n<ul>\n<li>Ordinateurs<\/li>\n<li>PC\/Server<\/li>\n<\/ul>\n<\/li>\n<li>Connexions: DIMM<\/li>\n<li>vitesse:\n<ul>\n<li>6000 MHz<\/li>\n<li>4800 MHz<\/li>\n<\/ul>\n<\/li>\n<li>Format: 2 x 16 GB<\/li>\n<li>Latence: cl30<\/li>\n<\/ul>","protected":false},"excerpt":{"rendered":"<p>Si vous \u00eates passionn\u00e9 d&#8217;informatique et d&#8217;\u00e9lectronique, si vous \u00eates \u00e0 la pointe de la technologie et qu&#8217;aucun d\u00e9tail ne vous \u00e9chappe, achetez M\u00e9moire RAM Corsair CMH32GX5M2B6000Z30K 32 GB DDR5 6000 MHz 4800 MHz cl30 au meilleur prix. La m\u00e9moire RAM Corsair Revenge RGB DDR5 CMH32GX5M2B6000Z30K est un kit haute performance compos\u00e9 de deux modules [&hellip;]<\/p>\n","protected":false},"featured_media":161649,"comment_status":"open","ping_status":"closed","template":"","meta":[],"product_brand":[857],"product_cat":[65,584,593],"product_tag":[106],"class_list":{"0":"post-161686","1":"product","2":"type-product","3":"status-publish","4":"has-post-thumbnail","6":"product_brand-brandp_3072","7":"product_cat-informatique-electronique","8":"product_cat-informatique-reseaux-et-composants","9":"product_cat-memoires-ram","10":"product_tag-tag_1295","12":"first","13":"instock","14":"taxable","15":"shipping-taxable","16":"purchasable","17":"product-type-simple"},"_links":{"self":[{"href":"https:\/\/bigbuy.tupique.com\/en\/wp-json\/wp\/v2\/product\/161686","targetHints":{"allow":["GET"]}}],"collection":[{"href":"https:\/\/bigbuy.tupique.com\/en\/wp-json\/wp\/v2\/product"}],"about":[{"href":"https:\/\/bigbuy.tupique.com\/en\/wp-json\/wp\/v2\/types\/product"}],"replies":[{"embeddable":true,"href":"https:\/\/bigbuy.tupique.com\/en\/wp-json\/wp\/v2\/comments?post=161686"}],"wp:featuredmedia":[{"embeddable":true,"href":"https:\/\/bigbuy.tupique.com\/en\/wp-json\/wp\/v2\/media\/161649"}],"wp:attachment":[{"href":"https:\/\/bigbuy.tupique.com\/en\/wp-json\/wp\/v2\/media?parent=161686"}],"wp:term":[{"taxonomy":"product_brand","embeddable":true,"href":"https:\/\/bigbuy.tupique.com\/en\/wp-json\/wp\/v2\/product_brand?post=161686"},{"taxonomy":"product_cat","embeddable":true,"href":"https:\/\/bigbuy.tupique.com\/en\/wp-json\/wp\/v2\/product_cat?post=161686"},{"taxonomy":"product_tag","embeddable":true,"href":"https:\/\/bigbuy.tupique.com\/en\/wp-json\/wp\/v2\/product_tag?post=161686"}],"curies":[{"name":"wp","href":"https:\/\/api.w.org\/{rel}","templated":true}]}}