{"id":161645,"date":"2026-04-10T03:21:02","date_gmt":"2026-04-10T02:21:02","guid":{"rendered":"https:\/\/bigbuy.tupique.com\/produto\/ram-memory-kingston-beast-16-gb-ddr4-ddr5-5600-mhz\/"},"modified":"2026-04-15T09:10:00","modified_gmt":"2026-04-15T08:10:00","slug":"ram-memory-kingston-beast-16-gb-ddr4-ddr5-5600-mhz","status":"publish","type":"product","link":"https:\/\/bigbuy.tupique.com\/en\/produto\/ram-memory-kingston-beast-16-gb-ddr4-ddr5-5600-mhz\/","title":{"rendered":"M\u00e9moire RAM Kingston Beast 16 GB DDR4 DDR5 5600 MHz"},"content":{"rendered":"<p>Si vous \u00eates passionn\u00e9 d&#8217;<b>informatique et d&#8217;\u00e9lectronique<\/b>, si vous \u00eates \u00e0 la pointe de la technologie et qu&#8217;aucun d\u00e9tail ne vous \u00e9chappe, achetez <b>M\u00e9moire RAM Kingston Beast 16 GB DDR4 DDR5 5600 MHz<\/b> au meilleur prix.<\/p>\n<p>La <b>m\u00e9moire RAM Beast de Kingston<\/b> est un module con\u00e7u pour offrir de hautes performances sur les syst\u00e8mes compatibles avec la derni\u00e8re g\u00e9n\u00e9ration de m\u00e9moires DDR5. Avec une capacit\u00e9 de <b>16 Go<\/b> en un seul module au format <b>DIMM<\/b>, ce produit garantit une am\u00e9lioration notable de la fluidit\u00e9 et de la vitesse de traitement des t\u00e2ches exigeantes, id\u00e9al pour le travail professionnel, le gaming ou le montage multim\u00e9dia avanc\u00e9. Il fonctionne \u00e0 une fr\u00e9quence de <b>5600 MHz<\/b>, assurant un transfert rapide et efficace des donn\u00e9es, favorisant les performances globales de l\u2019ordinateur et r\u00e9duisant les temps de r\u00e9ponse. De plus, il pr\u00e9sente une latence CL36, offrant un bon \u00e9quilibre entre vitesse et stabilit\u00e9 op\u00e9rationnelle. Ce module est aliment\u00e9 par une tension standard de <b>1,25 V<\/b>, compatible avec la plupart des cartes m\u00e8res modernes optimis\u00e9es pour DDR5, garantissant une faible consommation \u00e9nerg\u00e9tique dans sa cat\u00e9gorie. Sa finition de couleur <b>noir<\/b> lui conf\u00e8re un design sobre qui s\u2019int\u00e8gre facilement dans toute configuration mat\u00e9rielle. La compatibilit\u00e9 avec l\u2019architecture DDR5 permet de profiter des am\u00e9liorations techniques par rapport \u00e0 la DDR4, telles qu\u2019une plus grande bande passante et une latence r\u00e9duite, pour des \u00e9quipements avanc\u00e9s ou des extensions futures. En r\u00e9sum\u00e9, la m\u00e9moire <b>Kingston Beast 16GB DDR5 5600 MHz CL36 DIMM<\/b> est une option solide et \u00e9quilibr\u00e9e destin\u00e9e aux utilisateurs recherchant une grande vitesse et une efficacit\u00e9 sans compromettre la stabilit\u00e9, adapt\u00e9e aux besoins actuels de performance en informatique et jeux.<\/p>\n<ul>\n<li>Type:\n<ul>\n<li>M\u00e9moire (RAM)<\/li>\n<li>DDR5<\/li>\n<\/ul>\n<\/li>\n<li>Tension:\n<ul>\n<li>1,1 V<\/li>\n<li>1,25 V<\/li>\n<\/ul>\n<\/li>\n<li>Type de m\u00e9moire:\n<ul>\n<li>DIMM<\/li>\n<li>DDR5 SDRAM<\/li>\n<li>DDR4<\/li>\n<li>DDR5<\/li>\n<\/ul>\n<\/li>\n<li>Illumination: No<\/li>\n<li>Latence: CL36<\/li>\n<li>Utilisation recommand\u00e9e: PC<\/li>\n<li>Couleur: Noir<\/li>\n<li>M\u00e9moire RAM: 16 GB RAM<\/li>\n<li>Capacit\u00e9: 16 GB<\/li>\n<li>R\u00e9tro-\u00e9clair\u00e9: Non<\/li>\n<li>Facteur de forme:\n<ul>\n<li>288-pin DIMM<\/li>\n<li>RDIMM<\/li>\n<\/ul>\n<\/li>\n<li>Compatible:\n<ul>\n<li>PC<\/li>\n<li>Ordinateurs<\/li>\n<li>PC\/Server<\/li>\n<\/ul>\n<\/li>\n<li>Connexions: DIMM<\/li>\n<li>Format: 1 x 16 GB<\/li>\n<li>vitesse: 5600 MHz<\/li>\n<\/ul>","protected":false},"excerpt":{"rendered":"<p>Si vous \u00eates passionn\u00e9 d&#8217;informatique et d&#8217;\u00e9lectronique, si vous \u00eates \u00e0 la pointe de la technologie et qu&#8217;aucun d\u00e9tail ne vous \u00e9chappe, achetez M\u00e9moire RAM Kingston Beast 16 GB DDR4 DDR5 5600 MHz au meilleur prix. La m\u00e9moire RAM Beast de Kingston est un module con\u00e7u pour offrir de hautes performances sur les syst\u00e8mes compatibles [&hellip;]<\/p>\n","protected":false},"featured_media":161616,"comment_status":"open","ping_status":"closed","template":"","meta":[],"product_brand":[638],"product_cat":[65,584,593],"product_tag":[106],"class_list":{"0":"post-161645","1":"product","2":"type-product","3":"status-publish","4":"has-post-thumbnail","6":"product_brand-brandp_557","7":"product_cat-informatique-electronique","8":"product_cat-informatique-reseaux-et-composants","9":"product_cat-memoires-ram","10":"product_tag-tag_1295","12":"first","13":"instock","14":"taxable","15":"shipping-taxable","16":"purchasable","17":"product-type-simple"},"_links":{"self":[{"href":"https:\/\/bigbuy.tupique.com\/en\/wp-json\/wp\/v2\/product\/161645","targetHints":{"allow":["GET"]}}],"collection":[{"href":"https:\/\/bigbuy.tupique.com\/en\/wp-json\/wp\/v2\/product"}],"about":[{"href":"https:\/\/bigbuy.tupique.com\/en\/wp-json\/wp\/v2\/types\/product"}],"replies":[{"embeddable":true,"href":"https:\/\/bigbuy.tupique.com\/en\/wp-json\/wp\/v2\/comments?post=161645"}],"wp:featuredmedia":[{"embeddable":true,"href":"https:\/\/bigbuy.tupique.com\/en\/wp-json\/wp\/v2\/media\/161616"}],"wp:attachment":[{"href":"https:\/\/bigbuy.tupique.com\/en\/wp-json\/wp\/v2\/media?parent=161645"}],"wp:term":[{"taxonomy":"product_brand","embeddable":true,"href":"https:\/\/bigbuy.tupique.com\/en\/wp-json\/wp\/v2\/product_brand?post=161645"},{"taxonomy":"product_cat","embeddable":true,"href":"https:\/\/bigbuy.tupique.com\/en\/wp-json\/wp\/v2\/product_cat?post=161645"},{"taxonomy":"product_tag","embeddable":true,"href":"https:\/\/bigbuy.tupique.com\/en\/wp-json\/wp\/v2\/product_tag?post=161645"}],"curies":[{"name":"wp","href":"https:\/\/api.w.org\/{rel}","templated":true}]}}