{"id":161287,"date":"2026-04-10T02:29:26","date_gmt":"2026-04-10T01:29:26","guid":{"rendered":"https:\/\/bigbuy.tupique.com\/produto\/keyboard-case-kensington-sd5760t\/"},"modified":"2026-04-15T00:50:08","modified_gmt":"2026-04-14T23:50:08","slug":"keyboard-case-kensington-sd5760t","status":"publish","type":"product","link":"https:\/\/bigbuy.tupique.com\/en\/produto\/keyboard-case-kensington-sd5760t\/","title":{"rendered":"Housse pour clavier Kensington SD5760T"},"content":{"rendered":"<p>Si vous \u00eates passionn\u00e9 d&#8217;<b>informatique et d&#8217;\u00e9lectronique<\/b>, si vous \u00eates \u00e0 la pointe de la technologie et qu&#8217;aucun d\u00e9tail ne vous \u00e9chappe, achetez <b>Housse pour clavier Kensington SD5760T<\/b> au meilleur prix.<\/p>\n<ul>\n<li>Type:\n<ul>\n<li>Housse pour clavier<\/li>\n<li>Avec fil<\/li>\n<\/ul>\n<\/li>\n<li>Couleur: Gris<\/li>\n<li>Connexions:\n<ul>\n<li>HDMI<\/li>\n<li>RJ45<\/li>\n<li>USB x 2<\/li>\n<li>HDMI 2.0<\/li>\n<li>6<\/li>\n<li>2<\/li>\n<li>Thunderbolt 4 x 1<\/li>\n<li>Plug and play<\/li>\n<li>USB-C x 1<\/li>\n<li>Entr\u00e9e cartes microSD<\/li>\n<li>USB<\/li>\n<li>Micro SD<\/li>\n<li>Ethernet LAN<\/li>\n<li>Thunderbolt 4 x 2<\/li>\n<li>USB A 3.2 Gen 2 (3.1 Gen 2) x 2<\/li>\n<li>USB-C 3.2 Gen 1 (3.1 Gen 1)<\/li>\n<li>USB-A 3.2<\/li>\n<li>C\u00e2ble jack 3,3 mm<\/li>\n<\/ul>\n<\/li>\n<li>Ports: 2<\/li>\n<li>Bloc d\u2019Alimentation:\n<ul>\n<li>Avec fil<\/li>\n<li>CC<\/li>\n<\/ul>\n<\/li>\n<li>Compatible: Windows<\/li>\n<li>Caract\u00e9ristiques:\n<ul>\n<li>Plug and play<\/li>\n<li>Carte de lecture int\u00e9gr\u00e9e<\/li>\n<\/ul>\n<\/li>\n<li>vitesse: 10\/100\/1000 Mbps<\/li>\n<li>Connecteurs: Kensington<\/li>\n<\/ul>","protected":false},"excerpt":{"rendered":"<p>Si vous \u00eates passionn\u00e9 d&#8217;informatique et d&#8217;\u00e9lectronique, si vous \u00eates \u00e0 la pointe de la technologie et qu&#8217;aucun d\u00e9tail ne vous \u00e9chappe, achetez Housse pour clavier Kensington SD5760T au meilleur prix. Type: Housse pour clavier Avec fil Couleur: Gris Connexions: HDMI RJ45 USB x 2 HDMI 2.0 6 2 Thunderbolt 4 x 1 Plug and [&hellip;]<\/p>\n","protected":false},"featured_media":161280,"comment_status":"open","ping_status":"closed","template":"","meta":[],"product_brand":[997],"product_cat":[729,65,581],"product_tag":[106],"class_list":{"0":"post-161287","1":"product","2":"type-product","3":"status-publish","4":"has-post-thumbnail","6":"product_brand-brandp_910","7":"product_cat-claviers","8":"product_cat-informatique-electronique","9":"product_cat-informatique-peripheriques-et-consommables","10":"product_tag-tag_1295","12":"first","13":"instock","14":"taxable","15":"shipping-taxable","16":"purchasable","17":"product-type-simple"},"_links":{"self":[{"href":"https:\/\/bigbuy.tupique.com\/en\/wp-json\/wp\/v2\/product\/161287","targetHints":{"allow":["GET"]}}],"collection":[{"href":"https:\/\/bigbuy.tupique.com\/en\/wp-json\/wp\/v2\/product"}],"about":[{"href":"https:\/\/bigbuy.tupique.com\/en\/wp-json\/wp\/v2\/types\/product"}],"replies":[{"embeddable":true,"href":"https:\/\/bigbuy.tupique.com\/en\/wp-json\/wp\/v2\/comments?post=161287"}],"wp:featuredmedia":[{"embeddable":true,"href":"https:\/\/bigbuy.tupique.com\/en\/wp-json\/wp\/v2\/media\/161280"}],"wp:attachment":[{"href":"https:\/\/bigbuy.tupique.com\/en\/wp-json\/wp\/v2\/media?parent=161287"}],"wp:term":[{"taxonomy":"product_brand","embeddable":true,"href":"https:\/\/bigbuy.tupique.com\/en\/wp-json\/wp\/v2\/product_brand?post=161287"},{"taxonomy":"product_cat","embeddable":true,"href":"https:\/\/bigbuy.tupique.com\/en\/wp-json\/wp\/v2\/product_cat?post=161287"},{"taxonomy":"product_tag","embeddable":true,"href":"https:\/\/bigbuy.tupique.com\/en\/wp-json\/wp\/v2\/product_tag?post=161287"}],"curies":[{"name":"wp","href":"https:\/\/api.w.org\/{rel}","templated":true}]}}