{"id":16080,"date":"2026-03-29T13:21:37","date_gmt":"2026-03-29T12:21:37","guid":{"rendered":"https:\/\/bigbuy.tupique.com\/produto\/pc-speakers-steelseries-arena-7-rgb-black\/"},"modified":"2026-04-16T15:58:33","modified_gmt":"2026-04-16T14:58:33","slug":"pc-speakers-steelseries-arena-7-rgb-black","status":"publish","type":"product","link":"https:\/\/bigbuy.tupique.com\/en\/produto\/pc-speakers-steelseries-arena-7-rgb-black\/","title":{"rendered":"Haut-parleurs de PC SteelSeries Arena 7 RGB Noir"},"content":{"rendered":"<p>Si vous \u00eates passionn\u00e9 d&#8217;<b>informatique et d&#8217;\u00e9lectronique<\/b>, si vous \u00eates \u00e0 la pointe de la technologie et qu&#8217;aucun d\u00e9tail ne vous \u00e9chappe, achetez <b>Haut-parleurs de PC SteelSeries Arena 7 RGB Noir<\/b> au meilleur prix.<\/p>\n<p>Les <b>enceintes PC Arena 7<\/b> de <b>SteelSeries<\/b> se pr\u00e9sentent comme une solution polyvalente pour les utilisateurs recherchant qualit\u00e9 sonore et confort dans un seul appareil de bureau. Ce syst\u00e8me d\u2019enceintes 2 en 1 offre une configuration <b>2.1 canaux<\/b>, comprenant deux enceintes satellites et un caisson de basses int\u00e9gr\u00e9, offrant une exp\u00e9rience audio enrichie avec des basses profondes et un son clair, id\u00e9al pour le gaming, la musique et le multim\u00e9dia. Parmi ses caract\u00e9ristiques techniques, on trouve deux options de puissance adapt\u00e9es \u00e0 diff\u00e9rents environnements : <b>20 W<\/b> et <b>40 W<\/b>, permettant de choisir le volume et la puissance selon les besoins de l\u2019utilisateur. De plus, elles disposent d\u2019une connectivit\u00e9 sans fil via la technologie <b>Bluetooth 4.2<\/b> pour une connexion stable et rapide depuis ordinateurs, smartphones ou tablettes sans c\u00e2ble, tout en conservant la possibilit\u00e9 de connexion filaire, \u00e9largissant la compatibilit\u00e9 avec divers appareils. Leur design en <b>noir<\/b> allie fonctionnalit\u00e9 et esth\u00e9tique sobre, s\u2019int\u00e9grant facilement dans tout espace de travail ou gaming. Les enceintes <b>SteelSeries Arena 7<\/b> se distinguent par un syst\u00e8me 2 en 1 compact qui optimise l\u2019espace et facilite l\u2019installation, garantissant un son puissant et immersif adapt\u00e9 aux exigences des utilisateurs les plus exigeants. En r\u00e9sum\u00e9, cet \u00e9quipement combine puissance, connectivit\u00e9 et design pratique pour am\u00e9liorer l\u2019exp\u00e9rience sonore sur ordinateur.<\/p>\n<ul>\n<li>Caract\u00e9ristiques:\n<ul>\n<li>RGB<\/li>\n<li>2 Haut-parleurs<\/li>\n<\/ul>\n<\/li>\n<li>Connectivit\u00e9:\n<ul>\n<li>Bluetooth<\/li>\n<li>Bluetooth 4.2<\/li>\n<\/ul>\n<\/li>\n<li>Couleur: Noir<\/li>\n<li>Cha\u00eenes: 2.1<\/li>\n<li>Bloc d\u2019Alimentation: Avec fil<\/li>\n<li>Tension: 100 &#8211; 240 V<\/li>\n<li>Utilisation recommand\u00e9e: Ordinateur Portable<\/li>\n<li>Fr\u00e9quence d&#8217;entr\u00e9e AC: 50-60 Hz<\/li>\n<\/ul>","protected":false},"excerpt":{"rendered":"<p>Si vous \u00eates passionn\u00e9 d&#8217;informatique et d&#8217;\u00e9lectronique, si vous \u00eates \u00e0 la pointe de la technologie et qu&#8217;aucun d\u00e9tail ne vous \u00e9chappe, achetez Haut-parleurs de PC SteelSeries Arena 7 RGB Noir au meilleur prix. Les enceintes PC Arena 7 de SteelSeries se pr\u00e9sentent comme une solution polyvalente pour les utilisateurs recherchant qualit\u00e9 sonore et confort [&hellip;]<\/p>\n","protected":false},"featured_media":16077,"comment_status":"open","ping_status":"closed","template":"","meta":[],"product_brand":[791],"product_cat":[617,65,581],"product_tag":[213,59,106],"class_list":{"0":"post-16080","1":"product","2":"type-product","3":"status-publish","4":"has-post-thumbnail","6":"product_brand-brandp_625","7":"product_cat-enceintes-pc","8":"product_cat-informatique-electronique","9":"product_cat-informatique-peripheriques-et-consommables","10":"product_tag-tag_933","11":"product_tag-tag_1304","12":"product_tag-tag_1295","14":"first","15":"instock","16":"taxable","17":"shipping-taxable","18":"purchasable","19":"product-type-simple"},"_links":{"self":[{"href":"https:\/\/bigbuy.tupique.com\/en\/wp-json\/wp\/v2\/product\/16080","targetHints":{"allow":["GET"]}}],"collection":[{"href":"https:\/\/bigbuy.tupique.com\/en\/wp-json\/wp\/v2\/product"}],"about":[{"href":"https:\/\/bigbuy.tupique.com\/en\/wp-json\/wp\/v2\/types\/product"}],"replies":[{"embeddable":true,"href":"https:\/\/bigbuy.tupique.com\/en\/wp-json\/wp\/v2\/comments?post=16080"}],"wp:featuredmedia":[{"embeddable":true,"href":"https:\/\/bigbuy.tupique.com\/en\/wp-json\/wp\/v2\/media\/16077"}],"wp:attachment":[{"href":"https:\/\/bigbuy.tupique.com\/en\/wp-json\/wp\/v2\/media?parent=16080"}],"wp:term":[{"taxonomy":"product_brand","embeddable":true,"href":"https:\/\/bigbuy.tupique.com\/en\/wp-json\/wp\/v2\/product_brand?post=16080"},{"taxonomy":"product_cat","embeddable":true,"href":"https:\/\/bigbuy.tupique.com\/en\/wp-json\/wp\/v2\/product_cat?post=16080"},{"taxonomy":"product_tag","embeddable":true,"href":"https:\/\/bigbuy.tupique.com\/en\/wp-json\/wp\/v2\/product_tag?post=16080"}],"curies":[{"name":"wp","href":"https:\/\/api.w.org\/{rel}","templated":true}]}}