{"id":160415,"date":"2026-04-09T23:45:22","date_gmt":"2026-04-09T22:45:22","guid":{"rendered":"https:\/\/bigbuy.tupique.com\/produto\/electric-heater-cointra-tdf-plus-150\/"},"modified":"2026-05-11T19:56:27","modified_gmt":"2026-05-11T17:56:27","slug":"electric-heater-cointra-tdf-plus-150","status":"publish","type":"product","link":"https:\/\/bigbuy.tupique.com\/en\/produto\/electric-heater-cointra-tdf-plus-150\/","title":{"rendered":"Chauffage \u00e9lectrique Cointra TDF Plus 150"},"content":{"rendered":"<p>Si vous aimez prendre soin de chaque d\u00e9tail de votre maison et d&#8217;\u00eatre \u00e0 la derni\u00e8re mode en mati\u00e8re de produits qui vous rendront la vie plus facile, achetez <b>Chauffage \u00e9lectrique Cointra TDF Plus 150<\/b> au meilleur prix.<\/p>\n<ul>\n<li>Type:\n<ul>\n<li>Chauffage<\/li>\n<li>\u00c9lectrique<\/li>\n<\/ul>\n<\/li>\n<li>Couleur: Blanc<\/li>\n<li>Caract\u00e9ristiques:\n<ul>\n<li>\u00c9cran integr\u00e9<\/li>\n<li>Temp\u00e9rature r\u00e9glable<\/li>\n<li>Batterie solaire<\/li>\n<\/ul>\n<\/li>\n<li>Classification \u00e9nerg\u00e9tique: C<\/li>\n<li>Fr\u00e9quence: 50 Hz<\/li>\n<li>Inclut: Ecran<\/li>\n<li>Thermostat: R\u00e9glable<\/li>\n<li>Niveau sonore: 15 dB<\/li>\n<li>Design: Vertical<\/li>\n<li>Classification IP: IPX4<\/li>\n<li>Tension d&#8217;entr\u00e9e AC: 230 V<\/li>\n<\/ul>","protected":false},"excerpt":{"rendered":"<p>Si vous aimez prendre soin de chaque d\u00e9tail de votre maison et d&#8217;\u00eatre \u00e0 la derni\u00e8re mode en mati\u00e8re de produits qui vous rendront la vie plus facile, achetez Chauffage \u00e9lectrique Cointra TDF Plus 150 au meilleur prix. Type: Chauffage \u00c9lectrique Couleur: Blanc Caract\u00e9ristiques: \u00c9cran integr\u00e9 Temp\u00e9rature r\u00e9glable Batterie solaire Classification \u00e9nerg\u00e9tique: C Fr\u00e9quence: 50 [&hellip;]<\/p>\n","protected":false},"featured_media":160414,"comment_status":"open","ping_status":"closed","template":"","meta":[],"product_brand":[1605],"product_cat":[613,239],"product_tag":[210],"class_list":{"0":"post-160415","1":"product","2":"type-product","3":"status-publish","4":"has-post-thumbnail","6":"product_brand-brandp_1169","7":"product_cat-bricolage-et-materiel","8":"product_cat-maison-jardin","9":"product_tag-tag_25","11":"first","12":"instock","13":"taxable","14":"shipping-taxable","15":"purchasable","16":"product-type-simple"},"_links":{"self":[{"href":"https:\/\/bigbuy.tupique.com\/en\/wp-json\/wp\/v2\/product\/160415","targetHints":{"allow":["GET"]}}],"collection":[{"href":"https:\/\/bigbuy.tupique.com\/en\/wp-json\/wp\/v2\/product"}],"about":[{"href":"https:\/\/bigbuy.tupique.com\/en\/wp-json\/wp\/v2\/types\/product"}],"replies":[{"embeddable":true,"href":"https:\/\/bigbuy.tupique.com\/en\/wp-json\/wp\/v2\/comments?post=160415"}],"wp:featuredmedia":[{"embeddable":true,"href":"https:\/\/bigbuy.tupique.com\/en\/wp-json\/wp\/v2\/media\/160414"}],"wp:attachment":[{"href":"https:\/\/bigbuy.tupique.com\/en\/wp-json\/wp\/v2\/media?parent=160415"}],"wp:term":[{"taxonomy":"product_brand","embeddable":true,"href":"https:\/\/bigbuy.tupique.com\/en\/wp-json\/wp\/v2\/product_brand?post=160415"},{"taxonomy":"product_cat","embeddable":true,"href":"https:\/\/bigbuy.tupique.com\/en\/wp-json\/wp\/v2\/product_cat?post=160415"},{"taxonomy":"product_tag","embeddable":true,"href":"https:\/\/bigbuy.tupique.com\/en\/wp-json\/wp\/v2\/product_tag?post=160415"}],"curies":[{"name":"wp","href":"https:\/\/api.w.org\/{rel}","templated":true}]}}