{"id":160404,"date":"2026-04-09T23:44:56","date_gmt":"2026-04-09T22:44:56","guid":{"rendered":"https:\/\/bigbuy.tupique.com\/produto\/monitor-benq-bl3290qt-quad-hd-32-75-hz\/"},"modified":"2026-04-15T02:20:59","modified_gmt":"2026-04-15T01:20:59","slug":"monitor-benq-bl3290qt-quad-hd-32-75-hz","status":"publish","type":"product","link":"https:\/\/bigbuy.tupique.com\/en\/produto\/monitor-benq-bl3290qt-quad-hd-32-75-hz\/","title":{"rendered":"\u00c9cran BenQ BL3290QT Quad HD 32&#8243; 75 Hz"},"content":{"rendered":"<p>Si vous \u00eates passionn\u00e9 d&#8217;<b>informatique et d&#8217;\u00e9lectronique<\/b>, si vous \u00eates \u00e0 la pointe de la technologie et qu&#8217;aucun d\u00e9tail ne vous \u00e9chappe, achetez <b>\u00c9cran BenQ BL3290QT Quad HD 32&#8243; 75 Hz<\/b> au meilleur prix.<\/p>\n<ul>\n<li>Couleur: Noir<\/li>\n<li>Ecran:\n<ul>\n<li>31,5&#8243;<\/li>\n<li>32&#8243;<\/li>\n<\/ul>\n<\/li>\n<li>Technologie:\n<ul>\n<li>LED<\/li>\n<li>IPS<\/li>\n<\/ul>\n<\/li>\n<li>DisplayPort: Oui<\/li>\n<li>R\u00e9solution: Quad HD<\/li>\n<li>Tension: 100-240 V<\/li>\n<li>puissance: 4 W<\/li>\n<li>Ecran tactile: Non<\/li>\n<li>Connexions:\n<ul>\n<li>HDMI 1.4<\/li>\n<li>HDMI<\/li>\n<li>USB<\/li>\n<li>DisplayPort<\/li>\n<\/ul>\n<\/li>\n<li>R\u00e9solution (px): 2560 x 1440 px<\/li>\n<li>Diagonale de l&#8217;\u00e9cran (cm):\n<ul>\n<li>80 cm<\/li>\n<li>81,3 cm<\/li>\n<\/ul>\n<\/li>\n<li>Jeux: Non<\/li>\n<li>VESA: 10 x 10 cm<\/li>\n<li>Fr\u00e9quence: 75 Hz<\/li>\n<li>Caract\u00e9ristiques: Plaque Tournante<\/li>\n<li>Rapport d&#8217;aspect: 16:9<\/li>\n<li>Ports: 1<\/li>\n<li>Temps de r\u00e9ponse: 5 ms<\/li>\n<li>Classification \u00e9nerg\u00e9tique: F<\/li>\n<\/ul>","protected":false},"excerpt":{"rendered":"<p>Si vous \u00eates passionn\u00e9 d&#8217;informatique et d&#8217;\u00e9lectronique, si vous \u00eates \u00e0 la pointe de la technologie et qu&#8217;aucun d\u00e9tail ne vous \u00e9chappe, achetez \u00c9cran BenQ BL3290QT Quad HD 32&#8243; 75 Hz au meilleur prix. Couleur: Noir Ecran: 31,5&#8243; 32&#8243; Technologie: LED IPS DisplayPort: Oui R\u00e9solution: Quad HD Tension: 100-240 V puissance: 4 W Ecran tactile: [&hellip;]<\/p>\n","protected":false},"featured_media":160392,"comment_status":"open","ping_status":"closed","template":"","meta":[],"product_brand":[664],"product_cat":[65,581,616],"product_tag":[213,106],"class_list":{"0":"post-160404","1":"product","2":"type-product","3":"status-publish","4":"has-post-thumbnail","6":"product_brand-brandp_537","7":"product_cat-informatique-electronique","8":"product_cat-informatique-peripheriques-et-consommables","9":"product_cat-moniteurs","10":"product_tag-tag_933","11":"product_tag-tag_1295","13":"first","14":"instock","15":"taxable","16":"shipping-taxable","17":"purchasable","18":"product-type-simple"},"_links":{"self":[{"href":"https:\/\/bigbuy.tupique.com\/en\/wp-json\/wp\/v2\/product\/160404","targetHints":{"allow":["GET"]}}],"collection":[{"href":"https:\/\/bigbuy.tupique.com\/en\/wp-json\/wp\/v2\/product"}],"about":[{"href":"https:\/\/bigbuy.tupique.com\/en\/wp-json\/wp\/v2\/types\/product"}],"replies":[{"embeddable":true,"href":"https:\/\/bigbuy.tupique.com\/en\/wp-json\/wp\/v2\/comments?post=160404"}],"wp:featuredmedia":[{"embeddable":true,"href":"https:\/\/bigbuy.tupique.com\/en\/wp-json\/wp\/v2\/media\/160392"}],"wp:attachment":[{"href":"https:\/\/bigbuy.tupique.com\/en\/wp-json\/wp\/v2\/media?parent=160404"}],"wp:term":[{"taxonomy":"product_brand","embeddable":true,"href":"https:\/\/bigbuy.tupique.com\/en\/wp-json\/wp\/v2\/product_brand?post=160404"},{"taxonomy":"product_cat","embeddable":true,"href":"https:\/\/bigbuy.tupique.com\/en\/wp-json\/wp\/v2\/product_cat?post=160404"},{"taxonomy":"product_tag","embeddable":true,"href":"https:\/\/bigbuy.tupique.com\/en\/wp-json\/wp\/v2\/product_tag?post=160404"}],"curies":[{"name":"wp","href":"https:\/\/api.w.org\/{rel}","templated":true}]}}