{"id":16006,"date":"2026-03-29T13:20:05","date_gmt":"2026-03-29T12:20:05","guid":{"rendered":"https:\/\/bigbuy.tupique.com\/produto\/steam-iron-laurastar-000-0339-515-2200-w-pink\/"},"modified":"2026-04-16T19:06:11","modified_gmt":"2026-04-16T18:06:11","slug":"steam-iron-laurastar-000-0339-515-2200-w-pink","status":"publish","type":"product","link":"https:\/\/bigbuy.tupique.com\/en\/produto\/steam-iron-laurastar-000-0339-515-2200-w-pink\/","title":{"rendered":"Fer \u00e0 vapeur Laurastar 000.0339.515 2200 W Rose"},"content":{"rendered":"<p>Si vous recherchez des \u00e9lectrom\u00e9nagers pour votre maison aux meilleurs prix, ne manquez pas <b>Fer \u00e0 vapeur Laurastar 000.0339.515 2200 W Rose<\/b> et une large s\u00e9lection de petits \u00e9lectrom\u00e9nagers de qualit\u00e9 !<\/p>\n<p>La <b>centrale vapeur Laurastar Lift + Pinky Pop<\/b> est un appareil professionnel con\u00e7u pour offrir un repassage efficace et de haute qualit\u00e9 gr\u00e2ce \u00e0 son <b>g\u00e9n\u00e9rateur de vapeur avec une pression de 3,5 bars<\/b>, garantissant un d\u00e9bit de vapeur constant et puissant. Elle dispose d\u2019un <b>r\u00e9servoir amovible d\u2019une capacit\u00e9 de 1,10 litre<\/b>, offrant une autonomie quasi illimit\u00e9e pour des sessions de repassage longues sans interruption. Son design int\u00e8gre une semelle active 3D, facilitant un glissement optimal et s\u00fbr sur les v\u00eatements, permettant un acc\u00e8s facile aux zones difficiles comme les poignets et cols, ainsi que le repassage vertical, id\u00e9al pour les tissus d\u00e9licats et les v\u00eatements suspendus. Le temps de chauffe est rapide, atteignant la temp\u00e9rature id\u00e9ale en seulement <b>3 minutes<\/b>, ce qui acc\u00e9l\u00e8re le processus et am\u00e9liore l\u2019exp\u00e9rience utilisateur. Pour prot\u00e9ger et prolonger la dur\u00e9e de vie de la centrale et des v\u00eatements, elle int\u00e8gre une cartouche anticalcaire qui r\u00e9duit l\u2019accumulation de d\u00e9p\u00f4ts min\u00e9raux. Ce mod\u00e8le se distingue \u00e9galement par sa fonction de pressage \u00e0 vapeur s\u00e8che, combinant la puissance de la vapeur avec un repassage ma\u00eetris\u00e9 pour des finitions professionnelles. Elle p\u00e8se environ <b>5,5 kg<\/b> et pr\u00e9sente des dimensions compactes de <b>28 x 28 cm<\/b>, facilitant son transport et son rangement, et est disponible en couleurs \u00e9l\u00e9gantes <b>noir<\/b> et moderne <b>rose (Pinky Pop)<\/b>, s\u2019adaptant \u00e0 diff\u00e9rents go\u00fbts esth\u00e9tiques. La connexion est compatible avec les prises europ\u00e9ennes standard (EU), garantissant son utilisation dans une grande partie de la r\u00e9gion. Tout cela fait de cette centrale un outil polyvalent et robuste pour les utilisateurs exigeants qui recherchent une performance fiable \u00e0 la maison comme en milieu professionnel. En r\u00e9sum\u00e9, la Laurastar Lift + Pinky Pop offre une solution avanc\u00e9e et pratique pour le soin optimal du linge gr\u00e2ce \u00e0 une technologie efficace et un design pens\u00e9 pour le confort et la durabilit\u00e9.<\/p>\n<ul>\n<li>puissance: 2200 W<\/li>\n<li>Couleur:\n<ul>\n<li>Rose<\/li>\n<li>Noir<\/li>\n<\/ul>\n<\/li>\n<li>Type: Fer \u00e0 vapeur<\/li>\n<li>Produit \u00e0 brancher: Oui<\/li>\n<li>Type de prise: Prise EU<\/li>\n<li>Bloc d\u2019Alimentation: r\u00e9seau \u00e9lectrique<\/li>\n<li>Largeur: 28 cm<\/li>\n<li>Profondeur: 28 cm<\/li>\n<li>Dimensions approx.: 30 x 30 x 51 cm<\/li>\n<\/ul>","protected":false},"excerpt":{"rendered":"<p>Si vous recherchez des \u00e9lectrom\u00e9nagers pour votre maison aux meilleurs prix, ne manquez pas Fer \u00e0 vapeur Laurastar 000.0339.515 2200 W Rose et une large s\u00e9lection de petits \u00e9lectrom\u00e9nagers de qualit\u00e9 ! La centrale vapeur Laurastar Lift + Pinky Pop est un appareil professionnel con\u00e7u pour offrir un repassage efficace et de haute qualit\u00e9 gr\u00e2ce [&hellip;]<\/p>\n","protected":false},"featured_media":16001,"comment_status":"open","ping_status":"closed","template":"","meta":[],"product_brand":[810],"product_cat":[239,240,751],"product_tag":[59,56],"class_list":{"0":"post-16006","1":"product","2":"type-product","3":"status-publish","4":"has-post-thumbnail","6":"product_brand-brandp_5473","7":"product_cat-maison-jardin","8":"product_cat-nettoyage-aspirateur-et-repassage","9":"product_cat-seche-linge-fers-a-repasser-sechoirs","10":"product_tag-tag_1304","11":"product_tag-tag_930","13":"first","14":"instock","15":"taxable","16":"shipping-taxable","17":"purchasable","18":"product-type-simple"},"_links":{"self":[{"href":"https:\/\/bigbuy.tupique.com\/en\/wp-json\/wp\/v2\/product\/16006","targetHints":{"allow":["GET"]}}],"collection":[{"href":"https:\/\/bigbuy.tupique.com\/en\/wp-json\/wp\/v2\/product"}],"about":[{"href":"https:\/\/bigbuy.tupique.com\/en\/wp-json\/wp\/v2\/types\/product"}],"replies":[{"embeddable":true,"href":"https:\/\/bigbuy.tupique.com\/en\/wp-json\/wp\/v2\/comments?post=16006"}],"wp:featuredmedia":[{"embeddable":true,"href":"https:\/\/bigbuy.tupique.com\/en\/wp-json\/wp\/v2\/media\/16001"}],"wp:attachment":[{"href":"https:\/\/bigbuy.tupique.com\/en\/wp-json\/wp\/v2\/media?parent=16006"}],"wp:term":[{"taxonomy":"product_brand","embeddable":true,"href":"https:\/\/bigbuy.tupique.com\/en\/wp-json\/wp\/v2\/product_brand?post=16006"},{"taxonomy":"product_cat","embeddable":true,"href":"https:\/\/bigbuy.tupique.com\/en\/wp-json\/wp\/v2\/product_cat?post=16006"},{"taxonomy":"product_tag","embeddable":true,"href":"https:\/\/bigbuy.tupique.com\/en\/wp-json\/wp\/v2\/product_tag?post=16006"}],"curies":[{"name":"wp","href":"https:\/\/api.w.org\/{rel}","templated":true}]}}