{"id":15998,"date":"2026-03-29T13:19:54","date_gmt":"2026-03-29T12:19:54","guid":{"rendered":"https:\/\/bigbuy.tupique.com\/produto\/steam-iron-laurastar-000-0301-520-black-2200-w\/"},"modified":"2026-04-16T19:06:12","modified_gmt":"2026-04-16T18:06:12","slug":"steam-iron-laurastar-000-0301-520-black-2200-w","status":"publish","type":"product","link":"https:\/\/bigbuy.tupique.com\/en\/produto\/steam-iron-laurastar-000-0301-520-black-2200-w\/","title":{"rendered":"Fer \u00e0 vapeur Laurastar 000.0301.520 Noir 2200 W"},"content":{"rendered":"<p>Si vous recherchez des \u00e9lectrom\u00e9nagers pour votre maison aux meilleurs prix, ne manquez pas <b>Fer \u00e0 vapeur Laurastar 000.0301.520 Noir 2200 W<\/b> et une large s\u00e9lection de petits \u00e9lectrom\u00e9nagers de qualit\u00e9 !<\/p>\n<p>La <b>centrale vapeur<\/b> <b>Laurastar Lift Plus Black<\/b> est un g\u00e9n\u00e9rateur de vapeur portable con\u00e7u pour offrir des performances optimales dans l\u2019entretien et la finition des v\u00eatements. Avec une capacit\u00e9 de <b>1,1 litre<\/b> d\u2019eau et une puissance de <b>2200 W<\/b>, cette centrale garantit un d\u00e9bit continu et puissant de vapeur qui facilite le lissage, le repassage et m\u00eame l\u2019hygi\u00e9nisation des tissus avec plus d\u2019efficacit\u00e9. Son design \u00e9l\u00e9gant en <b>noir<\/b> allie fonctionnalit\u00e9 et style, tandis que son poids de <b>5,5 kg<\/b> et ses dimensions compactes de <b>28 cm<\/b> la rendent maniable et adapt\u00e9e \u00e0 un usage domestique ou en voyage, toujours avec une prise conforme aux normes europ\u00e9ennes (prise EU). La technologie de semelle <b>3D<\/b> int\u00e9gr\u00e9e au mod\u00e8le Laurastar Lift Plus Ultimate permet un glissement plus uniforme et \u00e9vite la formation de plis, am\u00e9liorant la finition sur tous types de tissus. Cet appareil 3 en 1 ne sert pas seulement \u00e0 repasser, mais aussi \u00e0 lisser et hygi\u00e9niser, offrant un espace multit\u00e2che gr\u00e2ce \u00e0 son g\u00e9n\u00e9rateur de vapeur performant int\u00e9gr\u00e9 qui procure une exp\u00e9rience compl\u00e8te de soin textile. Sa combinaison de caract\u00e9ristiques techniques robustes et de facilit\u00e9 d\u2019utilisation positionne cette centrale vapeur Laurastar comme une solution polyvalente et efficace pour ceux qui recherchent des r\u00e9sultats professionnels sur leurs v\u00eatements avec un produit con\u00e7u pour durer et performer \u00e0 la demande.<\/p>\n<ul>\n<li>Couleur:\n<ul>\n<li>Noir<\/li>\n<li>noir<\/li>\n<\/ul>\n<\/li>\n<li>puissance: 2200 W<\/li>\n<li>Type: Fer \u00e0 vapeur<\/li>\n<li>Produit \u00e0 brancher: Oui<\/li>\n<li>Type de prise: Prise EU<\/li>\n<li>Bloc d\u2019Alimentation: r\u00e9seau \u00e9lectrique<\/li>\n<li>Largeur:\n<ul>\n<li>30 cm<\/li>\n<li>28 cm<\/li>\n<\/ul>\n<\/li>\n<li>Profondeur:\n<ul>\n<li>28 cm<\/li>\n<li>30 cm<\/li>\n<\/ul>\n<\/li>\n<li>Vapeur continue: 150 g\/min<\/li>\n<li>Capacit\u00e9: 1,1 L<\/li>\n<\/ul>","protected":false},"excerpt":{"rendered":"<p>Si vous recherchez des \u00e9lectrom\u00e9nagers pour votre maison aux meilleurs prix, ne manquez pas Fer \u00e0 vapeur Laurastar 000.0301.520 Noir 2200 W et une large s\u00e9lection de petits \u00e9lectrom\u00e9nagers de qualit\u00e9 ! La centrale vapeur Laurastar Lift Plus Black est un g\u00e9n\u00e9rateur de vapeur portable con\u00e7u pour offrir des performances optimales dans l\u2019entretien et la [&hellip;]<\/p>\n","protected":false},"featured_media":175785,"comment_status":"open","ping_status":"closed","template":"","meta":[],"product_brand":[810],"product_cat":[239,240,751],"product_tag":[59,56],"class_list":{"0":"post-15998","1":"product","2":"type-product","3":"status-publish","4":"has-post-thumbnail","6":"product_brand-brandp_5473","7":"product_cat-maison-jardin","8":"product_cat-nettoyage-aspirateur-et-repassage","9":"product_cat-seche-linge-fers-a-repasser-sechoirs","10":"product_tag-tag_1304","11":"product_tag-tag_930","13":"first","14":"instock","15":"taxable","16":"shipping-taxable","17":"purchasable","18":"product-type-simple"},"_links":{"self":[{"href":"https:\/\/bigbuy.tupique.com\/en\/wp-json\/wp\/v2\/product\/15998","targetHints":{"allow":["GET"]}}],"collection":[{"href":"https:\/\/bigbuy.tupique.com\/en\/wp-json\/wp\/v2\/product"}],"about":[{"href":"https:\/\/bigbuy.tupique.com\/en\/wp-json\/wp\/v2\/types\/product"}],"replies":[{"embeddable":true,"href":"https:\/\/bigbuy.tupique.com\/en\/wp-json\/wp\/v2\/comments?post=15998"}],"wp:featuredmedia":[{"embeddable":true,"href":"https:\/\/bigbuy.tupique.com\/en\/wp-json\/wp\/v2\/media\/175785"}],"wp:attachment":[{"href":"https:\/\/bigbuy.tupique.com\/en\/wp-json\/wp\/v2\/media?parent=15998"}],"wp:term":[{"taxonomy":"product_brand","embeddable":true,"href":"https:\/\/bigbuy.tupique.com\/en\/wp-json\/wp\/v2\/product_brand?post=15998"},{"taxonomy":"product_cat","embeddable":true,"href":"https:\/\/bigbuy.tupique.com\/en\/wp-json\/wp\/v2\/product_cat?post=15998"},{"taxonomy":"product_tag","embeddable":true,"href":"https:\/\/bigbuy.tupique.com\/en\/wp-json\/wp\/v2\/product_tag?post=15998"}],"curies":[{"name":"wp","href":"https:\/\/api.w.org\/{rel}","templated":true}]}}