{"id":15990,"date":"2026-03-29T13:19:45","date_gmt":"2026-03-29T12:19:45","guid":{"rendered":"https:\/\/bigbuy.tupique.com\/produto\/printer-brother-hlj6010dwre1-wi-fi-a3\/"},"modified":"2026-05-11T20:02:38","modified_gmt":"2026-05-11T18:02:38","slug":"printer-brother-hlj6010dwre1-wi-fi-a3","status":"publish","type":"product","link":"https:\/\/bigbuy.tupique.com\/en\/produto\/printer-brother-hlj6010dwre1-wi-fi-a3\/","title":{"rendered":"Imprimante Brother HLJ6010DWRE1 Wi-Fi A3"},"content":{"rendered":"<p>Si vous \u00eates passionn\u00e9 d&#8217;<b>informatique et d&#8217;\u00e9lectronique<\/b>, si vous \u00eates \u00e0 la pointe de la technologie et qu&#8217;aucun d\u00e9tail ne vous \u00e9chappe, achetez <b>Imprimante Brother HLJ6010DWRE1 Wi-Fi A3<\/b> au meilleur prix.<\/p>\n<p>La <b>Brother HLJ6010DWRE1<\/b> est une imprimante multifonction con\u00e7ue pour offrir une impression rapide et de haute qualit\u00e9 jusqu\u2019au format <b>A3<\/b>. Sa technologie <b>jet d\u2019encre<\/b> permet de produire des impressions couleur nettes et pr\u00e9cises, adapt\u00e9es aux environnements professionnels comme aux travaux n\u00e9cessitant un format papier plus grand que la normale. L\u2019imprimante se distingue par sa <b>vitesse d\u2019impression de 30 ppm<\/b>, garantissant une productivit\u00e9 efficace dans les bureaux ou espaces demandant un volume important de documents. C\u00f4t\u00e9 connectivit\u00e9, elle int\u00e8gre des technologies modernes telles que le <b>Wi-Fi 4 (802.11n)<\/b> et le <b>NFC<\/b>, facilitant l\u2019impression sans fil depuis mobiles et ordinateurs sans c\u00e2ble, ainsi que la connexion rapide par approche pour transf\u00e9rer les travaux d\u2019impression. Elle dispose \u00e9galement de ports physiques comme le <b>USB 2.0<\/b>, assurant la compatibilit\u00e9 avec les \u00e9quipements n\u00e9cessitant une connexion directe. Son design comprend un <b>\u00e9cran int\u00e9gr\u00e9<\/b> permettant de g\u00e9rer les fonctions de base et configurer les impressions sans d\u00e9pendre uniquement d\u2019un ordinateur, offrant confort et simplicit\u00e9 d\u2019utilisation. La combinaison de ses fonctions et caract\u00e9ristiques rend la HLJ6010DWRE1 polyvalente et adapt\u00e9e \u00e0 ceux qui recherchent un appareil capable d\u2019imprimer en grands formats, avec une connectivit\u00e9 avanc\u00e9e et une vitesse notable. Cette imprimante repr\u00e9sente une solution \u00e9quilibr\u00e9e pour les utilisateurs valorisant la qualit\u00e9 et la rapidit\u00e9 d\u2019impression couleur sur formats larges avec des options de connexion fiables.<\/p>\n<ul>\n<li>Connectivit\u00e9:\n<ul>\n<li>Wi-Fi<\/li>\n<li>Wi-Fi 4 (802.11n)<\/li>\n<li>Ethernet LAN<\/li>\n<li>NFC<\/li>\n<\/ul>\n<\/li>\n<li>Type:\n<ul>\n<li>Imprimante laser<\/li>\n<li>Imprimante<\/li>\n<\/ul>\n<\/li>\n<li>Produit \u00e0 brancher: Oui<\/li>\n<li>Type de prise: Prise EU<\/li>\n<li>Bloc d\u2019Alimentation: r\u00e9seau \u00e9lectrique<\/li>\n<li>Couleur:\n<ul>\n<li>Gris<\/li>\n<li>Blanc<\/li>\n<li>Noir<\/li>\n<\/ul>\n<\/li>\n<li>Taille: A3<\/li>\n<li>Caract\u00e9ristiques:\n<ul>\n<li>\u00c9cran integr\u00e9<\/li>\n<li>Impression recto verso<\/li>\n<li>Commande tactile<\/li>\n<\/ul>\n<\/li>\n<li>Connexions:\n<ul>\n<li>USB<\/li>\n<li>USB 2.0<\/li>\n<\/ul>\n<\/li>\n<li>Syst\u00e8me d&#8217;exploitation: Windows 10<\/li>\n<li>Technologie: Injection d&#8217;encre<\/li>\n<li>vitesse:\n<ul>\n<li>21 ppm<\/li>\n<li>30 ppm<\/li>\n<\/ul>\n<\/li>\n<li>Capacit\u00e9: 250 Volets<\/li>\n<li>Compatible:\n<ul>\n<li>Smartphones, t\u00e9l\u00e9phones mobiles<\/li>\n<li>Linux<\/li>\n<\/ul>\n<\/li>\n<li>puissance: 5 W<\/li>\n<li>Volume sonore: 53 dB<\/li>\n<li>Papier: C5<\/li>\n<li>Utilisation recommand\u00e9e: Maison<\/li>\n<li>Plateau: 2<\/li>\n<li>R\u00e9solution d&#8217;image maximale: 1200 x 4800 dpi<\/li>\n<\/ul>","protected":false},"excerpt":{"rendered":"<p>Si vous \u00eates passionn\u00e9 d&#8217;informatique et d&#8217;\u00e9lectronique, si vous \u00eates \u00e0 la pointe de la technologie et qu&#8217;aucun d\u00e9tail ne vous \u00e9chappe, achetez Imprimante Brother HLJ6010DWRE1 Wi-Fi A3 au meilleur prix. La Brother HLJ6010DWRE1 est une imprimante multifonction con\u00e7ue pour offrir une impression rapide et de haute qualit\u00e9 jusqu\u2019au format A3. Sa technologie jet d\u2019encre [&hellip;]<\/p>\n","protected":false},"featured_media":15987,"comment_status":"open","ping_status":"closed","template":"","meta":[],"product_brand":[669],"product_cat":[592,65,581],"product_tag":[213,59,106],"class_list":{"0":"post-15990","1":"product","2":"type-product","3":"status-publish","4":"has-post-thumbnail","6":"product_brand-brandp_538","7":"product_cat-imprimantes","8":"product_cat-informatique-electronique","9":"product_cat-informatique-peripheriques-et-consommables","10":"product_tag-tag_933","11":"product_tag-tag_1304","12":"product_tag-tag_1295","14":"first","15":"instock","16":"taxable","17":"shipping-taxable","18":"purchasable","19":"product-type-simple"},"_links":{"self":[{"href":"https:\/\/bigbuy.tupique.com\/en\/wp-json\/wp\/v2\/product\/15990","targetHints":{"allow":["GET"]}}],"collection":[{"href":"https:\/\/bigbuy.tupique.com\/en\/wp-json\/wp\/v2\/product"}],"about":[{"href":"https:\/\/bigbuy.tupique.com\/en\/wp-json\/wp\/v2\/types\/product"}],"replies":[{"embeddable":true,"href":"https:\/\/bigbuy.tupique.com\/en\/wp-json\/wp\/v2\/comments?post=15990"}],"wp:featuredmedia":[{"embeddable":true,"href":"https:\/\/bigbuy.tupique.com\/en\/wp-json\/wp\/v2\/media\/15987"}],"wp:attachment":[{"href":"https:\/\/bigbuy.tupique.com\/en\/wp-json\/wp\/v2\/media?parent=15990"}],"wp:term":[{"taxonomy":"product_brand","embeddable":true,"href":"https:\/\/bigbuy.tupique.com\/en\/wp-json\/wp\/v2\/product_brand?post=15990"},{"taxonomy":"product_cat","embeddable":true,"href":"https:\/\/bigbuy.tupique.com\/en\/wp-json\/wp\/v2\/product_cat?post=15990"},{"taxonomy":"product_tag","embeddable":true,"href":"https:\/\/bigbuy.tupique.com\/en\/wp-json\/wp\/v2\/product_tag?post=15990"}],"curies":[{"name":"wp","href":"https:\/\/api.w.org\/{rel}","templated":true}]}}